{"id":113,"date":"2023-02-27T14:19:36","date_gmt":"2023-02-27T13:19:36","guid":{"rendered":"https:\/\/www2.dijonformation.com\/?page_id=113"},"modified":"2023-12-05T17:17:44","modified_gmt":"2023-12-05T16:17:44","slug":"bachelor-achat-logistique","status":"publish","type":"page","link":"https:\/\/dijonformation.com\/index.php\/bachelor-achat-logistique\/","title":{"rendered":"Bachelor Achat Logistique"},"content":{"rendered":"<div  data-label=\"Content\" data-id=\"content--1\" data-export-id=\"content-7\" data-category=\"content\" class=\"content-7 content-section content-section-spacing\" id=\"content-1\" style=\"background-color: rgb(255, 255, 255);\"><div  class=\"gridContainer\"> <div  class=\"row middle-sm\"><div  class=\"col-sm-6 space-bottom-xs content-right-sm\" data-type=\"column\">  <p  class=\"\" style=\"text-align: center;\"><span  style=\"color: rgb(0, 0, 0);\">Dijon Formation, sp\u00e9cialiste de la formation sup\u00e9rieure\r\n<br >par alternance en Bourgogne vous propose la formation Bachelor Achat Logistique d\u2019un an.<\/span><br ><span  style=\"color: rgb(0, 0, 0);\">Cette formation conduit \u00e0 l\u2019obtention du titre de niveau 6 \r\n<br >Responsable d\u2019Unit\u00e9 Op\u00e9rationnel(le), certification enregistr\u00e9e au RNCP \r\n<br >par arr\u00eat\u00e9 du 14 octobre 2020 d\u00e9livr\u00e9e \r\n<br >par Ascencia Business School et l\u2019Association pour le Coll\u00e8ge de Paris.<\/span><\/p> <\/div> <div  class=\"col-sm-6 content-right-sm\" data-type=\"column\"> <img  decoding=\"async\" class=\"shadow-large\" src=\"http:\/\/www2.dijonformation.com\/wp-content\/uploads\/2023\/02\/college-de-paris-logo-300x152-2.png\" title=\"college-de-paris-logo-300x152 (2)\" alt=\"\"><\/div> <\/div><\/div> <\/div><div  data-label=\"Content\" data-id=\"content--2\" data-export-id=\"content-12\" data-category=\"content\" class=\"content-12 content-section content-section-spacing\" id=\"content-2\" style=\"background-color: rgb(245, 250, 253);\"><div  class=\"gridContainer\"> <div  class=\"row text-center\"><div  class=\"section-title-col\" data-type=\"column\"> <h2  class=\"\"><span  style=\"color: rgb(255, 97, 0);\">Objectifs de la formation&nbsp;Bachelor Achat Logistique<\/span><\/h2> <\/div> <\/div> <div  class=\"row center-xs middle-xs\"> <div  class=\"col-sm-9\" data-type=\"column\"><p  class=\"lead\">Contribuer au d\u00e9ploiement de la strat\u00e9gie d\u2019entreprise<br >\r\nPiloter et accompagner son organisation<br >\r\nG\u00e9rer les ressources financi\u00e8res ou humaines<br >\r\nAnalyser les risques et la qualit\u00e9 des processus<\/p> <\/div> <\/div><\/div> <\/div><div  data-label=\"Cta\" data-id=\"cta--1\" data-export-id=\"cta-blue-section\" data-category=\"cta\" class=\"cta-blue-section content-section content-section-spacing-medium bg-color1 white-text\" id=\"cta-1\" style=\"background-image: none; background-color: rgb(78, 77, 82);\"><div  class=\"gridContainer\"> <div  class=\"row middle-xs\"><div  class=\"col-sm-8 space-bottom-xs\" data-type=\"column\"> <h2  class=\"\"><span  style=\"font-weight: 600; font-family: &quot;Open Sans&quot;, arial, helvetica, sans-serif;\">T\u00e9l\u00e9charger la fiche d\u00e9taill\u00e9e de la formation&nbsp;Bachelor Achat Logistique<\/span><\/h2> <\/div> <div  class=\"col-sm-4 end-sm\" data-type=\"column\"> <a class=\"button color1\" href=\"https:\/\/www.dijonformation.com\/wp-content\/uploads\/2023\/03\/Programme-BAL-2022.pdf\" target=\"_self\" data-cp-link=\"1\" data-icon=\"\" rel=\"noopener\">T\u00e9l\u00e9charger<\/a><\/div> <\/div><\/div> <\/div><div  data-label=\"Counters\" data-id=\"counters--1\" data-export-id=\"counters-1\" data-category=\"counters\" class=\"counters-1 content-section content-section-spacing\" id=\"counters-1\" style=\"background-color: rgb(255, 255, 255);\"><div  class=\"gridContainer\"> <div  class=\"row text-center\"><div  class=\"section-title-col\" data-type=\"column\"> <h2  class=\"\">Taux de r\u00e9ussite<\/h2> <\/div> <\/div> <div  class=\"row spaced-cols\" data-type=\"row\" data-fixed=\"true\"> <div  class=\"col-xs-12 col-sm-4 space-bottom-small col-padding-xs\"> <div  class=\"circle-counter color1\"> <svg  class=\"circle-svg\" viewBox=\"0 0 100 100\"> <circle  r=\"48\" stroke-linecap=\"round\" cx=\"50\" cy=\"50\" fill=\"transparent\" stroke-dasharray=\"301.6\" stroke-dashoffset=\"301.6px\"><\/circle> <circle  class=\"circle-bar\" r=\"48\" stroke-linecap=\"round\" cx=\"50\" cy=\"50\" fill=\"transparent\" stroke-dasharray=\"301.6\" stroke-dashoffset=\"301.6px\" style=\"stroke-dashoffset: 0px;\"><\/circle><\/svg> <div  class=\"circle-content\"><h2  class=\"font-100\" data-min=\"0\" data-max=\"100\" data-stop=\"100\" data-prefix=\"\" data-suffix=\"%\" data-countup=\"true\" data-duration=\"2000\"><\/h2> <p ><span  style=\"color: rgb(255, 97, 0);\">2023<\/span><\/p><\/div> <\/div><\/div>   <\/div><\/div> <\/div><div  data-label=\"Overlappable\" data-id=\"overlappable--2\" data-export-id=\"overlappable-4\" data-category=\"overlappable\" class=\"overlappable-4 content-section content-section-spacing\" data-overlap=\"true\" id=\"overlappable-2\" style=\"background-color: rgb(255, 255, 255);\"><div  class=\"gridContainer\"> <div  data-type=\"row\" class=\"row spaced-cols text-center\"><div  class=\"col-xs-12 col-sm-4 col-padding\"> <i  class=\"fa icon shadow-large-black aligncenter fa-clock-o reverse round big color1\"><\/i> <div  data-type=\"column\" class=\"\"> <h5  class=\"\">Dur\u00e9e<\/h5> <p  class=\"\"><span  style=\"color: rgb(255, 97, 0);\">1 an<\/span><\/p><\/div> <\/div> <div  class=\"col-xs-12 col-sm-4 col-padding\"> <i  class=\"fa icon shadow-large-black aligncenter fa-calendar reverse round big color1\"><\/i> <div  data-type=\"column\" class=\"\"><h5  class=\"\">Rythme<\/h5> <p  class=\"\"><span  style=\"color: rgb(255, 97, 0);\">2 jours en formation\r\n<br >3 jours en entreprise<\/span><\/p><\/div> <\/div> <div  class=\"col-xs-12 col-sm-4 col-padding\"> <i  class=\"fa icon shadow-large-black aligncenter fa-align-justify reverse round big color1\"><\/i> <div  data-type=\"column\" class=\"\"><h5  class=\"\">VAE<\/h5> <p  class=\"\">&nbsp;<\/p><\/div> <\/div><div  class=\"col-xs-12 col-sm-4 col-padding\"> <i  class=\"fa icon shadow-large-black aligncenter fa-male reverse round big color1\"><\/i> <div  data-type=\"column\" class=\"\"> <h5  class=\"\">Post<\/h5> <p  class=\"\"><span  style=\"color: rgb(255, 97, 0);\">BAC +2<\/span><\/p><\/div> <\/div><div  class=\"col-xs-12 col-sm-4 col-padding\"> <i  class=\"fa icon shadow-large-black aligncenter fa-building reverse round big color1\"><\/i> <div  data-type=\"column\" class=\"\"> <h5  class=\"\">Campus<\/h5> <p  class=\"\"><span  style=\"color: rgb(255, 97, 0);\">Dijon Formation\r\n<\/span><br ><span  style=\"color: rgb(255, 97, 0);\">Accessible aux personnes \u00e0 mobilit\u00e9 r\u00e9duite<\/span><\/p><\/div> <\/div><div  class=\"col-xs-12 col-sm-4 col-padding\"> <i  class=\"fa icon shadow-large-black aligncenter fa-folder reverse round big color1\"><\/i> <div  data-type=\"column\" class=\"\"> <h5  class=\"\">Acces<\/h5> <p  class=\"\"><span  style=\"color: rgb(255, 97, 0);\">Contrat Pro\r\n<\/span><br ><span  style=\"color: rgb(255, 97, 0);\">Contrat d\u2019Apprentissage\r\n<\/span><br ><span  style=\"color: rgb(255, 97, 0);\">Pro A\r\n<\/span><br ><span  style=\"color: rgb(255, 97, 0);\">CPF<\/span><\/p><\/div> <\/div><\/div> <\/div><\/div><div  data-label=\"Overlappable\" data-id=\"overlappable--1\" data-export-id=\"overlappable-2\" data-category=\"overlappable\" class=\"overlappable-2 content-section content-section-spacing\" data-overlap=\"true\" id=\"overlappable-1\" style=\"background-color: rgb(255, 255, 255);\"><div  class=\"gridContainer\"> <div  class=\"row middle-sm shadow-medium bg-color-white\"><div  class=\"col-xs-12 col-sm-4 top-sm col-padding col-padding-xs\" data-type=\"column\"><img  decoding=\"async\" class=\"custom-image\" src=\"http:\/\/www2.dijonformation.com\/wp-content\/uploads\/2023\/02\/LOGO-DF-HD-avec-marge.png\" title=\"LOGO DF HD avec marge\" alt=\"\">   <\/div> <div  class=\"col-xs-12 col-sm-8\"><div  data-type=\"row\" class=\"row\"> <div  class=\"col-xs-12 col-sm-6 col-padding col-padding-small-xs\"><i  class=\"fa icon bordered round fa-paper-plane color1\"><\/i> <h5  class=\"\"><span  style=\"color: rgb(255, 97, 0);\">Comp\u00e9tences vis\u00e9es<\/span><\/h5> <p  class=\"\"><span  style=\"color: rgb(52, 58, 64);\">G\u00e9rer les variations de stocks<\/span><br ><span  style=\"color: rgb(52, 58, 64);\">Piloter les relations fournisseurs<\/span><br ><span  style=\"color: rgb(52, 58, 64);\">Assurer les contraintes d\u2019achats<\/span><br ><span  style=\"color: rgb(52, 58, 64);\">D\u00e9velopper le e-achat<\/span><\/p><\/div> <div  class=\"col-xs-12 col-sm-6 col-padding col-padding-small-xs\"><i  class=\"fa icon fa-align-justify bordered round color1\"><\/i> <h5  class=\"\"><span  style=\"color: rgb(255, 97, 0);\">Programme de formation<\/span><\/h5> <p  class=\"\"><span  style=\"color: rgb(52, 58, 64);\">1 : Traduction op\u00e9rationnelle des axes strat\u00e9giques de l\u2019entreprise<\/span><br ><span  style=\"color: rgb(52, 58, 64);\">2 : Pilotage et contr\u00f4le des moyens d\u2019une unit\u00e9, d\u2019un d\u00e9partement<\/span><br ><span  style=\"color: rgb(52, 58, 64);\">3 : Gestion des ressources humaines et pilotage du management<\/span><span  id=\"_mce_caret\" data-mce-bogus=\"1\" data-mce-type=\"format-caret\"><span  style=\"color: rgb(52, 58, 64);\">\ufeff<\/span><\/span><\/p><\/div> <div  class=\"col-xs-12 col-sm-6 col-padding col-padding-small-xs\"><i  class=\"fa icon bordered round fa-cubes color1\"><\/i> <h5  class=\"\"><span  style=\"color: rgb(255, 97, 0);\">Modalit\u00e9 d\u2019\u00e9valuation<\/span><\/h5> <p  class=\"\"><span  style=\"color: rgb(52, 58, 64);\">Contr\u00f4le continu<\/span><br ><span  style=\"color: rgb(52, 58, 64);\">\r\nDossier<\/span><\/p><\/div> <div  class=\"col-xs-12 col-sm-6 col-padding col-padding-small-xs\"> <i  class=\"fa icon fa-star-half-full bordered round color1\"><\/i> <h5  class=\"\"><span  style=\"color: rgb(255, 97, 0);\">Emplois accessibles<\/span><\/h5> <p  class=\"\"><span  style=\"color: rgb(52, 58, 64);\">Assistant approvisionnement<\/span><br ><span  style=\"color: rgb(52, 58, 64);\">Assistant gestionnaire de stock<\/span><br ><span  style=\"color: rgb(52, 58, 64);\">Responsable Achats\r\n<br ><\/span><span style=\"color: rgb(52, 58, 64);\" >Assistant logistique<\/span><br ><span  style=\"color: rgb(52, 58, 64);\">Responsable Logistique&nbsp;<\/span><br ><span  style=\"color: rgb(52, 58, 64);\">Responsable approvisionnement<\/span><br ><span  style=\"color: rgb(52, 58, 64);\">Acheteur import\u2026<\/span><\/p><\/div> <\/div><\/div> <\/div><\/div> <\/div><div  data-label=\"Content\" data-id=\"content--3\" data-export-id=\"content-12\" data-category=\"content\" class=\"content-12 content-section content-section-spacing\" id=\"content-3\" style=\"background-color: rgb(245, 250, 253);\"><div  class=\"gridContainer\"> <div  class=\"row text-center\"><div  class=\"section-title-col\" data-type=\"column\"> <h2  class=\"\"><span  style=\"color: rgb(255, 97, 0);\">Conditions d\u2019admission pour la formation<\/span><br ><span  style=\"color: rgb(255, 97, 0);\">\r\nBachelor<\/span> <span  style=\"color: rgb(255, 97, 0);\">Achat-Logistique<\/span><span  id=\"_mce_caret\" data-mce-bogus=\"1\" data-mce-type=\"format-caret\"><span  style=\"color: rgb(255, 97, 0);\">\ufeff<\/span><\/span><\/h2> <\/div> <\/div> <div  class=\"row center-xs middle-xs\"> <div  class=\"col-sm-9\" data-type=\"column\"><p  class=\"lead\" style=\"text-align: left;\">La formation est organis\u00e9e par Dijon Formation et elle est ouverte aux candidats titulaires d\u2019un BAC +2 valid\u00e9 ou ayant suivi un enseignement de niveau III, ou aux personnes pouvant justifier de 3 ann\u00e9es d\u2019exp\u00e9rience dans le secteur.<br >\r\nLa s\u00e9lection se fait sur \u00e9tude du dossier de candidature et entretien individuel de motivation au sein de Dijon Formation apr\u00e8s inscription en ligne pr\u00e9alable sur le site internet www.dijonformation.com sur lequel vous cr\u00e9ez votre espace de candidature en ligne.<\/p> <\/div> <\/div><\/div> <\/div>","protected":false},"excerpt":{"rendered":"<p>Dijon Formation, sp\u00e9cialiste de la formation sup\u00e9rieure par alternance en Bourgogne vous propose la formation Bachelor Achat Logistique d\u2019un an.Cette formation conduit \u00e0 l\u2019obtention du titre de niveau 6 Responsable d\u2019Unit\u00e9 Op\u00e9rationnel(le), certification enregistr\u00e9e au RNCP par arr\u00eat\u00e9 du 14 octobre 2020 d\u00e9livr\u00e9e par Ascencia Business School et l\u2019Association pour le Coll\u00e8ge de Paris. Objectifs&hellip; <br \/> <a class=\"read-more\" href=\"https:\/\/dijonformation.com\/index.php\/bachelor-achat-logistique\/\">Read more<\/a><\/p>\n","protected":false},"author":1,"featured_media":0,"parent":0,"menu_order":0,"comment_status":"closed","ping_status":"closed","template":"pro\/page-templates\/full-width-page.php","meta":{"om_disable_all_campaigns":false,"_uf_show_specific_survey":0,"_uf_disable_surveys":false,"footnotes":""},"class_list":["post-113","page","type-page","status-publish","hentry"],"aioseo_notices":[],"yoast_head":"<!-- This site is optimized with the Yoast SEO plugin v26.8 - https:\/\/yoast.com\/product\/yoast-seo-wordpress\/ -->\n<title>Bachelor Achat Logistique<\/title>\n<meta name=\"description\" content=\"Dijon Formation forme ses futurs alternants au Bachelor Achat Logistique et sp\u00e9cialise ses Bac+3 au monde de la logistique.\" \/>\n<meta name=\"robots\" content=\"index, follow, max-snippet:-1, max-image-preview:large, max-video-preview:-1\" \/>\n<link rel=\"canonical\" href=\"https:\/\/dijonformation.com\/index.php\/bachelor-achat-logistique\/\" \/>\n<meta property=\"og:locale\" content=\"fr_FR\" \/>\n<meta property=\"og:type\" content=\"article\" \/>\n<meta property=\"og:title\" content=\"Bachelor Achat Logistique\" \/>\n<meta property=\"og:description\" content=\"Dijon Formation forme ses futurs alternants au Bachelor Achat Logistique et sp\u00e9cialise ses Bac+3 au monde de la logistique.\" \/>\n<meta property=\"og:url\" content=\"https:\/\/dijonformation.com\/index.php\/bachelor-achat-logistique\/\" \/>\n<meta property=\"og:site_name\" content=\"Dijon Formation\" \/>\n<meta property=\"article:publisher\" content=\"https:\/\/www.facebook.com\/dijonfo\/\" \/>\n<meta property=\"article:modified_time\" content=\"2023-12-05T16:17:44+00:00\" \/>\n<meta property=\"og:image\" content=\"http:\/\/www2.dijonformation.com\/wp-content\/uploads\/2023\/02\/college-de-paris-logo-300x152-2.png\" \/>\n<meta name=\"twitter:card\" content=\"summary_large_image\" \/>\n<meta name=\"twitter:label1\" content=\"Dur\u00e9e de lecture estim\u00e9e\" \/>\n\t<meta name=\"twitter:data1\" content=\"2 minutes\" \/>\n<script type=\"application\/ld+json\" class=\"yoast-schema-graph\">{\"@context\":\"https:\/\/schema.org\",\"@graph\":[{\"@type\":\"WebPage\",\"@id\":\"https:\/\/dijonformation.com\/index.php\/bachelor-achat-logistique\/\",\"url\":\"https:\/\/dijonformation.com\/index.php\/bachelor-achat-logistique\/\",\"name\":\"Bachelor Achat Logistique\",\"isPartOf\":{\"@id\":\"https:\/\/dijonformation.com\/#website\"},\"primaryImageOfPage\":{\"@id\":\"https:\/\/dijonformation.com\/index.php\/bachelor-achat-logistique\/#primaryimage\"},\"image\":{\"@id\":\"https:\/\/dijonformation.com\/index.php\/bachelor-achat-logistique\/#primaryimage\"},\"thumbnailUrl\":\"http:\/\/www2.dijonformation.com\/wp-content\/uploads\/2023\/02\/college-de-paris-logo-300x152-2.png\",\"datePublished\":\"2023-02-27T13:19:36+00:00\",\"dateModified\":\"2023-12-05T16:17:44+00:00\",\"description\":\"Dijon Formation forme ses futurs alternants au Bachelor Achat Logistique et sp\u00e9cialise ses Bac+3 au monde de la logistique.\",\"breadcrumb\":{\"@id\":\"https:\/\/dijonformation.com\/index.php\/bachelor-achat-logistique\/#breadcrumb\"},\"inLanguage\":\"fr-FR\",\"potentialAction\":[{\"@type\":\"ReadAction\",\"target\":[\"https:\/\/dijonformation.com\/index.php\/bachelor-achat-logistique\/\"]}]},{\"@type\":\"ImageObject\",\"inLanguage\":\"fr-FR\",\"@id\":\"https:\/\/dijonformation.com\/index.php\/bachelor-achat-logistique\/#primaryimage\",\"url\":\"http:\/\/www2.dijonformation.com\/wp-content\/uploads\/2023\/02\/college-de-paris-logo-300x152-2.png\",\"contentUrl\":\"http:\/\/www2.dijonformation.com\/wp-content\/uploads\/2023\/02\/college-de-paris-logo-300x152-2.png\"},{\"@type\":\"BreadcrumbList\",\"@id\":\"https:\/\/dijonformation.com\/index.php\/bachelor-achat-logistique\/#breadcrumb\",\"itemListElement\":[{\"@type\":\"ListItem\",\"position\":1,\"name\":\"Accueil\",\"item\":\"https:\/\/dijonformation.com\/\"},{\"@type\":\"ListItem\",\"position\":2,\"name\":\"Bachelor Achat Logistique\"}]},{\"@type\":\"WebSite\",\"@id\":\"https:\/\/dijonformation.com\/#website\",\"url\":\"https:\/\/dijonformation.com\/\",\"name\":\"Dijon Formation\",\"description\":\"Dijon Formation l&#039;\u00e9cole sup\u00e9rieure 100% alternance de Bac +2 \u00e0 Bac +5\",\"publisher\":{\"@id\":\"https:\/\/dijonformation.com\/#organization\"},\"potentialAction\":[{\"@type\":\"SearchAction\",\"target\":{\"@type\":\"EntryPoint\",\"urlTemplate\":\"https:\/\/dijonformation.com\/?s={search_term_string}\"},\"query-input\":{\"@type\":\"PropertyValueSpecification\",\"valueRequired\":true,\"valueName\":\"search_term_string\"}}],\"inLanguage\":\"fr-FR\"},{\"@type\":\"Organization\",\"@id\":\"https:\/\/dijonformation.com\/#organization\",\"name\":\"Dijon Formation\",\"url\":\"https:\/\/dijonformation.com\/\",\"logo\":{\"@type\":\"ImageObject\",\"inLanguage\":\"fr-FR\",\"@id\":\"https:\/\/dijonformation.com\/#\/schema\/logo\/image\/\",\"url\":\"https:\/\/dijonformation.com\/wp-content\/uploads\/2024\/03\/cropped-LOGO-SITE-DIJON-ISMACC-1.png\",\"contentUrl\":\"https:\/\/dijonformation.com\/wp-content\/uploads\/2024\/03\/cropped-LOGO-SITE-DIJON-ISMACC-1.png\",\"width\":3248,\"height\":512,\"caption\":\"Dijon Formation\"},\"image\":{\"@id\":\"https:\/\/dijonformation.com\/#\/schema\/logo\/image\/\"},\"sameAs\":[\"https:\/\/www.facebook.com\/dijonfo\/\",\"https:\/\/www.linkedin.com\/company\/dijon-formation\",\"https:\/\/www.instagram.com\/dijon_formation\/\"]}]}<\/script>\n<!-- \/ Yoast SEO plugin. -->","yoast_head_json":{"title":"Bachelor Achat Logistique","description":"Dijon Formation forme ses futurs alternants au Bachelor Achat Logistique et sp\u00e9cialise ses Bac+3 au monde de la logistique.","robots":{"index":"index","follow":"follow","max-snippet":"max-snippet:-1","max-image-preview":"max-image-preview:large","max-video-preview":"max-video-preview:-1"},"canonical":"https:\/\/dijonformation.com\/index.php\/bachelor-achat-logistique\/","og_locale":"fr_FR","og_type":"article","og_title":"Bachelor Achat Logistique","og_description":"Dijon Formation forme ses futurs alternants au Bachelor Achat Logistique et sp\u00e9cialise ses Bac+3 au monde de la logistique.","og_url":"https:\/\/dijonformation.com\/index.php\/bachelor-achat-logistique\/","og_site_name":"Dijon Formation","article_publisher":"https:\/\/www.facebook.com\/dijonfo\/","article_modified_time":"2023-12-05T16:17:44+00:00","og_image":[{"url":"http:\/\/www2.dijonformation.com\/wp-content\/uploads\/2023\/02\/college-de-paris-logo-300x152-2.png","type":"","width":"","height":""}],"twitter_card":"summary_large_image","twitter_misc":{"Dur\u00e9e de lecture estim\u00e9e":"2 minutes"},"schema":{"@context":"https:\/\/schema.org","@graph":[{"@type":"WebPage","@id":"https:\/\/dijonformation.com\/index.php\/bachelor-achat-logistique\/","url":"https:\/\/dijonformation.com\/index.php\/bachelor-achat-logistique\/","name":"Bachelor Achat Logistique","isPartOf":{"@id":"https:\/\/dijonformation.com\/#website"},"primaryImageOfPage":{"@id":"https:\/\/dijonformation.com\/index.php\/bachelor-achat-logistique\/#primaryimage"},"image":{"@id":"https:\/\/dijonformation.com\/index.php\/bachelor-achat-logistique\/#primaryimage"},"thumbnailUrl":"http:\/\/www2.dijonformation.com\/wp-content\/uploads\/2023\/02\/college-de-paris-logo-300x152-2.png","datePublished":"2023-02-27T13:19:36+00:00","dateModified":"2023-12-05T16:17:44+00:00","description":"Dijon Formation forme ses futurs alternants au Bachelor Achat Logistique et sp\u00e9cialise ses Bac+3 au monde de la logistique.","breadcrumb":{"@id":"https:\/\/dijonformation.com\/index.php\/bachelor-achat-logistique\/#breadcrumb"},"inLanguage":"fr-FR","potentialAction":[{"@type":"ReadAction","target":["https:\/\/dijonformation.com\/index.php\/bachelor-achat-logistique\/"]}]},{"@type":"ImageObject","inLanguage":"fr-FR","@id":"https:\/\/dijonformation.com\/index.php\/bachelor-achat-logistique\/#primaryimage","url":"http:\/\/www2.dijonformation.com\/wp-content\/uploads\/2023\/02\/college-de-paris-logo-300x152-2.png","contentUrl":"http:\/\/www2.dijonformation.com\/wp-content\/uploads\/2023\/02\/college-de-paris-logo-300x152-2.png"},{"@type":"BreadcrumbList","@id":"https:\/\/dijonformation.com\/index.php\/bachelor-achat-logistique\/#breadcrumb","itemListElement":[{"@type":"ListItem","position":1,"name":"Accueil","item":"https:\/\/dijonformation.com\/"},{"@type":"ListItem","position":2,"name":"Bachelor Achat Logistique"}]},{"@type":"WebSite","@id":"https:\/\/dijonformation.com\/#website","url":"https:\/\/dijonformation.com\/","name":"Dijon Formation","description":"Dijon Formation l&#039;\u00e9cole sup\u00e9rieure 100% alternance de Bac +2 \u00e0 Bac +5","publisher":{"@id":"https:\/\/dijonformation.com\/#organization"},"potentialAction":[{"@type":"SearchAction","target":{"@type":"EntryPoint","urlTemplate":"https:\/\/dijonformation.com\/?s={search_term_string}"},"query-input":{"@type":"PropertyValueSpecification","valueRequired":true,"valueName":"search_term_string"}}],"inLanguage":"fr-FR"},{"@type":"Organization","@id":"https:\/\/dijonformation.com\/#organization","name":"Dijon Formation","url":"https:\/\/dijonformation.com\/","logo":{"@type":"ImageObject","inLanguage":"fr-FR","@id":"https:\/\/dijonformation.com\/#\/schema\/logo\/image\/","url":"https:\/\/dijonformation.com\/wp-content\/uploads\/2024\/03\/cropped-LOGO-SITE-DIJON-ISMACC-1.png","contentUrl":"https:\/\/dijonformation.com\/wp-content\/uploads\/2024\/03\/cropped-LOGO-SITE-DIJON-ISMACC-1.png","width":3248,"height":512,"caption":"Dijon Formation"},"image":{"@id":"https:\/\/dijonformation.com\/#\/schema\/logo\/image\/"},"sameAs":["https:\/\/www.facebook.com\/dijonfo\/","https:\/\/www.linkedin.com\/company\/dijon-formation","https:\/\/www.instagram.com\/dijon_formation\/"]}]}},"_links":{"self":[{"href":"https:\/\/dijonformation.com\/index.php\/wp-json\/wp\/v2\/pages\/113","targetHints":{"allow":["GET"]}}],"collection":[{"href":"https:\/\/dijonformation.com\/index.php\/wp-json\/wp\/v2\/pages"}],"about":[{"href":"https:\/\/dijonformation.com\/index.php\/wp-json\/wp\/v2\/types\/page"}],"author":[{"embeddable":true,"href":"https:\/\/dijonformation.com\/index.php\/wp-json\/wp\/v2\/users\/1"}],"replies":[{"embeddable":true,"href":"https:\/\/dijonformation.com\/index.php\/wp-json\/wp\/v2\/comments?post=113"}],"version-history":[{"count":24,"href":"https:\/\/dijonformation.com\/index.php\/wp-json\/wp\/v2\/pages\/113\/revisions"}],"predecessor-version":[{"id":2036,"href":"https:\/\/dijonformation.com\/index.php\/wp-json\/wp\/v2\/pages\/113\/revisions\/2036"}],"wp:attachment":[{"href":"https:\/\/dijonformation.com\/index.php\/wp-json\/wp\/v2\/media?parent=113"}],"curies":[{"name":"wp","href":"https:\/\/api.w.org\/{rel}","templated":true}]}}