{"id":261,"date":"2023-02-28T14:11:35","date_gmt":"2023-02-28T13:11:35","guid":{"rendered":"https:\/\/www2.dijonformation.com\/?page_id=261"},"modified":"2024-04-29T10:19:30","modified_gmt":"2024-04-29T08:19:30","slug":"pedagogie-learn-to-do-together","status":"publish","type":"page","link":"https:\/\/dijonformation.com\/index.php\/pedagogie-learn-to-do-together\/","title":{"rendered":"P\u00e9dagogie"},"content":{"rendered":"<div  data-label=\"Content\" data-id=\"content--1\" data-export-id=\"content-8\" data-category=\"content\" class=\"content-8 content-section content-section-spacing\" id=\"content-1\" style=\"background-color: rgb(245, 250, 253);\"><div  class=\"gridContainer\"> <div  class=\"row middle-sm\"><div  class=\"col-sm-6 space-bottom-xs space-top-xs\" data-type=\"column\"> <img  decoding=\"async\" class=\"shadow-large\" src=\"http:\/\/www2.dijonformation.com\/wp-content\/uploads\/2023\/03\/visuel-a3-df-2.png\" title=\"visuel a3 df 2\" alt=\"\"><\/div> <div  class=\"col-sm-6\" data-type=\"column\"><h3 class=\"\" ><span style=\"font-weight: 700; color: rgb(255, 97, 0);\" >Notre atout, la p\u00e9dagogie :<\/span><\/h3> <p  class=\"\" style=\"text-align: justify;\"><span style=\"color: rgb(60, 66, 79);\" >Notre \u00e9cole sup\u00e9rieure sp\u00e9cialiste de l&#8217;alternance se distingue par son engagement envers chaque \u00e9tudiant. Nous croyons fermement que chaque \u00e9tudiant m\u00e9rite une exp\u00e9rience d&#8217;apprentissage enrichissante et personnalis\u00e9e. C&#8217;est pourquoi nous mettons en \u0153uvre une approche p\u00e9dagogique professionnalisante, alliant th\u00e9orie et pratique de mani\u00e8re \u00e9quilibr\u00e9e. Nos enseignants, experts dans leur domaine, accompagnent nos \u00e9tudiants \u00e0 chaque \u00e9tape de leur parcours, les encourageant \u00e0 explorer, \u00e0 exp\u00e9rimenter et \u00e0 d\u00e9velopper pleinement leurs comp\u00e9tences. Gr\u00e2ce \u00e0 cette approche interactive et participative, nos dipl\u00f4m\u00e9s sont pr\u00eats \u00e0 relever les d\u00e9fis du monde professionnel.<\/span><\/p> <\/div> <\/div><\/div> <\/div><div  data-label=\"Features\" data-id=\"features--1\" data-export-id=\"features-13\" data-category=\"features\" class=\"features-13 content-section content-section-spacing\" id=\"features-1\" style=\"background-color: rgb(255, 255, 255);\"><div  class=\"gridContainer\"> <div  class=\"row text-center\"><div  class=\"section-title-col\" data-type=\"column\">  <h3 class=\"\" >Satisfaction des \u00e9tudiants<\/h3><\/div> <\/div> <div  class=\"row spaced-cols center-sm\" data-type=\"row\"> <div  class=\"col col-sm-6 col-md-3 space-bottom\"> <i  class=\"fa icon fa-users big color1\"><\/i> <h4  class=\"\"><span  style=\"color: rgb(60, 66, 79);\">Disponibilit\u00e9 \r\n<br >des \u00e9quipes<\/span><\/h4>  <\/div> <div  class=\"col col-sm-6 col-md-3 space-bottom\"><i  class=\"fa icon fa-support big color1\"><\/i> <h4  class=\"\"><span  style=\"color: rgb(60, 66, 79);\">Soutien \r\n<br >pendant la formation<\/span><\/h4>  <\/div> <div  class=\"col col-sm-6 col-md-3 space-bottom\"><i  class=\"fa icon fa-user-plus big color1\"><\/i> <h4  class=\"\"><span  style=\"color: rgb(60, 66, 79);\">Accompagnement p\u00e9dagogique<\/span><\/h4>  <\/div> <div  class=\"col col-sm-6 col-md-3 space-bottom\"><i  class=\"fa icon fa-calendar big color1\"><\/i> <h4  class=\"\"><span  style=\"color: rgb(60, 66, 79);\">Suivi \r\n<br >en entreprise<\/span><\/h4>  <\/div> <div  class=\"col col-sm-6 col-md-3 space-bottom\"> <i  class=\"fa icon fa-long-arrow-up big color1\"><\/i> <h4  class=\"\"><span  style=\"color: rgb(60, 66, 79);\">Qualit\u00e9 g\u00e9n\u00e9rale \r\n<br >de la formation<\/span><\/h4>  <\/div><div  class=\"col col-sm-6 col-md-3 space-bottom\"> <i  class=\"fa icon fa-building-o big color1\"><\/i> <h4  class=\"\"><span  style=\"color: rgb(60, 66, 79);\">Organisation \r\n<br >des centres de formation<\/span><\/h4>  <\/div><div  class=\"col col-sm-6 col-md-3 space-bottom\"> <i  class=\"fa icon fa-envira big color1\"><\/i> <h4  class=\"\">Environnements<br >de travail<\/h4>  <\/div><div  class=\"col col-sm-6 col-md-3 space-bottom\"> <i  class=\"fa icon fa-desktop big color1\"><\/i> <h4  class=\"\"><span  style=\"color: rgb(255, 97, 0);\"><span style=\"color: rgb(60, 66, 79);\" >Mat\u00e9riels\r\n<\/span><br ><span style=\"color: rgb(60, 66, 79);\" >p\u00e9dagogique<\/span><\/span>s<\/h4>  <\/div><\/div><\/div> <\/div><div  data-label=\"Counters\" data-id=\"counters--1\" data-export-id=\"counters-1\" data-category=\"counters\" class=\"counters-1 content-section content-section-spacing\" id=\"counters-1\" style=\"background-image: none; background-color: rgba(255, 255, 255, 0);\"><div  class=\"gridContainer\"> <div  class=\"row text-center\"><div  class=\"section-title-col\" data-type=\"column\">  <h3 class=\"\" >Niveaux d\u2019\u00e9tudes des intervenants  p\u00e9dagogiques<\/h3><\/div> <\/div> <div  class=\"row spaced-cols\" data-type=\"row\" data-fixed=\"true\"> <div  class=\"col-xs-12 col-sm-4 space-bottom-small col-padding-xs\"> <div  class=\"circle-counter color58\"> <svg  class=\"circle-svg\" viewBox=\"0 0 100 100\"> <circle  r=\"48\" stroke-linecap=\"round\" cx=\"50\" cy=\"50\" fill=\"transparent\" stroke-dasharray=\"301.6\" stroke-dashoffset=\"301.6px\"><\/circle> <circle  class=\"circle-bar\" r=\"48\" stroke-linecap=\"round\" cx=\"50\" cy=\"50\" fill=\"transparent\" stroke-dasharray=\"301.6\" stroke-dashoffset=\"301.6px\" style=\"stroke-dashoffset: 235.242px;\"><\/circle><\/svg> <div  class=\"circle-content\"><h2  class=\"font-100\" data-min=\"0\" data-max=\"100\" data-stop=\"22\" data-prefix=\"\" data-suffix=\"%\" data-countup=\"true\" data-duration=\"2000\"><\/h2> <p ><span  style=\"color: rgb(255, 0, 0);\">BAC  7 \/  8<\/span><\/p><\/div> <\/div><\/div> <div  class=\"col-xs-12 col-sm-4 space-bottom-small col-padding-xs\"><div  class=\"circle-counter color2\"> <svg  class=\"circle-svg\" viewBox=\"0 0 100 100\"><circle  r=\"48\" stroke-linecap=\"round\" cx=\"50\" cy=\"50\" fill=\"transparent\" stroke-dasharray=\"301.6\" stroke-dashoffset=\"301.6px\"><\/circle> <circle  class=\"circle-bar\" r=\"48\" stroke-linecap=\"round\" cx=\"50\" cy=\"50\" fill=\"transparent\" stroke-dasharray=\"301.6\" stroke-dashoffset=\"301.6px\" style=\"stroke-dashoffset: 138.733px;\"><\/circle><\/svg> <div  class=\"circle-content\"><h2  class=\"font-100\" data-min=\"0\" data-max=\"100\" data-stop=\"54\" data-prefix=\"\" data-suffix=\"%\" data-countup=\"true\" data-duration=\"2000\"><\/h2> <p ><span  style=\"color: rgb(255, 97, 0);\">BAC  4 \/  5<\/span><\/p><\/div> <\/div><\/div> <div  class=\"col-xs-12 col-sm-4 space-bottom-small col-padding-xs\"><div  class=\"circle-counter color4\"> <svg  class=\"circle-svg\" viewBox=\"0 0 100 100\"><circle  r=\"48\" stroke-linecap=\"round\" cx=\"50\" cy=\"50\" fill=\"transparent\" stroke-dasharray=\"301.6\" stroke-dashoffset=\"301.6px\"><\/circle> <circle  class=\"circle-bar\" r=\"48\" stroke-linecap=\"round\" cx=\"50\" cy=\"50\" fill=\"transparent\" stroke-dasharray=\"301.6\" stroke-dashoffset=\"301.6px\" style=\"stroke-dashoffset: 229.211px;\"><\/circle><\/svg> <div  class=\"circle-content\"><h2  class=\"font-100\" data-min=\"0\" data-max=\"100\" data-stop=\"24\" data-prefix=\"\" data-suffix=\"%\" data-countup=\"true\" data-duration=\"2000\"><\/h2> <p >BAC  2 \/  3<\/p><\/div> <\/div><\/div> <\/div><\/div> <\/div><div data-label=\"About\" data-id=\"about--1\" data-export-id=\"about-text-image\" data-category=\"about\" class=\"about-text-image content-section content-section-spacing\" id=\"about-1\"  style=\"background-color: rgb(255, 255, 255); background-image: none;\"><div class=\"gridContainer\" > <div class=\"row\" ><div class=\"col-sm-6 col-padding-small-xs col-sm-padding-large bg-color5 white-text content-col\" data-type=\"column\" >   <h3 class=\"\" ><span style=\"color: rgb(60, 66, 79);\" >Qualiopi<\/span><\/h3><p class=\"\" ><span style=\"color: rgb(60, 66, 79);\" >Les organismes certificateurs d\u00e9livrent la certification qualit\u00e9 entrainant l\u2019autorisation d\u2019usage de la marque au profit des PAC conform\u00e9ment au r\u00e8glement d\u2019usage. Ils apposent, lors de l\u2019audit initial, la marque sur le certificat d\u00e9livr\u00e9 au PAC, au titre des cat\u00e9gories suivantes :<\/span><br ><span style=\"color: rgb(60, 66, 79);\" >\r\n\u2022 actions de formation ;<\/span><br ><span style=\"color: rgb(60, 66, 79);\" >\r\n\u2022 bilans de comp\u00e9tences ;<\/span><br ><span style=\"color: rgb(60, 66, 79);\" >\r\n\u2022 actions permettant de faire valider les acquis de&nbsp;<\/span><span style=\"color: rgb(60, 66, 79);\" >l\u2019exp\u00e9rience ;<\/span><br ><span style=\"color: rgb(60, 66, 79);\" >\r\n\u2022 actions de formation par apprentissage.<\/span><\/p><\/div> <div class=\"col-sm-6 flexbox-strech center-xs middle-xs no-gutter-col\" ><div class=\"shadow-large overlap-left-large flexbox middle-xs center-xs right-img\" data-bg=\"image\"  style=\"background-image: url(&quot;https:\/\/dijonformation.com\/wp-content\/uploads\/2024\/03\/cropped-actions-de-formation-e1651846993564.png&quot;);\"><\/div><\/div> <\/div><\/div> <\/div><div  data-label=\"Content\" data-id=\"content--3\" data-export-id=\"content-12\" data-category=\"content\" class=\"content-12 content-section content-section-spacing\" id=\"content-3\" style=\"background-color: rgb(245, 250, 253);\"><div  class=\"gridContainer\"> <div  class=\"row text-center\"><div  class=\"section-title-col\" data-type=\"column\">  <h3 class=\"\" >Nos partenaires certifiants<\/h3><\/div> <\/div> <div  class=\"row center-xs middle-xs\"> <div  class=\"col-sm-9\" data-type=\"column\"> <img  decoding=\"async\" class=\"shadow-large\" src=\"http:\/\/www2.dijonformation.com\/wp-content\/uploads\/2023\/04\/LogoDijonFor-3.png\" title=\"LogoDijonFor\" alt=\"\"><\/div> <\/div><\/div> <\/div>","protected":false},"excerpt":{"rendered":"<p>Notre atout, la p\u00e9dagogie : Notre \u00e9cole sup\u00e9rieure sp\u00e9cialiste de l&#8217;alternance se distingue par son engagement envers chaque \u00e9tudiant. Nous croyons fermement que chaque \u00e9tudiant m\u00e9rite une exp\u00e9rience d&#8217;apprentissage enrichissante et personnalis\u00e9e. C&#8217;est pourquoi nous mettons en \u0153uvre une approche p\u00e9dagogique professionnalisante, alliant th\u00e9orie et pratique de mani\u00e8re \u00e9quilibr\u00e9e. Nos enseignants, experts dans leur domaine,&hellip; <br \/> <a class=\"read-more\" href=\"https:\/\/dijonformation.com\/index.php\/pedagogie-learn-to-do-together\/\">Read more<\/a><\/p>\n","protected":false},"author":1,"featured_media":0,"parent":0,"menu_order":0,"comment_status":"closed","ping_status":"closed","template":"pro\/page-templates\/full-width-page.php","meta":{"om_disable_all_campaigns":false,"_uf_show_specific_survey":0,"_uf_disable_surveys":false,"footnotes":""},"class_list":["post-261","page","type-page","status-publish","hentry"],"aioseo_notices":[],"yoast_head":"<!-- This site is optimized with the Yoast SEO plugin v26.8 - https:\/\/yoast.com\/product\/yoast-seo-wordpress\/ -->\n<title>P\u00e9dagogie - Dijon Formation<\/title>\n<meta name=\"description\" content=\"P\u00e9dagogie, notre objectif est d&#039;accompagner nos alternants vers la r\u00e9ussite de leurs objectifs acad\u00e9miques et professionnels.\" \/>\n<meta name=\"robots\" content=\"index, follow, max-snippet:-1, max-image-preview:large, max-video-preview:-1\" \/>\n<link rel=\"canonical\" href=\"https:\/\/dijonformation.com\/index.php\/pedagogie-learn-to-do-together\/\" \/>\n<meta property=\"og:locale\" content=\"fr_FR\" \/>\n<meta property=\"og:type\" content=\"article\" \/>\n<meta property=\"og:title\" content=\"P\u00e9dagogie - Dijon Formation\" \/>\n<meta property=\"og:description\" content=\"P\u00e9dagogie, notre objectif est d&#039;accompagner nos alternants vers la r\u00e9ussite de leurs objectifs acad\u00e9miques et professionnels.\" \/>\n<meta property=\"og:url\" content=\"https:\/\/dijonformation.com\/index.php\/pedagogie-learn-to-do-together\/\" \/>\n<meta property=\"og:site_name\" content=\"Dijon Formation\" \/>\n<meta property=\"article:publisher\" content=\"https:\/\/www.facebook.com\/dijonfo\/\" \/>\n<meta property=\"article:modified_time\" content=\"2024-04-29T08:19:30+00:00\" \/>\n<meta property=\"og:image\" content=\"http:\/\/www2.dijonformation.com\/wp-content\/uploads\/2023\/03\/visuel-a3-df-2.png\" \/>\n<meta name=\"twitter:card\" content=\"summary_large_image\" \/>\n<meta name=\"twitter:label1\" content=\"Dur\u00e9e de lecture estim\u00e9e\" \/>\n\t<meta name=\"twitter:data1\" content=\"2 minutes\" \/>\n<script type=\"application\/ld+json\" class=\"yoast-schema-graph\">{\"@context\":\"https:\/\/schema.org\",\"@graph\":[{\"@type\":\"WebPage\",\"@id\":\"https:\/\/dijonformation.com\/index.php\/pedagogie-learn-to-do-together\/\",\"url\":\"https:\/\/dijonformation.com\/index.php\/pedagogie-learn-to-do-together\/\",\"name\":\"P\u00e9dagogie - Dijon Formation\",\"isPartOf\":{\"@id\":\"https:\/\/dijonformation.com\/#website\"},\"primaryImageOfPage\":{\"@id\":\"https:\/\/dijonformation.com\/index.php\/pedagogie-learn-to-do-together\/#primaryimage\"},\"image\":{\"@id\":\"https:\/\/dijonformation.com\/index.php\/pedagogie-learn-to-do-together\/#primaryimage\"},\"thumbnailUrl\":\"http:\/\/www2.dijonformation.com\/wp-content\/uploads\/2023\/03\/visuel-a3-df-2.png\",\"datePublished\":\"2023-02-28T13:11:35+00:00\",\"dateModified\":\"2024-04-29T08:19:30+00:00\",\"description\":\"P\u00e9dagogie, notre objectif est d'accompagner nos alternants vers la r\u00e9ussite de leurs objectifs acad\u00e9miques et professionnels.\",\"breadcrumb\":{\"@id\":\"https:\/\/dijonformation.com\/index.php\/pedagogie-learn-to-do-together\/#breadcrumb\"},\"inLanguage\":\"fr-FR\",\"potentialAction\":[{\"@type\":\"ReadAction\",\"target\":[\"https:\/\/dijonformation.com\/index.php\/pedagogie-learn-to-do-together\/\"]}]},{\"@type\":\"ImageObject\",\"inLanguage\":\"fr-FR\",\"@id\":\"https:\/\/dijonformation.com\/index.php\/pedagogie-learn-to-do-together\/#primaryimage\",\"url\":\"http:\/\/www2.dijonformation.com\/wp-content\/uploads\/2023\/03\/visuel-a3-df-2.png\",\"contentUrl\":\"http:\/\/www2.dijonformation.com\/wp-content\/uploads\/2023\/03\/visuel-a3-df-2.png\"},{\"@type\":\"BreadcrumbList\",\"@id\":\"https:\/\/dijonformation.com\/index.php\/pedagogie-learn-to-do-together\/#breadcrumb\",\"itemListElement\":[{\"@type\":\"ListItem\",\"position\":1,\"name\":\"Accueil\",\"item\":\"https:\/\/dijonformation.com\/\"},{\"@type\":\"ListItem\",\"position\":2,\"name\":\"P\u00e9dagogie\"}]},{\"@type\":\"WebSite\",\"@id\":\"https:\/\/dijonformation.com\/#website\",\"url\":\"https:\/\/dijonformation.com\/\",\"name\":\"Dijon Formation\",\"description\":\"Dijon Formation l&#039;\u00e9cole sup\u00e9rieure 100% alternance de Bac +2 \u00e0 Bac +5\",\"publisher\":{\"@id\":\"https:\/\/dijonformation.com\/#organization\"},\"potentialAction\":[{\"@type\":\"SearchAction\",\"target\":{\"@type\":\"EntryPoint\",\"urlTemplate\":\"https:\/\/dijonformation.com\/?s={search_term_string}\"},\"query-input\":{\"@type\":\"PropertyValueSpecification\",\"valueRequired\":true,\"valueName\":\"search_term_string\"}}],\"inLanguage\":\"fr-FR\"},{\"@type\":\"Organization\",\"@id\":\"https:\/\/dijonformation.com\/#organization\",\"name\":\"Dijon Formation\",\"url\":\"https:\/\/dijonformation.com\/\",\"logo\":{\"@type\":\"ImageObject\",\"inLanguage\":\"fr-FR\",\"@id\":\"https:\/\/dijonformation.com\/#\/schema\/logo\/image\/\",\"url\":\"https:\/\/dijonformation.com\/wp-content\/uploads\/2024\/03\/cropped-LOGO-SITE-DIJON-ISMACC-1.png\",\"contentUrl\":\"https:\/\/dijonformation.com\/wp-content\/uploads\/2024\/03\/cropped-LOGO-SITE-DIJON-ISMACC-1.png\",\"width\":3248,\"height\":512,\"caption\":\"Dijon Formation\"},\"image\":{\"@id\":\"https:\/\/dijonformation.com\/#\/schema\/logo\/image\/\"},\"sameAs\":[\"https:\/\/www.facebook.com\/dijonfo\/\",\"https:\/\/www.linkedin.com\/company\/dijon-formation\",\"https:\/\/www.instagram.com\/dijon_formation\/\"]}]}<\/script>\n<!-- \/ Yoast SEO plugin. -->","yoast_head_json":{"title":"P\u00e9dagogie - Dijon Formation","description":"P\u00e9dagogie, notre objectif est d'accompagner nos alternants vers la r\u00e9ussite de leurs objectifs acad\u00e9miques et professionnels.","robots":{"index":"index","follow":"follow","max-snippet":"max-snippet:-1","max-image-preview":"max-image-preview:large","max-video-preview":"max-video-preview:-1"},"canonical":"https:\/\/dijonformation.com\/index.php\/pedagogie-learn-to-do-together\/","og_locale":"fr_FR","og_type":"article","og_title":"P\u00e9dagogie - Dijon Formation","og_description":"P\u00e9dagogie, notre objectif est d'accompagner nos alternants vers la r\u00e9ussite de leurs objectifs acad\u00e9miques et professionnels.","og_url":"https:\/\/dijonformation.com\/index.php\/pedagogie-learn-to-do-together\/","og_site_name":"Dijon Formation","article_publisher":"https:\/\/www.facebook.com\/dijonfo\/","article_modified_time":"2024-04-29T08:19:30+00:00","og_image":[{"url":"http:\/\/www2.dijonformation.com\/wp-content\/uploads\/2023\/03\/visuel-a3-df-2.png","type":"","width":"","height":""}],"twitter_card":"summary_large_image","twitter_misc":{"Dur\u00e9e de lecture estim\u00e9e":"2 minutes"},"schema":{"@context":"https:\/\/schema.org","@graph":[{"@type":"WebPage","@id":"https:\/\/dijonformation.com\/index.php\/pedagogie-learn-to-do-together\/","url":"https:\/\/dijonformation.com\/index.php\/pedagogie-learn-to-do-together\/","name":"P\u00e9dagogie - Dijon Formation","isPartOf":{"@id":"https:\/\/dijonformation.com\/#website"},"primaryImageOfPage":{"@id":"https:\/\/dijonformation.com\/index.php\/pedagogie-learn-to-do-together\/#primaryimage"},"image":{"@id":"https:\/\/dijonformation.com\/index.php\/pedagogie-learn-to-do-together\/#primaryimage"},"thumbnailUrl":"http:\/\/www2.dijonformation.com\/wp-content\/uploads\/2023\/03\/visuel-a3-df-2.png","datePublished":"2023-02-28T13:11:35+00:00","dateModified":"2024-04-29T08:19:30+00:00","description":"P\u00e9dagogie, notre objectif est d'accompagner nos alternants vers la r\u00e9ussite de leurs objectifs acad\u00e9miques et professionnels.","breadcrumb":{"@id":"https:\/\/dijonformation.com\/index.php\/pedagogie-learn-to-do-together\/#breadcrumb"},"inLanguage":"fr-FR","potentialAction":[{"@type":"ReadAction","target":["https:\/\/dijonformation.com\/index.php\/pedagogie-learn-to-do-together\/"]}]},{"@type":"ImageObject","inLanguage":"fr-FR","@id":"https:\/\/dijonformation.com\/index.php\/pedagogie-learn-to-do-together\/#primaryimage","url":"http:\/\/www2.dijonformation.com\/wp-content\/uploads\/2023\/03\/visuel-a3-df-2.png","contentUrl":"http:\/\/www2.dijonformation.com\/wp-content\/uploads\/2023\/03\/visuel-a3-df-2.png"},{"@type":"BreadcrumbList","@id":"https:\/\/dijonformation.com\/index.php\/pedagogie-learn-to-do-together\/#breadcrumb","itemListElement":[{"@type":"ListItem","position":1,"name":"Accueil","item":"https:\/\/dijonformation.com\/"},{"@type":"ListItem","position":2,"name":"P\u00e9dagogie"}]},{"@type":"WebSite","@id":"https:\/\/dijonformation.com\/#website","url":"https:\/\/dijonformation.com\/","name":"Dijon Formation","description":"Dijon Formation l&#039;\u00e9cole sup\u00e9rieure 100% alternance de Bac +2 \u00e0 Bac +5","publisher":{"@id":"https:\/\/dijonformation.com\/#organization"},"potentialAction":[{"@type":"SearchAction","target":{"@type":"EntryPoint","urlTemplate":"https:\/\/dijonformation.com\/?s={search_term_string}"},"query-input":{"@type":"PropertyValueSpecification","valueRequired":true,"valueName":"search_term_string"}}],"inLanguage":"fr-FR"},{"@type":"Organization","@id":"https:\/\/dijonformation.com\/#organization","name":"Dijon Formation","url":"https:\/\/dijonformation.com\/","logo":{"@type":"ImageObject","inLanguage":"fr-FR","@id":"https:\/\/dijonformation.com\/#\/schema\/logo\/image\/","url":"https:\/\/dijonformation.com\/wp-content\/uploads\/2024\/03\/cropped-LOGO-SITE-DIJON-ISMACC-1.png","contentUrl":"https:\/\/dijonformation.com\/wp-content\/uploads\/2024\/03\/cropped-LOGO-SITE-DIJON-ISMACC-1.png","width":3248,"height":512,"caption":"Dijon Formation"},"image":{"@id":"https:\/\/dijonformation.com\/#\/schema\/logo\/image\/"},"sameAs":["https:\/\/www.facebook.com\/dijonfo\/","https:\/\/www.linkedin.com\/company\/dijon-formation","https:\/\/www.instagram.com\/dijon_formation\/"]}]}},"_links":{"self":[{"href":"https:\/\/dijonformation.com\/index.php\/wp-json\/wp\/v2\/pages\/261","targetHints":{"allow":["GET"]}}],"collection":[{"href":"https:\/\/dijonformation.com\/index.php\/wp-json\/wp\/v2\/pages"}],"about":[{"href":"https:\/\/dijonformation.com\/index.php\/wp-json\/wp\/v2\/types\/page"}],"author":[{"embeddable":true,"href":"https:\/\/dijonformation.com\/index.php\/wp-json\/wp\/v2\/users\/1"}],"replies":[{"embeddable":true,"href":"https:\/\/dijonformation.com\/index.php\/wp-json\/wp\/v2\/comments?post=261"}],"version-history":[{"count":44,"href":"https:\/\/dijonformation.com\/index.php\/wp-json\/wp\/v2\/pages\/261\/revisions"}],"predecessor-version":[{"id":3108,"href":"https:\/\/dijonformation.com\/index.php\/wp-json\/wp\/v2\/pages\/261\/revisions\/3108"}],"wp:attachment":[{"href":"https:\/\/dijonformation.com\/index.php\/wp-json\/wp\/v2\/media?parent=261"}],"curies":[{"name":"wp","href":"https:\/\/api.w.org\/{rel}","templated":true}]}}