{"id":3031,"date":"2024-03-21T13:48:20","date_gmt":"2024-03-21T12:48:20","guid":{"rendered":"https:\/\/dijonformation.com\/?page_id=3031"},"modified":"2026-02-11T10:50:08","modified_gmt":"2026-02-11T09:50:08","slug":"formations-bac5","status":"publish","type":"page","link":"https:\/\/dijonformation.com\/index.php\/formations-bac5\/","title":{"rendered":"Formations Bac+5"},"content":{"rendered":"<div  data-label=\"Cta\" data-id=\"cta--2\" data-export-id=\"cta-centered-section-grid\" data-category=\"cta\" class=\"cta-centered-section-grid content-section content-section-spacing-medium bg-color1 white-text\" id=\"cta-2\"><div  class=\"gridContainer\"> <div  class=\"row text-center\"><div  class=\"col-xs-12 col-sm-10 col-sm-offset-1 col-md-8 col-md-offset-2\" data-type=\"column\"> <h3  class=\"\">Pour plus d\u2019informations, pr\u00e9inscrivez-vous<\/h3>  <a  class=\"button color-white dark-text\" href=\"https:\/\/inscriptions.dijonformation.com\/bienvenue?site=dijon\" target=\"_blank\" data-cp-link=\"1\" data-icon=\"\" rel=\"noopener\">Campus Dijon <\/a><a  class=\"button color-white dark-text\" href=\"https:\/\/inscriptions.chalonformation.com\/bienvenue?site=chalon\" target=\"_self\" data-cp-link=\"1\" data-icon=\"\" rel=\"noopener\">Campus Chalon<\/a><\/div> <\/div><\/div> <\/div><div  data-label=\"Content\" data-id=\"content--1\" data-export-id=\"content-7\" data-category=\"content\" class=\"content-7 content-section content-section-spacing\" id=\"content-1\" style=\"background-color: rgb(255, 255, 255);\"><div  class=\"gridContainer\"> <div  class=\"row middle-sm\"><div  class=\"col-sm-6 space-bottom-xs\" data-type=\"column\"> <h2  class=\"\"><span  style=\"font-weight: 600;\">Obtenir un Bac+5 reconnu au RNCP avec Dijon Formation<\/span><\/h2><h2  class=\"\"><span  style=\"font-weight: 600;\">\nQu\u2019est ce qu\u2019un Manager?<\/span><\/h2> <p  class=\"\" style=\"text-align: justify;\">Les Managers, repr\u00e9sentent une voie d\u2019excellence reconnus au RNCP (Registre National des Certifications Professionnelles) de Niveau 7. Les Managers sont \u00e9quivalents aux Masters et Mast\u00e8res. Les dipl\u00f4m\u00e9s d\u2019un Manager peuvent pr\u00e9tendre et acc\u00e9der \u00e0 des postes tels que: cadres d\u2019entreprise,directeurs, managers op\u00e9rationnels etc, \u00e0 la fois polyvalents et sp\u00e9cialis\u00e9s dans les domaines de la finance, du marketing, de la strat\u00e9gie ou du management.<\/p> <\/div> <div  class=\"col-sm-6\" data-type=\"column\"> <img  decoding=\"async\" class=\"shadow-large\" src=\"https:\/\/dijonformation.com\/wp-content\/uploads\/2024\/07\/cropped-groupe-etudiants-scaled-1.jpg\" title=\"Happy student having fun while using laptop with his friends in\" alt=\"\"><\/div> <\/div><\/div> <\/div><div  data-label=\"Content\" data-id=\"content--2\" data-export-id=\"content-5-2\" data-category=\"content\" class=\"content-5-2 content-section content-section-spacing\" id=\"content-2\" style=\"background-color: rgb(255, 255, 255);\"><div  class=\"gridContainer\"> <div  class=\"row text-center\"><div  class=\"section-title-col\" data-type=\"column\">  <\/div> <\/div> <div  class=\"row middle-sm\"> <div  class=\"col-sm-6 flexbox around-xs top-xs\"> <div  class=\"overlay-box flexbox middle-xs center-xs overlay-holder\"> <div  class=\"overlay-box-offset offset-background shadow-medium bg-color2 hide-xs\"><\/div> <img  decoding=\"async\" class=\"flexbox shadow-large img1\" data-size=\"485x632\" src=\"https:\/\/dijonformation.com\/wp-content\/uploads\/2024\/03\/cropped-people-2557396_1280-1.jpg\" title=\"cropped-people-2557396_1280-1.jpg\" alt=\"\"><\/div> <\/div> <div  class=\"col-sm-6 space-bottom-xs\"> <div  class=\"row space-bottom content-holder\" data-type=\"column\">  <h2  class=\"\"><span  style=\"font-weight: 600;\">Quels sont les avantages<\/span><br ><span  style=\"font-weight: 600;\">\nd\u2019un Manager en alternance ?<\/span><span  id=\"_mce_caret\" data-mce-bogus=\"1\" data-mce-type=\"format-caret\"><span  style=\"font-weight: 600;\">\ufeff<\/span><\/span><\/h2><\/div> <div  class=\"row space-bottom center-sm\" data-type=\"row\"><div  class=\"col-sm-6 space-bottom\"> <i  class=\"fa icon medium fa-file-o color1\"><\/i> <h5  class=\"\" style=\"text-align: left;\">Insertion professionnelle<\/h5> <p  class=\"\" style=\"text-align: justify;\">Les Manager de Dijon Formation et Chalon Formation couvrent les domaines suivants :<br >\nGestion, \nfinance, marketing, management, Commerce, Administratif, Ressources Humaines\u2026<br >\nLe Manager est r\u00e9put\u00e9 pour son approche professionnelle adapt\u00e9e aux besoins du march\u00e9 de l\u2019emploi dans chaque secteur.<\/p><\/div> <div  class=\"col-sm-6\"><i  class=\"fa icon medium fa-balance-scale color1\"><\/i> <h5  class=\"\" style=\"text-align: left;\">L\u2019alternance comme atout<\/h5> <p  class=\"\" style=\"text-align: justify;\">Le Manager, d\u2019une dur\u00e9e de deux ans, repr\u00e9sente une \u00e9tape essentielle dans un parcours acad\u00e9mique. Au niveau Bac+5, elle int\u00e8gre des enseignements th\u00e9oriques \u00e0 l\u2019\u00e9cole et des comp\u00e9tences pratiques d\u00e9velopp\u00e9es en entreprise.<br >\nEn Bac+5 \u00e0 Dijon Formation, le rythme de l\u2019alternance est de :<br >1 \u00e0 2 semaines par mois en formation le reste en entreprise.<\/p><\/div> <div  class=\"col-sm-6 space-bottom\"><i  class=\"fa icon medium fa-clock-o color1\"><\/i> <h5  class=\"\">Les modalit\u00e9s d\u2019examen<\/h5> <p  class=\"\" style=\"text-align: justify;\">Les modalit\u00e9s d\u2019examen pour valider la certification:<br >\n\u2022 Contr\u00f4le continu<br >\n\u2022 \u00c9tudes de cas<br >\n\u2022 Oraux, \u00e9crit<br >\n\u2022 M\u00e9moire<\/p><\/div> <div  class=\"col-sm-6\"><i  class=\"fa icon medium fa-star-half-empty color1\"><\/i> <h5  class=\"\">Emplois accessibles<\/h5> <p  class=\"\" style=\"text-align: justify;\">A l\u2019issue de l\u2019obtention du Manager en alternance, les \u00e9tudiants sont pr\u00eats \u00e0 int\u00e9grer le march\u00e9 du travail, arm\u00e9s des comp\u00e9tences valoris\u00e9es par les employeurs et acquises durant leur formation.<\/p><\/div> <\/div><\/div> <\/div><\/div> <\/div><div  data-label=\"Features\" data-id=\"features--1\" data-export-id=\"features-13-card-bordered\" data-category=\"features\" class=\"features-13 content-section content-section-spacing\" id=\"features-1\" style=\"background-color: rgb(255, 255, 255);\"><div  class=\"gridContainer\"> <div  class=\"row text-center\"><div  class=\"section-title-col\" data-type=\"column\"> <h2  class=\"\">D\u00e9couvrez les Mast\u00e8res en alternance<br >\n\u00e0 Dijon Formation<\/h2> <\/div> <\/div> <div  class=\"row spaced-cols content-center-sm center-sm\" data-type=\"row\"> <div  class=\"col-sm-4\"> <div  class=\"card bordered y-move\" data-type=\"column\">  <h4  class=\"\">MANAGER D\u2019AFFAIRES<\/h4>  <a  class=\"button y-move small color1\" href=\"https:\/\/dijonformation.com\/index.php\/manager-affaires\" target=\"_blank\" data-cp-link=\"1\" data-icon=\"\">En savoir plus<\/a><\/div> <\/div>  <div  class=\"col-sm-4\"> <div  class=\"card bordered y-move\" data-type=\"column\">  <h4  class=\"\">MANAGER RESSOURCES HUMAINES<\/h4>  <a  class=\"button y-move small color1\" href=\"https:\/\/dijonformation.com\/index.php\/manager-ressources-humaines\" target=\"_blank\" data-cp-link=\"1\" data-icon=\"\">En savoir plus<\/a><\/div> <\/div><\/div> <\/div><\/div><div  data-label=\"Cta\" data-id=\"cta--3\" data-export-id=\"cta-centered-section-grid\" data-category=\"cta\" class=\"cta-centered-section-grid content-section content-section-spacing-medium bg-color1 white-text\" id=\"cta-3\"><div  class=\"gridContainer\"> <div  class=\"row text-center\"><div  class=\"col-xs-12 col-sm-10 col-sm-offset-1 col-md-8 col-md-offset-2\" data-type=\"column\">  <h3  class=\"\">Pour plus d\u2019informations, pr\u00e9inscrivez-vous<\/h3> <a  class=\"button color-white dark-text\" href=\"https:\/\/inscriptions.dijonformation.com\/bienvenue?site=dijon\" target=\"_blank\" data-cp-link=\"1\" data-icon=\"\" rel=\"noopener\">Campus Dijon <\/a><a  class=\"button color-white dark-text\" href=\"https:\/\/inscriptions.chalonformation.com\/bienvenue?site=chalon\" target=\"_self\" data-cp-link=\"1\" data-icon=\"\" rel=\"noopener\">Campus Chalon<\/a><\/div> <\/div><\/div> <\/div>","protected":false},"excerpt":{"rendered":"<p>Pour plus d\u2019informations, pr\u00e9inscrivez-vous Campus Dijon Campus Chalon Obtenir un Bac+5 reconnu au RNCP avec Dijon Formation Qu\u2019est ce qu\u2019un Manager? Les Managers, repr\u00e9sentent une voie d\u2019excellence reconnus au RNCP (Registre National des Certifications Professionnelles) de Niveau 7. Les Managers sont \u00e9quivalents aux Masters et Mast\u00e8res. Les dipl\u00f4m\u00e9s d\u2019un Manager peuvent pr\u00e9tendre et acc\u00e9der \u00e0&hellip; <br \/> <a class=\"read-more\" href=\"https:\/\/dijonformation.com\/index.php\/formations-bac5\/\">Read more<\/a><\/p>\n","protected":false},"author":1,"featured_media":0,"parent":0,"menu_order":0,"comment_status":"closed","ping_status":"closed","template":"pro\/page-templates\/full-width-page.php","meta":{"om_disable_all_campaigns":false,"_uf_show_specific_survey":0,"_uf_disable_surveys":false,"footnotes":""},"class_list":["post-3031","page","type-page","status-publish","hentry"],"aioseo_notices":[],"yoast_head":"<!-- This site is optimized with the Yoast SEO plugin v26.8 - https:\/\/yoast.com\/product\/yoast-seo-wordpress\/ -->\n<title>Les formations Bac+5 en alternance de Dijon Formation<\/title>\n<meta name=\"description\" content=\"D\u00e9couvrez nos formations Bac+5 en alternance \u00e0 Dijon Formation, dans les domaines Marketing et communication, gestion d&#039;entreprise et RH.\" \/>\n<meta name=\"robots\" content=\"index, follow, max-snippet:-1, max-image-preview:large, max-video-preview:-1\" \/>\n<link rel=\"canonical\" href=\"https:\/\/dijonformation.com\/index.php\/formations-bac5\/\" \/>\n<meta property=\"og:locale\" content=\"fr_FR\" \/>\n<meta property=\"og:type\" content=\"article\" \/>\n<meta property=\"og:title\" content=\"Les formations Bac+5 en alternance de Dijon Formation\" \/>\n<meta property=\"og:description\" content=\"D\u00e9couvrez nos formations Bac+5 en alternance \u00e0 Dijon Formation, dans les domaines Marketing et communication, gestion d&#039;entreprise et RH.\" \/>\n<meta property=\"og:url\" content=\"https:\/\/dijonformation.com\/index.php\/formations-bac5\/\" \/>\n<meta property=\"og:site_name\" content=\"Dijon Formation\" \/>\n<meta property=\"article:publisher\" content=\"https:\/\/www.facebook.com\/dijonfo\/\" \/>\n<meta property=\"article:modified_time\" content=\"2026-02-11T09:50:08+00:00\" \/>\n<meta property=\"og:image\" content=\"https:\/\/dijonformation.com\/wp-content\/uploads\/2024\/07\/cropped-groupe-etudiants-scaled-1.jpg\" \/>\n<meta name=\"twitter:card\" content=\"summary_large_image\" \/>\n<meta name=\"twitter:label1\" content=\"Dur\u00e9e de lecture estim\u00e9e\" \/>\n\t<meta name=\"twitter:data1\" content=\"3 minutes\" \/>\n<script type=\"application\/ld+json\" class=\"yoast-schema-graph\">{\"@context\":\"https:\/\/schema.org\",\"@graph\":[{\"@type\":\"WebPage\",\"@id\":\"https:\/\/dijonformation.com\/index.php\/formations-bac5\/\",\"url\":\"https:\/\/dijonformation.com\/index.php\/formations-bac5\/\",\"name\":\"Les formations Bac+5 en alternance de Dijon Formation\",\"isPartOf\":{\"@id\":\"https:\/\/dijonformation.com\/#website\"},\"primaryImageOfPage\":{\"@id\":\"https:\/\/dijonformation.com\/index.php\/formations-bac5\/#primaryimage\"},\"image\":{\"@id\":\"https:\/\/dijonformation.com\/index.php\/formations-bac5\/#primaryimage\"},\"thumbnailUrl\":\"https:\/\/dijonformation.com\/wp-content\/uploads\/2024\/07\/cropped-groupe-etudiants-scaled-1.jpg\",\"datePublished\":\"2024-03-21T12:48:20+00:00\",\"dateModified\":\"2026-02-11T09:50:08+00:00\",\"description\":\"D\u00e9couvrez nos formations Bac+5 en alternance \u00e0 Dijon Formation, dans les domaines Marketing et communication, gestion d'entreprise et RH.\",\"breadcrumb\":{\"@id\":\"https:\/\/dijonformation.com\/index.php\/formations-bac5\/#breadcrumb\"},\"inLanguage\":\"fr-FR\",\"potentialAction\":[{\"@type\":\"ReadAction\",\"target\":[\"https:\/\/dijonformation.com\/index.php\/formations-bac5\/\"]}]},{\"@type\":\"ImageObject\",\"inLanguage\":\"fr-FR\",\"@id\":\"https:\/\/dijonformation.com\/index.php\/formations-bac5\/#primaryimage\",\"url\":\"https:\/\/dijonformation.com\/wp-content\/uploads\/2024\/07\/cropped-groupe-etudiants-scaled-1.jpg\",\"contentUrl\":\"https:\/\/dijonformation.com\/wp-content\/uploads\/2024\/07\/cropped-groupe-etudiants-scaled-1.jpg\",\"width\":2559,\"height\":1704,\"caption\":\"Happy college student and his friends using laptop and studying in team in the classroom.\"},{\"@type\":\"BreadcrumbList\",\"@id\":\"https:\/\/dijonformation.com\/index.php\/formations-bac5\/#breadcrumb\",\"itemListElement\":[{\"@type\":\"ListItem\",\"position\":1,\"name\":\"Accueil\",\"item\":\"https:\/\/dijonformation.com\/\"},{\"@type\":\"ListItem\",\"position\":2,\"name\":\"Formations Bac+5\"}]},{\"@type\":\"WebSite\",\"@id\":\"https:\/\/dijonformation.com\/#website\",\"url\":\"https:\/\/dijonformation.com\/\",\"name\":\"Dijon Formation\",\"description\":\"Dijon Formation l&#039;\u00e9cole sup\u00e9rieure 100% alternance de Bac +2 \u00e0 Bac +5\",\"publisher\":{\"@id\":\"https:\/\/dijonformation.com\/#organization\"},\"potentialAction\":[{\"@type\":\"SearchAction\",\"target\":{\"@type\":\"EntryPoint\",\"urlTemplate\":\"https:\/\/dijonformation.com\/?s={search_term_string}\"},\"query-input\":{\"@type\":\"PropertyValueSpecification\",\"valueRequired\":true,\"valueName\":\"search_term_string\"}}],\"inLanguage\":\"fr-FR\"},{\"@type\":\"Organization\",\"@id\":\"https:\/\/dijonformation.com\/#organization\",\"name\":\"Dijon Formation\",\"url\":\"https:\/\/dijonformation.com\/\",\"logo\":{\"@type\":\"ImageObject\",\"inLanguage\":\"fr-FR\",\"@id\":\"https:\/\/dijonformation.com\/#\/schema\/logo\/image\/\",\"url\":\"https:\/\/dijonformation.com\/wp-content\/uploads\/2024\/03\/cropped-LOGO-SITE-DIJON-ISMACC-1.png\",\"contentUrl\":\"https:\/\/dijonformation.com\/wp-content\/uploads\/2024\/03\/cropped-LOGO-SITE-DIJON-ISMACC-1.png\",\"width\":3248,\"height\":512,\"caption\":\"Dijon Formation\"},\"image\":{\"@id\":\"https:\/\/dijonformation.com\/#\/schema\/logo\/image\/\"},\"sameAs\":[\"https:\/\/www.facebook.com\/dijonfo\/\",\"https:\/\/www.linkedin.com\/company\/dijon-formation\",\"https:\/\/www.instagram.com\/dijon_formation\/\"]}]}<\/script>\n<!-- \/ Yoast SEO plugin. -->","yoast_head_json":{"title":"Les formations Bac+5 en alternance de Dijon Formation","description":"D\u00e9couvrez nos formations Bac+5 en alternance \u00e0 Dijon Formation, dans les domaines Marketing et communication, gestion d'entreprise et RH.","robots":{"index":"index","follow":"follow","max-snippet":"max-snippet:-1","max-image-preview":"max-image-preview:large","max-video-preview":"max-video-preview:-1"},"canonical":"https:\/\/dijonformation.com\/index.php\/formations-bac5\/","og_locale":"fr_FR","og_type":"article","og_title":"Les formations Bac+5 en alternance de Dijon Formation","og_description":"D\u00e9couvrez nos formations Bac+5 en alternance \u00e0 Dijon Formation, dans les domaines Marketing et communication, gestion d'entreprise et RH.","og_url":"https:\/\/dijonformation.com\/index.php\/formations-bac5\/","og_site_name":"Dijon Formation","article_publisher":"https:\/\/www.facebook.com\/dijonfo\/","article_modified_time":"2026-02-11T09:50:08+00:00","og_image":[{"url":"https:\/\/dijonformation.com\/wp-content\/uploads\/2024\/07\/cropped-groupe-etudiants-scaled-1.jpg","type":"","width":"","height":""}],"twitter_card":"summary_large_image","twitter_misc":{"Dur\u00e9e de lecture estim\u00e9e":"3 minutes"},"schema":{"@context":"https:\/\/schema.org","@graph":[{"@type":"WebPage","@id":"https:\/\/dijonformation.com\/index.php\/formations-bac5\/","url":"https:\/\/dijonformation.com\/index.php\/formations-bac5\/","name":"Les formations Bac+5 en alternance de Dijon Formation","isPartOf":{"@id":"https:\/\/dijonformation.com\/#website"},"primaryImageOfPage":{"@id":"https:\/\/dijonformation.com\/index.php\/formations-bac5\/#primaryimage"},"image":{"@id":"https:\/\/dijonformation.com\/index.php\/formations-bac5\/#primaryimage"},"thumbnailUrl":"https:\/\/dijonformation.com\/wp-content\/uploads\/2024\/07\/cropped-groupe-etudiants-scaled-1.jpg","datePublished":"2024-03-21T12:48:20+00:00","dateModified":"2026-02-11T09:50:08+00:00","description":"D\u00e9couvrez nos formations Bac+5 en alternance \u00e0 Dijon Formation, dans les domaines Marketing et communication, gestion d'entreprise et RH.","breadcrumb":{"@id":"https:\/\/dijonformation.com\/index.php\/formations-bac5\/#breadcrumb"},"inLanguage":"fr-FR","potentialAction":[{"@type":"ReadAction","target":["https:\/\/dijonformation.com\/index.php\/formations-bac5\/"]}]},{"@type":"ImageObject","inLanguage":"fr-FR","@id":"https:\/\/dijonformation.com\/index.php\/formations-bac5\/#primaryimage","url":"https:\/\/dijonformation.com\/wp-content\/uploads\/2024\/07\/cropped-groupe-etudiants-scaled-1.jpg","contentUrl":"https:\/\/dijonformation.com\/wp-content\/uploads\/2024\/07\/cropped-groupe-etudiants-scaled-1.jpg","width":2559,"height":1704,"caption":"Happy college student and his friends using laptop and studying in team in the classroom."},{"@type":"BreadcrumbList","@id":"https:\/\/dijonformation.com\/index.php\/formations-bac5\/#breadcrumb","itemListElement":[{"@type":"ListItem","position":1,"name":"Accueil","item":"https:\/\/dijonformation.com\/"},{"@type":"ListItem","position":2,"name":"Formations Bac+5"}]},{"@type":"WebSite","@id":"https:\/\/dijonformation.com\/#website","url":"https:\/\/dijonformation.com\/","name":"Dijon Formation","description":"Dijon Formation l&#039;\u00e9cole sup\u00e9rieure 100% alternance de Bac +2 \u00e0 Bac +5","publisher":{"@id":"https:\/\/dijonformation.com\/#organization"},"potentialAction":[{"@type":"SearchAction","target":{"@type":"EntryPoint","urlTemplate":"https:\/\/dijonformation.com\/?s={search_term_string}"},"query-input":{"@type":"PropertyValueSpecification","valueRequired":true,"valueName":"search_term_string"}}],"inLanguage":"fr-FR"},{"@type":"Organization","@id":"https:\/\/dijonformation.com\/#organization","name":"Dijon Formation","url":"https:\/\/dijonformation.com\/","logo":{"@type":"ImageObject","inLanguage":"fr-FR","@id":"https:\/\/dijonformation.com\/#\/schema\/logo\/image\/","url":"https:\/\/dijonformation.com\/wp-content\/uploads\/2024\/03\/cropped-LOGO-SITE-DIJON-ISMACC-1.png","contentUrl":"https:\/\/dijonformation.com\/wp-content\/uploads\/2024\/03\/cropped-LOGO-SITE-DIJON-ISMACC-1.png","width":3248,"height":512,"caption":"Dijon Formation"},"image":{"@id":"https:\/\/dijonformation.com\/#\/schema\/logo\/image\/"},"sameAs":["https:\/\/www.facebook.com\/dijonfo\/","https:\/\/www.linkedin.com\/company\/dijon-formation","https:\/\/www.instagram.com\/dijon_formation\/"]}]}},"_links":{"self":[{"href":"https:\/\/dijonformation.com\/index.php\/wp-json\/wp\/v2\/pages\/3031","targetHints":{"allow":["GET"]}}],"collection":[{"href":"https:\/\/dijonformation.com\/index.php\/wp-json\/wp\/v2\/pages"}],"about":[{"href":"https:\/\/dijonformation.com\/index.php\/wp-json\/wp\/v2\/types\/page"}],"author":[{"embeddable":true,"href":"https:\/\/dijonformation.com\/index.php\/wp-json\/wp\/v2\/users\/1"}],"replies":[{"embeddable":true,"href":"https:\/\/dijonformation.com\/index.php\/wp-json\/wp\/v2\/comments?post=3031"}],"version-history":[{"count":29,"href":"https:\/\/dijonformation.com\/index.php\/wp-json\/wp\/v2\/pages\/3031\/revisions"}],"predecessor-version":[{"id":6618,"href":"https:\/\/dijonformation.com\/index.php\/wp-json\/wp\/v2\/pages\/3031\/revisions\/6618"}],"wp:attachment":[{"href":"https:\/\/dijonformation.com\/index.php\/wp-json\/wp\/v2\/media?parent=3031"}],"curies":[{"name":"wp","href":"https:\/\/api.w.org\/{rel}","templated":true}]}}