{"id":4519,"date":"2024-07-18T10:21:50","date_gmt":"2024-07-18T08:21:50","guid":{"rendered":"https:\/\/dijonformation.com\/?page_id=4519"},"modified":"2025-10-16T15:03:55","modified_gmt":"2025-10-16T13:03:55","slug":"bde","status":"publish","type":"page","link":"https:\/\/dijonformation.com\/index.php\/bde\/","title":{"rendered":"BDE"},"content":{"rendered":"<div  data-label=\"Content\" data-id=\"content--3\" data-export-id=\"content-12\" data-category=\"content\" class=\"content-12 content-section content-section-spacing\" id=\"content-3\" style=\"background-color: rgb(245, 250, 253);\"><div  class=\"\"> <div  class=\"row text-center\"><div  class=\"section-title-col\" data-type=\"column\"> <h2  class=\"\"><span  style=\"font-weight: 600;\">Le Bureau Des Etudiants de Dijon Formation<\/span><\/h2> <p  class=\"lead\"><span  style=\"font-weight: 400; color: rgb(34, 34, 34);\">Rejoins le BDE, une exp\u00e9rience \u00e9tudiante unique et une communaut\u00e9 dynamique !<\/span><\/p><\/div> <\/div> <div  class=\"row center-xs middle-xs\"> <div  class=\"col-sm-9\" data-type=\"column\"> <img  decoding=\"async\" class=\"shadow-large\" src=\"https:\/\/dijonformation.com\/wp-content\/uploads\/2025\/10\/cropped-BDE-SITE-INTERNET-2025-scaled-1.png\" title=\"BDE SITE INTERNET 2025\" alt=\"\"><\/div> <\/div><\/div> <\/div><div  data-label=\"Overlappable\" data-id=\"overlappable--1\" data-export-id=\"overlappable-3\" data-category=\"overlappable\" class=\"overlappable-3 content-section content-section-spacing\" data-overlap=\"true\" id=\"overlappable-1\" style=\"background-color: rgb(255, 255, 255);\"><div  class=\"gridContainer\"> <div  class=\"row bg-color-white shadow-medium\"><div  class=\"col-xs-12 col-sm-6 image-col first-image-col\" data-bg=\"image\" style=\"background-image: url(&quot;https:\/\/dijonformation.com\/wp-content\/uploads\/2024\/09\/tech-people-trying-achieve-ambitious-sustainability-goals-1-1.jpg&quot;);\"><\/div> <div  class=\"col-xs-12 col-sm-6 content-col col-padding col-padding-xs\"> <div  class=\"col-padding\" data-type=\"column\">  <h2  class=\"\" style=\"text-align: center;\"><span  style=\"font-weight: 600;\">BDE, une vie \u00e9tudiante inoubliable<\/span><\/h2><h4  class=\"\" style=\"text-align: center;\"><span  style=\"font-weight: 600; color: rgb(255, 87, 0); font-family: Helvetica, Arial, sans-serif, arial, helvetica, sans-serif;\">Rentr\u00e9e 2025,\n<br >lancement officiel du BDE de Dijon Formation !<\/span><\/h4><p  class=\"\" style=\"text-align: justify;\">Le nouveau bureau du BDE est en place, les partenariats avec les bars, clubs sportifs et enseignes commerciales sont en cours et toute l\u2019\u00e9quipe est pr\u00eate pour cr\u00e9er avec vous, une exp\u00e9rience \u00e9tudiante inoubliable et tisser&nbsp;des liens entre \u00e9tudiants qui dureront bien au-del\u00e0 de vos ann\u00e9es d\u2019\u00e9tudes !<br ><br >Le BDE est \u00e9galement votre voix aupr\u00e8s de l\u2019administration de l\u2019\u00e9cole. Nous sommes l\u00e0 pour vous, pour \u00e9couter vos id\u00e9es et vos suggestions, afin de contribuer \u00e0 am\u00e9liorer constamment votre exp\u00e9rience \u00e9tudiante au sein de l\u2019\u00e9cole.<\/p> <\/div> <\/div><\/div> <div  class=\"row bg-color-white shadow-medium\"><div  class=\"col-xs-12 col-sm-6 content-col col-padding col-padding-xs\"> <div  class=\"col-padding\" data-type=\"column\"> <h2  class=\"\"><span  style=\"font-weight: 600;\">Nos projets<\/span><\/h2><p  class=\"\" style=\"text-align: justify;\">Nos missions :<br >\u2022 Faciliter votre int\u00e9gration \u00e0 Dijon Formation<br >\u2022 Pr\u00e9parer des \u00e9v\u00e8nements \u00e0 l\u2019\u00e9cole (remises de dipl\u00f4mes, journ\u00e9es d\u2019int\u00e9gration, animations durant les pauses etc \u2026)<br >\u2022 Organiser des \u00e9v\u00e8nements ext\u00e9rieurs (soir\u00e9es \u00e9tudiantes, bars, bo\u00eetes, matchs, events sportifs etc \u2026)<br >\u2022 Cr\u00e9er des parrainages entre \u00e9tudiants d\u2019une m\u00eame fili\u00e8re\n<br >\u2022 Programmer des \u00e9v\u00e8nements pour tous les niveaux de Bac+2 \u00e0 Bac+5: BTS, Bachelors, DCG, Managers et Mast\u00e8re.<br >\u2022 Etre le relais de votre voix aupr\u00e8s de l\u2019\u00e9cole\n<br ><br >Que vous soyez passionn\u00e9(e) par le sport, la culture, ou les \u00e9v\u00e8nements festifs ou juste pour faire des rencontres, le BDE proposera une gamme diversifi\u00e9e d\u2019activit\u00e9s pour enrichir vos ann\u00e9es d\u2019\u00e9tudes par des moments de convivialit\u00e9, de coh\u00e9sion et de partage.&nbsp;<\/p> <h5  class=\"\" style=\"text-align: justify;\"><span  style=\"font-family: Helvetica, Arial, sans-serif, arial, helvetica, sans-serif; color: rgb(255, 97, 0); font-weight: 600;\">Ensemble, cr\u00e9ons la vie \u00e9tudiante qui nous ressemble !<\/span><\/h5><\/div> <\/div> <div  class=\"col-xs-12 col-sm-6 image-col second-image-col first-xs last-sm\" data-bg=\"image\" style=\"background-image: url(&quot;https:\/\/dijonformation.com\/wp-content\/uploads\/2024\/09\/heureux-hommes-femmes-qui-jettent-confettis_23-2147652026.jpg&quot;);\"><\/div> <\/div><\/div> <\/div><div  data-label=\"Overlappable\" data-id=\"overlappable--2\" data-export-id=\"overlappable-3\" data-category=\"overlappable\" class=\"overlappable-3 content-section content-section-spacing\" data-overlap=\"true\" id=\"overlappable-2\" style=\"background-color: rgb(255, 255, 255);\"><div  class=\"gridContainer\"> <div  class=\"row bg-color-white shadow-medium\"><div  class=\"col-xs-12 col-sm-6 image-col first-image-col\" data-bg=\"image\" style=\"background-image: url(&quot;https:\/\/dijonformation.com\/wp-content\/uploads\/2025\/09\/IMG_5387.heic&quot;);\"><\/div> <div  class=\"col-xs-12 col-sm-6 content-col col-padding col-padding-xs\"> <div  class=\"col-padding\" data-type=\"column\">  <h2  class=\"\"><span  style=\"font-weight: 600;\">Qui sommes-nous ?<\/span><\/h2><p  class=\"\" style=\"text-align: justify;\">Nous sommes l\u2019\u00e9quipe du BDE de Dijon Formation, compos\u00e9e de 9 jeunes motiv\u00e9s et avec l\u2019envie de d\u00e9velopper une vraie communaut\u00e9 \u00e9tudiante au sein de l\u2019\u00e9cole. Nous sommes tous \u00e9tudiants en 2\u00e8me ann\u00e9e de BTS, et repr\u00e9sentons toutes les fili\u00e8res et niveaux de formation. Nous sommes toutes et tous issus de BTS diff\u00e9rents, ce qui fait que chacun peut mettre \u00e0 profit ses connaissances sp\u00e9cifiques : communication, gestion, commerce, n\u00e9gociation, comptabilit\u00e9, informatique et suivi administratif.&nbsp;\n<br >De plus, certains d\u2019entre nous ont une r\u00e9elle exp\u00e9rience dans le milieu associatif, la gestion d\u2019un BDE ou d\u2019une corpo\u2026&nbsp;<br ><br >\nNous avons h\u00e2te de lancer les festivit\u00e9s et de faire vivre ce BDE avec vous !<\/p> <\/div> <\/div><\/div> <div  class=\"row bg-color-white shadow-medium\"><div  class=\"col-xs-12 col-sm-6 content-col col-padding col-padding-xs\"> <div  class=\"col-padding\" data-type=\"column\"> <h2  class=\"\"><span  style=\"font-weight: 600;\">Contacte-nous<\/span><\/h2><p  class=\"\" style=\"text-align: justify;\">Une question, une id\u00e9e ou envie de participer \u00e0 nos \u00e9v\u00e9nements ? Le BDE est l\u00e0 pour toi. \u00c9cris nous par mail&nbsp;<a  data-mce-href=\"mailto:bde@dijonformation.com\" href=\"mailto:bde@dijonformation.com\" target=\"_blank\" rel=\"noopener\" data-mce-selected=\"inline-boundary\" data-cp-link=\"1\"><span  style=\"font-weight: 600;\">bde@dijonformation.com<\/span><\/a> pour toutes propositions et questions sur nos meilleurs \u00e9v\u00e8nements \u00e0 venir. \n<br >Que tu sois en Bac+2, en Bac+3 ou Bac+5, le BDE est l\u00e0 pour toi !&nbsp;<\/p> <\/div> <\/div> <div  class=\"col-xs-12 col-sm-6 image-col second-image-col first-xs last-sm\" data-bg=\"image\" style=\"background-image: url(&quot;https:\/\/dijonformation.com\/wp-content\/uploads\/2024\/09\/cropped-cropped-cropped-w3-fIW1BQPyjTDs7YAeEUA-1-1.webp&quot;);\"><\/div> <\/div><\/div> <\/div><div  data-label=\"Team\" data-id=\"team--1\" data-export-id=\"team-5\" data-category=\"team\" class=\"team-5 content-section content-section-spacing\" id=\"team-1\" style=\"background-color: rgb(245, 250, 253);\"><div  class=\"gridContainer\"> <div  class=\"row text-center\"><div  class=\"section-title-col\" data-type=\"column\"> <h2  class=\"\" style=\"text-align: left;\"><span  style=\"font-weight: 600;\">Le mot du pr\u00e9sident<\/span><\/h2> <h2  class=\"\" style=\"text-align: left;\"><span  style=\"color: rgb(255, 97, 0);\">\u201d<\/span><\/h2><p  class=\"lead\" style=\"text-align: justify;\"><span  style=\"color: rgb(34, 34, 34); font-weight: 400;\">Bonjour,<\/span><br ><span  style=\"color: rgb(34, 34, 34); font-weight: 400;\">\nC\u2019est avec un immense plaisir que, je vous adresse ces quelques mots en tant que pr\u00e9sident du Bureau des \u00c9l\u00e8ves pour cette nouvelle ann\u00e9e.<\/span><br ><span  style=\"color: rgb(34, 34, 34); font-weight: 400;\">\nNotre BDE est compos\u00e9 d\u2019une \u00e9quipe d\u2019\u00e9tudiants motiv\u00e9s et passionn\u00e9s, d\u00e9termin\u00e9s \u00e0 enrichir votre vie sur le campus \u00e0 travers une vari\u00e9t\u00e9 d\u2019\u00e9v\u00e9nements, d\u2019activit\u00e9s, et d\u2019initiatives. Nous avons \u00e0 c\u0153ur de promouvoir une ambiance conviviale, d\u2019encourager la diversit\u00e9 et de renforcer le sentiment d\u2019appartenance \u00e0 notre belle \u00e9cole.<\/span><br ><span  style=\"color: rgb(34, 34, 34); font-weight: 400;\">\nQue vous soyez nouvel arrivant ou \u00e9tudiant de longue date, notre objectif est de faire de votre exp\u00e9rience ici un moment inoubliable. Nous serons \u00e0 votre \u00e9coute tout au long de l\u2019ann\u00e9e pour r\u00e9pondre \u00e0 vos besoins et pour soutenir toutes Ies initiatives qui contribuent \u00e0 rendre notre \u00e9cole encore plus vivante et dynamique.<\/span><br ><span  style=\"color: rgb(34, 34, 34); font-weight: 400;\">\nNous vous invitons \u00e0 nous suivre de pr\u00e8s, \u00e0 participer \u00e0 nos \u00e9v\u00e9nements, et \u00e0 partager avec nous vos id\u00e9es et vos projets.<\/span><br ><span  style=\"color: rgb(34, 34, 34); font-weight: 400;\">\nAu plaisir de vous rencontrer !<\/span><br ><span  style=\"color: rgb(34, 34, 34); font-weight: 400;\">\nBien chaleureusement,\n<\/span><br ><br ><font  color=\"#222222\"><span  style=\"caret-color: rgb(34, 34, 34);\">Pierre TETU<\/span><\/font><br ><span  style=\"color: rgb(34, 34, 34); font-weight: 400;\">\nPr\u00e9sident du BDE \ud83d\ude42<\/span><\/p><\/div> <\/div> <div  class=\"row spaced-cols content-center-sm center-sm\" data-type=\"row\">        <div  class=\"col-xs-12 col-sm-6 col-padding col-md-12 \"> <div  class=\"row \"> <div  data-type=\"column\" class=\"col-xs-12 col-sm-12\"> <img  decoding=\"async\" class=\"round face\" src=\"https:\/\/dijonformation.com\/wp-content\/uploads\/2025\/09\/PHOTO-PORTRAIT-ROND-3-scaled.png\" title=\"PHOTO PORTRAIT ROND-3\" alt=\"\"> <h4  class=\"font-500\"><font  color=\"#222222\" face=\"Helvetica, Arial, sans-serif, arial, helvetica, sans-serif\"><span  style=\"caret-color: rgb(34, 34, 34);\"><b >Pierre TETU<\/b><\/span><\/font><\/h4> <p  class=\"italic\">BTS NDRC<\/p>  <div  class=\"social-icons-group\" data-type=\"group\"> <a  href=\"#\" target=\"_self\" data-reiki-hidden=\"true\" rel=\"noopener\"><i  class=\"fa icon fa-facebook-square gray\"><\/i><\/a> <a  href=\"#\" target=\"_self\" data-reiki-hidden=\"true\" rel=\"noopener\"><i  class=\"fa icon fa-twitter-square gray\"><\/i><\/a> <a  href=\"#\" target=\"_self\" data-reiki-hidden=\"true\" rel=\"noopener\"><i  class=\"fa icon fa-linkedin-square gray\"><\/i><\/a> <a  href=\"#\" target=\"_self\" data-reiki-hidden=\"true\" rel=\"noopener\"><i  class=\"fa icon fa-google-plus-square gray\"><\/i><\/a><\/div> <\/div><\/div> <\/div><\/div> <\/div><\/div><div  data-label=\"Content\" data-id=\"content--2\" data-export-id=\"content-14\" data-category=\"content\" data-section-ov=\"1\" class=\"content-14 content-section content-section-spacing lightbox-video inverted white-text\" data-parallax-depth=\"20\" id=\"content-2\" style=\"background-color: rgb(255, 255, 255);\"><div  class=\"gridContainer\"> <div  class=\"row center-xs middle-xs\"><div  class=\"col-xs middle-xs center-xs\">  <a  data-cp-link=\"1\" href=\"https:\/\/www.instagram.com\/bde_dijonformation?igsh=MWw4YWRhZjhjcXFkYQ%3D%3D\" target=\"_blank\" rel=\"noopener\" class=\"\"><i  class=\"fa video-icon fa-instagram color-white\" data-cp-fa=\"true\"><\/i><\/a> <p  class=\"h2 space-top\"><span  style=\"color: rgb(254, 250, 250);\">POUR REJOINDRE LE BDE QUI TE RESSEMBLE !<\/span><\/p><\/div> <\/div><\/div> <\/div>","protected":false},"excerpt":{"rendered":"<p>Le Bureau Des Etudiants de Dijon Formation Rejoins le BDE, une exp\u00e9rience \u00e9tudiante unique et une communaut\u00e9 dynamique ! BDE, une vie \u00e9tudiante inoubliableRentr\u00e9e 2025, lancement officiel du BDE de Dijon Formation !Le nouveau bureau du BDE est en place, les partenariats avec les bars, clubs sportifs et enseignes commerciales sont en cours et toute&hellip; <br \/> <a class=\"read-more\" href=\"https:\/\/dijonformation.com\/index.php\/bde\/\">Read more<\/a><\/p>\n","protected":false},"author":1,"featured_media":0,"parent":0,"menu_order":0,"comment_status":"closed","ping_status":"closed","template":"pro\/page-templates\/full-width-page.php","meta":{"om_disable_all_campaigns":false,"_uf_show_specific_survey":0,"_uf_disable_surveys":false,"footnotes":""},"class_list":["post-4519","page","type-page","status-publish","hentry"],"aioseo_notices":[],"yoast_head":"<!-- This site is optimized with the Yoast SEO plugin v26.8 - https:\/\/yoast.com\/product\/yoast-seo-wordpress\/ -->\n<title>BDE - Dijon Formation<\/title>\n<meta name=\"description\" content=\"Rejoignez le BDE de Dijon Formation, coh\u00e9sion \u00e9tudiante, animations, r\u00e9ductions chez nos partenaires. Grandissons ensemble.\" \/>\n<meta name=\"robots\" content=\"index, follow, max-snippet:-1, max-image-preview:large, max-video-preview:-1\" \/>\n<link rel=\"canonical\" href=\"https:\/\/dijonformation.com\/index.php\/bde\/\" \/>\n<meta property=\"og:locale\" content=\"fr_FR\" \/>\n<meta property=\"og:type\" content=\"article\" \/>\n<meta property=\"og:title\" content=\"BDE - Dijon Formation\" \/>\n<meta property=\"og:description\" content=\"Rejoignez le BDE de Dijon Formation, coh\u00e9sion \u00e9tudiante, animations, r\u00e9ductions chez nos partenaires. Grandissons ensemble.\" \/>\n<meta property=\"og:url\" content=\"https:\/\/dijonformation.com\/index.php\/bde\/\" \/>\n<meta property=\"og:site_name\" content=\"Dijon Formation\" \/>\n<meta property=\"article:publisher\" content=\"https:\/\/www.facebook.com\/dijonfo\/\" \/>\n<meta property=\"article:modified_time\" content=\"2025-10-16T13:03:55+00:00\" \/>\n<meta property=\"og:image\" content=\"https:\/\/dijonformation.com\/wp-content\/uploads\/2025\/10\/cropped-BDE-SITE-INTERNET-2025-scaled-1.png\" \/>\n<meta name=\"twitter:card\" content=\"summary_large_image\" \/>\n<meta name=\"twitter:label1\" content=\"Dur\u00e9e de lecture estim\u00e9e\" \/>\n\t<meta name=\"twitter:data1\" content=\"4 minutes\" \/>\n<script type=\"application\/ld+json\" class=\"yoast-schema-graph\">{\"@context\":\"https:\/\/schema.org\",\"@graph\":[{\"@type\":\"WebPage\",\"@id\":\"https:\/\/dijonformation.com\/index.php\/bde\/\",\"url\":\"https:\/\/dijonformation.com\/index.php\/bde\/\",\"name\":\"BDE - Dijon Formation\",\"isPartOf\":{\"@id\":\"https:\/\/dijonformation.com\/#website\"},\"primaryImageOfPage\":{\"@id\":\"https:\/\/dijonformation.com\/index.php\/bde\/#primaryimage\"},\"image\":{\"@id\":\"https:\/\/dijonformation.com\/index.php\/bde\/#primaryimage\"},\"thumbnailUrl\":\"https:\/\/dijonformation.com\/wp-content\/uploads\/2025\/10\/cropped-BDE-SITE-INTERNET-2025-scaled-1.png\",\"datePublished\":\"2024-07-18T08:21:50+00:00\",\"dateModified\":\"2025-10-16T13:03:55+00:00\",\"description\":\"Rejoignez le BDE de Dijon Formation, coh\u00e9sion \u00e9tudiante, animations, r\u00e9ductions chez nos partenaires. Grandissons ensemble.\",\"breadcrumb\":{\"@id\":\"https:\/\/dijonformation.com\/index.php\/bde\/#breadcrumb\"},\"inLanguage\":\"fr-FR\",\"potentialAction\":[{\"@type\":\"ReadAction\",\"target\":[\"https:\/\/dijonformation.com\/index.php\/bde\/\"]}]},{\"@type\":\"ImageObject\",\"inLanguage\":\"fr-FR\",\"@id\":\"https:\/\/dijonformation.com\/index.php\/bde\/#primaryimage\",\"url\":\"https:\/\/dijonformation.com\/wp-content\/uploads\/2025\/10\/cropped-BDE-SITE-INTERNET-2025-scaled-1.png\",\"contentUrl\":\"https:\/\/dijonformation.com\/wp-content\/uploads\/2025\/10\/cropped-BDE-SITE-INTERNET-2025-scaled-1.png\",\"width\":2560,\"height\":1022},{\"@type\":\"BreadcrumbList\",\"@id\":\"https:\/\/dijonformation.com\/index.php\/bde\/#breadcrumb\",\"itemListElement\":[{\"@type\":\"ListItem\",\"position\":1,\"name\":\"Accueil\",\"item\":\"https:\/\/dijonformation.com\/\"},{\"@type\":\"ListItem\",\"position\":2,\"name\":\"BDE\"}]},{\"@type\":\"WebSite\",\"@id\":\"https:\/\/dijonformation.com\/#website\",\"url\":\"https:\/\/dijonformation.com\/\",\"name\":\"Dijon Formation\",\"description\":\"Dijon Formation l&#039;\u00e9cole sup\u00e9rieure 100% alternance de Bac +2 \u00e0 Bac +5\",\"publisher\":{\"@id\":\"https:\/\/dijonformation.com\/#organization\"},\"potentialAction\":[{\"@type\":\"SearchAction\",\"target\":{\"@type\":\"EntryPoint\",\"urlTemplate\":\"https:\/\/dijonformation.com\/?s={search_term_string}\"},\"query-input\":{\"@type\":\"PropertyValueSpecification\",\"valueRequired\":true,\"valueName\":\"search_term_string\"}}],\"inLanguage\":\"fr-FR\"},{\"@type\":\"Organization\",\"@id\":\"https:\/\/dijonformation.com\/#organization\",\"name\":\"Dijon Formation\",\"url\":\"https:\/\/dijonformation.com\/\",\"logo\":{\"@type\":\"ImageObject\",\"inLanguage\":\"fr-FR\",\"@id\":\"https:\/\/dijonformation.com\/#\/schema\/logo\/image\/\",\"url\":\"https:\/\/dijonformation.com\/wp-content\/uploads\/2024\/03\/cropped-LOGO-SITE-DIJON-ISMACC-1.png\",\"contentUrl\":\"https:\/\/dijonformation.com\/wp-content\/uploads\/2024\/03\/cropped-LOGO-SITE-DIJON-ISMACC-1.png\",\"width\":3248,\"height\":512,\"caption\":\"Dijon Formation\"},\"image\":{\"@id\":\"https:\/\/dijonformation.com\/#\/schema\/logo\/image\/\"},\"sameAs\":[\"https:\/\/www.facebook.com\/dijonfo\/\",\"https:\/\/www.linkedin.com\/company\/dijon-formation\",\"https:\/\/www.instagram.com\/dijon_formation\/\"]}]}<\/script>\n<!-- \/ Yoast SEO plugin. -->","yoast_head_json":{"title":"BDE - Dijon Formation","description":"Rejoignez le BDE de Dijon Formation, coh\u00e9sion \u00e9tudiante, animations, r\u00e9ductions chez nos partenaires. Grandissons ensemble.","robots":{"index":"index","follow":"follow","max-snippet":"max-snippet:-1","max-image-preview":"max-image-preview:large","max-video-preview":"max-video-preview:-1"},"canonical":"https:\/\/dijonformation.com\/index.php\/bde\/","og_locale":"fr_FR","og_type":"article","og_title":"BDE - Dijon Formation","og_description":"Rejoignez le BDE de Dijon Formation, coh\u00e9sion \u00e9tudiante, animations, r\u00e9ductions chez nos partenaires. Grandissons ensemble.","og_url":"https:\/\/dijonformation.com\/index.php\/bde\/","og_site_name":"Dijon Formation","article_publisher":"https:\/\/www.facebook.com\/dijonfo\/","article_modified_time":"2025-10-16T13:03:55+00:00","og_image":[{"url":"https:\/\/dijonformation.com\/wp-content\/uploads\/2025\/10\/cropped-BDE-SITE-INTERNET-2025-scaled-1.png","type":"","width":"","height":""}],"twitter_card":"summary_large_image","twitter_misc":{"Dur\u00e9e de lecture estim\u00e9e":"4 minutes"},"schema":{"@context":"https:\/\/schema.org","@graph":[{"@type":"WebPage","@id":"https:\/\/dijonformation.com\/index.php\/bde\/","url":"https:\/\/dijonformation.com\/index.php\/bde\/","name":"BDE - Dijon Formation","isPartOf":{"@id":"https:\/\/dijonformation.com\/#website"},"primaryImageOfPage":{"@id":"https:\/\/dijonformation.com\/index.php\/bde\/#primaryimage"},"image":{"@id":"https:\/\/dijonformation.com\/index.php\/bde\/#primaryimage"},"thumbnailUrl":"https:\/\/dijonformation.com\/wp-content\/uploads\/2025\/10\/cropped-BDE-SITE-INTERNET-2025-scaled-1.png","datePublished":"2024-07-18T08:21:50+00:00","dateModified":"2025-10-16T13:03:55+00:00","description":"Rejoignez le BDE de Dijon Formation, coh\u00e9sion \u00e9tudiante, animations, r\u00e9ductions chez nos partenaires. Grandissons ensemble.","breadcrumb":{"@id":"https:\/\/dijonformation.com\/index.php\/bde\/#breadcrumb"},"inLanguage":"fr-FR","potentialAction":[{"@type":"ReadAction","target":["https:\/\/dijonformation.com\/index.php\/bde\/"]}]},{"@type":"ImageObject","inLanguage":"fr-FR","@id":"https:\/\/dijonformation.com\/index.php\/bde\/#primaryimage","url":"https:\/\/dijonformation.com\/wp-content\/uploads\/2025\/10\/cropped-BDE-SITE-INTERNET-2025-scaled-1.png","contentUrl":"https:\/\/dijonformation.com\/wp-content\/uploads\/2025\/10\/cropped-BDE-SITE-INTERNET-2025-scaled-1.png","width":2560,"height":1022},{"@type":"BreadcrumbList","@id":"https:\/\/dijonformation.com\/index.php\/bde\/#breadcrumb","itemListElement":[{"@type":"ListItem","position":1,"name":"Accueil","item":"https:\/\/dijonformation.com\/"},{"@type":"ListItem","position":2,"name":"BDE"}]},{"@type":"WebSite","@id":"https:\/\/dijonformation.com\/#website","url":"https:\/\/dijonformation.com\/","name":"Dijon Formation","description":"Dijon Formation l&#039;\u00e9cole sup\u00e9rieure 100% alternance de Bac +2 \u00e0 Bac +5","publisher":{"@id":"https:\/\/dijonformation.com\/#organization"},"potentialAction":[{"@type":"SearchAction","target":{"@type":"EntryPoint","urlTemplate":"https:\/\/dijonformation.com\/?s={search_term_string}"},"query-input":{"@type":"PropertyValueSpecification","valueRequired":true,"valueName":"search_term_string"}}],"inLanguage":"fr-FR"},{"@type":"Organization","@id":"https:\/\/dijonformation.com\/#organization","name":"Dijon Formation","url":"https:\/\/dijonformation.com\/","logo":{"@type":"ImageObject","inLanguage":"fr-FR","@id":"https:\/\/dijonformation.com\/#\/schema\/logo\/image\/","url":"https:\/\/dijonformation.com\/wp-content\/uploads\/2024\/03\/cropped-LOGO-SITE-DIJON-ISMACC-1.png","contentUrl":"https:\/\/dijonformation.com\/wp-content\/uploads\/2024\/03\/cropped-LOGO-SITE-DIJON-ISMACC-1.png","width":3248,"height":512,"caption":"Dijon Formation"},"image":{"@id":"https:\/\/dijonformation.com\/#\/schema\/logo\/image\/"},"sameAs":["https:\/\/www.facebook.com\/dijonfo\/","https:\/\/www.linkedin.com\/company\/dijon-formation","https:\/\/www.instagram.com\/dijon_formation\/"]}]}},"_links":{"self":[{"href":"https:\/\/dijonformation.com\/index.php\/wp-json\/wp\/v2\/pages\/4519","targetHints":{"allow":["GET"]}}],"collection":[{"href":"https:\/\/dijonformation.com\/index.php\/wp-json\/wp\/v2\/pages"}],"about":[{"href":"https:\/\/dijonformation.com\/index.php\/wp-json\/wp\/v2\/types\/page"}],"author":[{"embeddable":true,"href":"https:\/\/dijonformation.com\/index.php\/wp-json\/wp\/v2\/users\/1"}],"replies":[{"embeddable":true,"href":"https:\/\/dijonformation.com\/index.php\/wp-json\/wp\/v2\/comments?post=4519"}],"version-history":[{"count":33,"href":"https:\/\/dijonformation.com\/index.php\/wp-json\/wp\/v2\/pages\/4519\/revisions"}],"predecessor-version":[{"id":6406,"href":"https:\/\/dijonformation.com\/index.php\/wp-json\/wp\/v2\/pages\/4519\/revisions\/6406"}],"wp:attachment":[{"href":"https:\/\/dijonformation.com\/index.php\/wp-json\/wp\/v2\/media?parent=4519"}],"curies":[{"name":"wp","href":"https:\/\/api.w.org\/{rel}","templated":true}]}}