{"id":5267,"date":"2024-10-04T09:23:27","date_gmt":"2024-10-04T07:23:27","guid":{"rendered":"https:\/\/dijonformation.com\/?page_id=5267"},"modified":"2025-11-03T10:29:45","modified_gmt":"2025-11-03T09:29:45","slug":"les-negociales","status":"publish","type":"page","link":"https:\/\/dijonformation.com\/index.php\/les-negociales\/","title":{"rendered":"Concours Les N\u00e9gociales"},"content":{"rendered":"<div  data-label=\"Cta\" data-id=\"cta--1\" data-export-id=\"cta-blue-section\" data-category=\"cta\" class=\"cta-blue-section content-section content-section-spacing-medium bg-color1 white-text\" id=\"cta-1\" style=\"background-image: none; background-color: rgb(227, 6, 19);\"><div  class=\"gridContainer\"> <div  class=\"row middle-xs\"><div  class=\"col-sm-8 space-bottom-xs\" data-type=\"column\">  <h3  class=\"\"><span  style=\"font-weight: 600;\">En savoir + sur les N\u00e9gociales 2025\/2026<\/span><\/h3><\/div> <div  class=\"col-sm-4 end-sm\" data-type=\"column\"> <a  class=\"button color-white\" href=\"https:\/\/www.lesnegociales.com\" target=\"_blank\" data-cp-link=\"1\" data-icon=\"\" rel=\"noopener\">SITE OFFICIEL<\/a><\/div> <\/div><\/div> <\/div><div  data-label=\"Content\" data-id=\"content--5\" data-export-id=\"content-17\" data-category=\"content\" class=\"content-17 content-section content-section-spacing\" id=\"content-5\" style=\"background-color: rgb(245, 250, 253);\"><div  class=\"gridContainer\"> <div  class=\"row middle-sm\"><div  class=\"col-sm-6 space-bottom-xs\" data-type=\"column\"> <h2  class=\"\"><span  style=\"color: rgb(227, 6, 19); font-weight: 600;\">Chers professionnels,\n<\/span><br ><span  style=\"color: rgb(227, 6, 19); font-weight: 600;\">devenez membre du jury ! <\/span><\/h2> <p  class=\"\" style=\"text-align: justify;\">Nous vous invitons \u00e0 vous<span  style=\"font-weight: 600;\"> inscrire au N\u00e9gotour de Dijon Formation<\/span> 2025\/2026 en tant que membre du jury. \n<br ><br >Rejoignez une \u00e9quipe de professionnels pour \u00e9valuer les performances des \u00e9tudiants, rencontrez les talents de demain, \u00e9largissez votre r\u00e9seau et participez \u00e0 un \u00e9v\u00e8nement natonal reconnu. <span  style=\"font-weight: 600;\">Votre expertise<\/span> <span  style=\"font-weight: 600;\">est essentielle<\/span>.<\/p> <p  class=\"lead\"><span  style=\"font-weight: 600; color: rgb(34, 34, 34);\">Pourquoi devenir membre du jury du N\u00e9gotour \n<br >de Dijon Formation ?<\/span><\/p><p  class=\"\" style=\"text-align: justify;\">\u2022 <span  style=\"font-weight: 600;\">Transmettre son savoir<\/span> : Partager son exp\u00e9rience professionelle avec les futurs commerciaux.<br >\n\u2022&nbsp;<span  style=\"font-weight: 600;\">Enrichir son r\u00e9seau<\/span> : Rencontrer des professionnels de son secteur et d\u00e9velopper des opportunit\u00e9s de collaboration.<br >\n\u2022 <span  style=\"font-weight: 600;\">Vivre une exp\u00e9rience enrichissante<\/span> : Participer \u00e0 un \u00e9v\u00e9nement majeur de la formation professionelle avec Dijon Formation.<\/p><a  class=\"button color73\" href=\"mailto:conseils@dijonformation.com\" target=\"_blank\" data-cp-link=\"1\" data-icon=\"\" rel=\"noopener\">PRENEZ CONTACT AVEC NOUS !<\/a><p  class=\"\">Ou par t\u00e9l\u00e9phone, demandez Julie ALIX : 03 80 48 99 99<\/p><a  class=\"button color73\" href=\"https:\/\/backoffice.lesnegociales.com\/index.php\/inscription-professionnelle\" target=\"_blank\" data-cp-link=\"1\" data-icon=\"\" rel=\"noopener\">OU BIEN INSCRIVEZ-VOUS DIRECTEMENT EN LIGNE<\/a><p  class=\"\">Le centre de qualification de Dijon Formation est sous la banni\u00e8re \u201cCote d\u2019Or 2 \u2013 Dijon Formation\u201d.<\/p><\/div> <div  class=\"col-sm-6 flexbox around-xs top-xs space-top-xs space-bottom-xs\"><div  class=\"overlay-box flexbox middle-xs center-xs overlay-holder\"> <div  class=\"overlay-box-offset offset-background shadow-medium bg-color2 hide-xs\"><\/div> <img  decoding=\"async\" class=\"flexbox shadow-large img1\" data-size=\"500x500\" src=\"https:\/\/dijonformation.com\/wp-content\/uploads\/2025\/10\/cropped-VISU-LES-NEGOCIALES-JURY-2026-3.png\" title=\"VISU LES N\u00c9GOCIALES JURY 2026\" alt=\"\"><\/div> <\/div><\/div> <\/div><\/div><div  data-label=\"Content\" data-id=\"content--2\" data-export-id=\"content-12\" data-category=\"content\" class=\"content-12 content-section content-section-spacing\" id=\"content-2\" style=\"background-color: rgb(245, 250, 253);\"><div  class=\"gridContainer\"> <div  class=\"row text-center\"><div  class=\"section-title-col\" data-type=\"column\"> <h2  class=\"\"><span  style=\"font-weight: 600;\">Dijon Formation, centre de qualification officiel du N\u00e9gotour 2025\/2026<\/span><\/h2> <\/div> <\/div> <div  class=\"row center-xs middle-xs\"> <div  class=\"col-sm-9\" data-type=\"column\"> <img  decoding=\"async\" class=\"shadow-large\" src=\"https:\/\/dijonformation.com\/wp-content\/uploads\/2025\/10\/cropped-SITE-INTERNET-BANDEAU-NEGOCIALES-DF-CF-scaled-1.png\" title=\"SITE INTERNET BANDEAU N\u00c9GOCIALES DF CF\" alt=\"\"><img  decoding=\"async\" class=\"custom-image\" src=\"https:\/\/dijonformation.com\/wp-content\/uploads\/2025\/03\/cropped-IMG_4162-scaled-1.jpg\" title=\"IMG_4162\" alt=\"\"><\/div> <\/div><\/div> <\/div><div  data-label=\"Content\" data-id=\"content--3\" data-export-id=\"content-7\" data-category=\"content\" class=\"content-7 content-section content-section-spacing\" id=\"content-3\" style=\"background-color: rgb(255, 255, 255);\"><div  class=\"gridContainer\"> <div  class=\"row middle-sm\"><div  class=\"col-sm-6 space-bottom-xs\" data-type=\"column\"> <h2  class=\"\"><span  style=\"color: rgb(227, 6, 19); font-weight: 600;\">Les N\u00e9gociales 2025\/2026\n<br >1<sup >er<\/sup> et 2 avril 2026 \u2013 Nancy<\/span><\/h2> <p  class=\"\"><span  style=\"font-weight: 600;\">Depuis 36 ans<\/span>, 6000 candidats, 3000 professionnels, 200 entreprises partenaires<\/p> <p  class=\"\" style=\"text-align: justify;\">Les N\u00e9gociales est le <span  style=\"font-weight: 600;\">plus grand concours<\/span> de n\u00e9gociation commerciale francophone centr\u00e9 sur la n\u00e9gociation commerciale, destin\u00e9 principalement aux <span  style=\"font-weight: 600;\">\u00e9tudiants et jeunes professionnels<\/span>. Il a pour objectif de mettre en valeur les comp\u00e9tences en vente et en n\u00e9gociation des participants, en les confrontant \u00e0 <span  style=\"font-weight: 600;\">des situations professionnelles r\u00e9elles<\/span> simul\u00e9es par des jurys compos\u00e9s de professionnels du secteur.\n<br ><br >L\u2019an dernier, 17 candidats de Dijon Formation et Chalon Formation se sont qualifi\u00e9s pour la grande finale qui a eu lieu \u00e0 Nancy.<\/p><a  class=\"button color73\" href=\"https:\/\/www.lesnegociales.com\" target=\"_blank\" data-cp-link=\"1\" data-icon=\"\" rel=\"noopener\">PAGE OFFICIELLE : LES N\u00c9GOCIALES <\/a><\/div> <div  class=\"col-sm-6\" data-type=\"column\"> <img  decoding=\"async\" class=\"shadow-large\" src=\"https:\/\/dijonformation.com\/wp-content\/uploads\/2024\/10\/Finalistes-33eme-Finale-LES-NEGOCIALES-scaled.jpg\" title=\"Finalistes 33e\u0300me Finale - LES NE\u0301GOCIALES\" alt=\"\"><\/div> <\/div><\/div> <\/div><div  data-label=\"Content\" data-id=\"content--4\" data-export-id=\"content-8\" data-category=\"content\" class=\"content-8 content-section content-section-spacing\" id=\"content-4\" style=\"background-color: rgb(245, 250, 253);\"><div  class=\"gridContainer\"> <div  class=\"row middle-sm\"><div  class=\"col-sm-6 space-bottom-xs space-top-xs\" data-type=\"column\"> <img  decoding=\"async\" class=\"shadow-large\" src=\"https:\/\/dijonformation.com\/wp-content\/uploads\/2024\/10\/Jeu-de-role-Finale-2-LES-NEGOCIALES-scaled.jpg\" title=\"Jeu de ro\u0302le Finale 2 - LES NE\u0301GOCIALES\" alt=\"\"><\/div> <div  class=\"col-sm-6\" data-type=\"column\"><h2  class=\"\"><span  style=\"color: rgb(227, 6, 19); font-weight: 600;\">Pourquoi participer aux N\u00e9gociales 2025\/2026 ?<\/span><\/h2> <h4  class=\"\"><span  style=\"font-family: Helvetica, Arial, sans-serif, arial, helvetica, sans-serif; font-weight: 600; color: rgb(34, 34, 34);\">Les objectifs :&nbsp;<\/span><\/h4> <p  class=\"\" style=\"text-align: justify;\">\u2022 <span  style=\"font-weight: 600;\">Acqu\u00e9rir des comp\u00e9tences cl\u00e9s<\/span> : Les participants gagnent une exp\u00e9rience concr\u00e8te en vente et en n\u00e9gociation, des atouts cruciaux pour leur future carri\u00e8re commerciale.<br >\n\u2022 <span  style=\"font-weight: 600;\">Nouer des liens avec les entreprises<\/span> : L\u2019\u00e9v\u00e9nement constitue une occasion privil\u00e9gi\u00e9e pour \u00eatre rep\u00e9r\u00e9 par des recruteurs et d\u00e9velopper son r\u00e9seau professionnel.<br >\n\u2022 <span  style=\"font-weight: 600;\">Se distinguer<\/span> : Les participants les plus performants peuvent acc\u00e9der \u00e0 des prix, \u00e0 des stages, voire \u00e0 des opportunit\u00e9s d\u2019emploi.\n<br ><br >\nAu fil des ann\u00e9es, ce concours est devenu <span  style=\"font-weight: 600;\">une r\u00e9f\u00e9rence<\/span> pour les \u00e9tudiants en commerce, management et vente, tout en offrant aux entreprises la chance de d\u00e9couvrir de nouveaux talents.&nbsp;<\/p><a  class=\"button color73\" href=\"https:\/\/www.lesnegociales.com\/le-concours\" target=\"_blank\" data-cp-link=\"1\" data-icon=\"\" rel=\"noopener\">\u00c0 PROPOS : SITE OFFICIEL LES N\u00c9GOCIALES <\/a><\/div> <\/div><\/div> <\/div><div  data-label=\"Features\" data-id=\"features--1\" data-export-id=\"features-5\" data-category=\"features\" class=\"features-5 content-section-spacing\" id=\"features-1\" style=\"background-color: rgb(245, 250, 253);\"><div  class=\"gridContainer\"> <div  class=\"row text-center\"><div  class=\"section-title-col\" data-type=\"column\"> <h2  class=\"\"><span  style=\"font-weight: 600;\">R\u00e9troplanning : Concours \n<\/span><br ><span  style=\"font-weight: 600;\">Les N\u00e9gociales&nbsp;&nbsp;<span  style=\"font-size: 2.5rem;\">2025\/<\/span><span  style=\"font-size: 2.5rem;\">2026<\/span><\/span><\/h2> <h3  class=\"\"><span  style=\"font-weight: 600; font-family: Helvetica, Arial, sans-serif, arial, helvetica, sans-serif; color: rgb(34, 34, 34);\">C\u00f4te d\u2019Or 2<\/span><\/h3><\/div> <\/div> <div  class=\"row text-center center-sm content-center-sm\" data-type=\"row\"> <div  class=\"col-xs-12 col-sm-4 col-padding-small col-md-6 \"> <div  class=\"number-container\"> <div  class=\"link-line left bg-color1\"><\/div> <p  class=\"number border-color1 color1\"><span >1<\/span><\/p> <div  class=\"link-line right bg-color1\"><\/div><\/div> <div  data-type=\"column\" class=\"\"><h3  class=\"\"><span  style=\"font-family: Helvetica, Arial, sans-serif, arial, helvetica, sans-serif; font-weight: 600; color: rgb(34, 34, 34);\">Mardi 20 janvier 2026<\/span><\/h3> <p  class=\"lead\"><span  style=\"font-weight: 600; color: rgb(34, 34, 34);\">LA S\u00c9LECTION R\u00c9GIONALE, LE N\u00c9GOTOUR<\/span><\/p><p  class=\"text-center\" style=\"text-align: justify;\">Notre \u00e9cole Dijon Formation est tr\u00e8s fiere d\u2019\u00eatre pour la 2\u00e8me ann\u00e9e cons\u00e9cutive centre de qualification du N\u00e9gotour sous la banni\u00e8re \u201cC\u00f4te d\u2019Or 2\u201d. Les \u00e9tudiants, toutes \u00e9coles invit\u00e9es confondues, se confrontent \u00e0 des sc\u00e9narios de n\u00e9gociation face \u00e0 des jurys compos\u00e9s de professionnels. Ils sont \u00e9valu\u00e9s sur leur capacit\u00e9 \u00e0 n\u00e9gocier, leur argumentation, et leur attitude face aux d\u00e9fis commerciaux pour acc\u00e9der \u00e0 <span  style=\"font-weight: 600;\">la grande finale nationale<\/span>.&nbsp;\n<\/p><a  class=\"button color73\" href=\"https:\/\/www.lesnegociales.com\/les-qualifications\" target=\"_blank\" data-cp-link=\"1\" data-icon=\"\" rel=\"noopener\">LE N\u00c9GOTOUR : SITE OFFICIEL LES N\u00c9GOCIALES<\/a><\/div> <\/div>  <div  class=\"col-xs-12 col-sm-4 col-padding-small col-md-6 \"> <div  class=\"number-container\"> <div  class=\"link-line left bg-color1\"><\/div> <p  class=\"number border-color1 color1\"><span >2<\/span><\/p> <div  class=\"link-line right bg-color1\"><\/div><\/div> <div  data-type=\"column\" class=\"\"><h3  class=\"\"><span  style=\"font-weight: 600; font-family: Helvetica, Arial, sans-serif, arial, helvetica, sans-serif; color: rgb(34, 34, 34);\">Mercredi 1<sup >er<\/sup> et Jeudi 2 avril 2026<\/span><\/h3> <p  class=\"lead\"><span  style=\"font-weight: 600; color: rgb(34, 34, 34);\">LA FINALE NATIONALE<\/span><\/p><p  class=\"text-center\" style=\"text-align: justify;\">Parmi les 6 000 participants, les 600 meilleurs de l\u2019\u00e9preuve r\u00e9gionale se mesurent pendant 2 jours \u00e0 5 cas de n\u00e9gociation \u00e0 Nancy, afin de remporter <span  style=\"font-weight: 600;\">le titre de meilleur n\u00e9gociateur francophone<\/span>.\n<\/p><a  data-cp-link=\"1\" href=\"#\" class=\"\" target=\"_self\" rel=\"noopener\"><img  decoding=\"async\" class=\"custom-image\" src=\"https:\/\/dijonformation.com\/wp-content\/uploads\/2024\/10\/cropped-cropped-cropped-cropped-Finalistes-34eme-Finale-LES-NEGOCIALES-scaled-1.jpg\" title=\"Finalistes 34e\u0300me Finale - LES NE\u0301GOCIALES\" alt=\"\"><\/a><a  class=\"button color73\" href=\"https:\/\/www.lesnegociales.com\/la-finale\" target=\"_blank\" data-cp-link=\"1\" data-icon=\"\" rel=\"noopener\">LA FINALE : SITE OFFICIEL LES N\u00c9GOCIALES<\/a><\/div> <\/div><\/div> <\/div><\/div><div  data-label=\"Overlappable\" data-id=\"overlappable--1\" data-export-id=\"overlappable-4\" data-category=\"overlappable\" class=\"overlappable-4 content-section content-section-spacing\" data-overlap=\"true\" id=\"overlappable-1\" style=\"background-color: rgb(255, 255, 255);\"><div  class=\"gridContainer\"> <div  data-type=\"row\" class=\"row spaced-cols text-center\"> <div  class=\"col-xs-12 col-sm-4 col-padding col-md-3 \"> <i  class=\"fa icon shadow-large-black aligncenter fa-street-view reverse round large color73\"><\/i> <div  data-type=\"column\" class=\"\">  <p  class=\"lead\"><span  style=\"font-weight: 600; color: rgb(34, 34, 34);\">Une exp\u00e9rience \n<br >unique<\/span><\/p><\/div> <\/div><div  class=\"col-xs-12 col-sm-4 col-padding col-md-3 \"> <i  class=\"fa icon shadow-large-black aligncenter fa-briefcase reverse round large color1\"><\/i> <div  data-type=\"column\" class=\"\"> <p  class=\"lead\"><span  style=\"font-weight: 600; color: rgb(34, 34, 34);\">Un tremplin pour\n<\/span><br ><span  style=\"font-weight: 600; color: rgb(34, 34, 34);\">votre carri\u00e8re<\/span><\/p><\/div> <\/div> <div  class=\"col-xs-12 col-sm-4 col-padding col-md-3 \"> <i  class=\"fa icon shadow-large-black aligncenter fa-phone reverse round large color73\"><\/i> <div  data-type=\"column\" class=\"\"> <p  class=\"lead\"><span  style=\"font-weight: 600; color: rgb(34, 34, 34);\">Un r\u00e9seau\n<br >professionnel<\/span><\/p><\/div> <\/div><div  class=\"col-xs-12 col-sm-4 col-padding col-md-3 \"> <i  class=\"fa icon shadow-large-black aligncenter fa-graduation-cap reverse round large color1\"><\/i> <div  data-type=\"column\" class=\"\">  <p  class=\"lead\"><span  style=\"font-weight: 600; color: rgb(34, 34, 34);\">Une formation \n<br >acc\u00e9l\u00e9r\u00e9e<\/span><\/p><\/div> <\/div><\/div> <\/div><\/div><div  data-label=\"Content\" data-id=\"content--6\" data-export-id=\"content-11\" data-category=\"content\" class=\"content-11 content-section content-section-spacing\" id=\"content-6\" style=\"background-color: rgb(245, 250, 253);\"><div  class=\"gridContainer\"> <div  class=\"row text-center\"><div  class=\"section-title-col\" data-type=\"column\">  <\/div> <\/div> <div  class=\"row center-xs middle-xs\"> <div  class=\"col-sm-9\"> <div  class=\"lightbox-video lightbox-video-tall dark-overlay shadow-large flexbox middle-xs center-xs\" data-type=\"group\" data-bg=\"image\" style=\"background-image: url(&quot;https:\/\/dijonformation.com\/wp-content\/uploads\/2024\/10\/cropped-cropped-Capture-decran-2024-10-07-102236-1.png&quot;);\"> <a  data-fancybox=\"\" data-video-lightbox=\"true\" href=\"https:\/\/www.youtube.com\/watch?v=glvCNy8Gc6g\" class=\"\"> <i  data-cp-fa=\"true\" class=\"fa video-icon fa-play-circle-o color-white\"><\/i><\/a> <\/div><\/div> <\/div><\/div> <\/div>","protected":false},"excerpt":{"rendered":"<p>En savoir + sur les N\u00e9gociales 2025\/2026 SITE OFFICIEL Chers professionnels, devenez membre du jury ! Nous vous invitons \u00e0 vous inscrire au N\u00e9gotour de Dijon Formation 2025\/2026 en tant que membre du jury. Rejoignez une \u00e9quipe de professionnels pour \u00e9valuer les performances des \u00e9tudiants, rencontrez les talents de demain, \u00e9largissez votre r\u00e9seau et participez&hellip; <br \/> <a class=\"read-more\" href=\"https:\/\/dijonformation.com\/index.php\/les-negociales\/\">Read more<\/a><\/p>\n","protected":false},"author":1,"featured_media":0,"parent":0,"menu_order":0,"comment_status":"closed","ping_status":"closed","template":"pro\/page-templates\/full-width-page.php","meta":{"om_disable_all_campaigns":false,"_uf_show_specific_survey":0,"_uf_disable_surveys":false,"footnotes":""},"class_list":["post-5267","page","type-page","status-publish","hentry"],"aioseo_notices":[],"yoast_head":"<!-- This site is optimized with the Yoast SEO plugin v26.8 - https:\/\/yoast.com\/product\/yoast-seo-wordpress\/ -->\n<title>Concours Les N\u00e9gociales - Dijon Formation<\/title>\n<meta name=\"robots\" content=\"index, follow, max-snippet:-1, max-image-preview:large, max-video-preview:-1\" \/>\n<link rel=\"canonical\" href=\"https:\/\/dijonformation.com\/index.php\/les-negociales\/\" \/>\n<meta property=\"og:locale\" content=\"fr_FR\" \/>\n<meta property=\"og:type\" content=\"article\" \/>\n<meta property=\"og:title\" content=\"Concours Les N\u00e9gociales - Dijon Formation\" \/>\n<meta property=\"og:description\" content=\"En savoir + sur les N\u00e9gociales 2025\/2026 SITE OFFICIEL Chers professionnels, devenez membre du jury ! Nous vous invitons \u00e0 vous inscrire au N\u00e9gotour de Dijon Formation 2025\/2026 en tant que membre du jury. Rejoignez une \u00e9quipe de professionnels pour \u00e9valuer les performances des \u00e9tudiants, rencontrez les talents de demain, \u00e9largissez votre r\u00e9seau et participez&hellip; Read more\" \/>\n<meta property=\"og:url\" content=\"https:\/\/dijonformation.com\/index.php\/les-negociales\/\" \/>\n<meta property=\"og:site_name\" content=\"Dijon Formation\" \/>\n<meta property=\"article:publisher\" content=\"https:\/\/www.facebook.com\/dijonfo\/\" \/>\n<meta property=\"article:modified_time\" content=\"2025-11-03T09:29:45+00:00\" \/>\n<meta property=\"og:image\" content=\"https:\/\/dijonformation.com\/wp-content\/uploads\/2025\/10\/cropped-VISU-LES-NEGOCIALES-JURY-2026-3.png\" \/>\n<meta name=\"twitter:card\" content=\"summary_large_image\" \/>\n<meta name=\"twitter:label1\" content=\"Dur\u00e9e de lecture estim\u00e9e\" \/>\n\t<meta name=\"twitter:data1\" content=\"5 minutes\" \/>\n<script type=\"application\/ld+json\" class=\"yoast-schema-graph\">{\"@context\":\"https:\/\/schema.org\",\"@graph\":[{\"@type\":\"WebPage\",\"@id\":\"https:\/\/dijonformation.com\/index.php\/les-negociales\/\",\"url\":\"https:\/\/dijonformation.com\/index.php\/les-negociales\/\",\"name\":\"Concours Les N\u00e9gociales - Dijon Formation\",\"isPartOf\":{\"@id\":\"https:\/\/dijonformation.com\/#website\"},\"primaryImageOfPage\":{\"@id\":\"https:\/\/dijonformation.com\/index.php\/les-negociales\/#primaryimage\"},\"image\":{\"@id\":\"https:\/\/dijonformation.com\/index.php\/les-negociales\/#primaryimage\"},\"thumbnailUrl\":\"https:\/\/dijonformation.com\/wp-content\/uploads\/2025\/10\/cropped-VISU-LES-NEGOCIALES-JURY-2026-3.png\",\"datePublished\":\"2024-10-04T07:23:27+00:00\",\"dateModified\":\"2025-11-03T09:29:45+00:00\",\"breadcrumb\":{\"@id\":\"https:\/\/dijonformation.com\/index.php\/les-negociales\/#breadcrumb\"},\"inLanguage\":\"fr-FR\",\"potentialAction\":[{\"@type\":\"ReadAction\",\"target\":[\"https:\/\/dijonformation.com\/index.php\/les-negociales\/\"]}]},{\"@type\":\"ImageObject\",\"inLanguage\":\"fr-FR\",\"@id\":\"https:\/\/dijonformation.com\/index.php\/les-negociales\/#primaryimage\",\"url\":\"https:\/\/dijonformation.com\/wp-content\/uploads\/2025\/10\/cropped-VISU-LES-NEGOCIALES-JURY-2026-3.png\",\"contentUrl\":\"https:\/\/dijonformation.com\/wp-content\/uploads\/2025\/10\/cropped-VISU-LES-NEGOCIALES-JURY-2026-3.png\",\"width\":1079,\"height\":1079},{\"@type\":\"BreadcrumbList\",\"@id\":\"https:\/\/dijonformation.com\/index.php\/les-negociales\/#breadcrumb\",\"itemListElement\":[{\"@type\":\"ListItem\",\"position\":1,\"name\":\"Accueil\",\"item\":\"https:\/\/dijonformation.com\/\"},{\"@type\":\"ListItem\",\"position\":2,\"name\":\"Concours Les N\u00e9gociales\"}]},{\"@type\":\"WebSite\",\"@id\":\"https:\/\/dijonformation.com\/#website\",\"url\":\"https:\/\/dijonformation.com\/\",\"name\":\"Dijon Formation\",\"description\":\"Dijon Formation l&#039;\u00e9cole sup\u00e9rieure 100% alternance de Bac +2 \u00e0 Bac +5\",\"publisher\":{\"@id\":\"https:\/\/dijonformation.com\/#organization\"},\"potentialAction\":[{\"@type\":\"SearchAction\",\"target\":{\"@type\":\"EntryPoint\",\"urlTemplate\":\"https:\/\/dijonformation.com\/?s={search_term_string}\"},\"query-input\":{\"@type\":\"PropertyValueSpecification\",\"valueRequired\":true,\"valueName\":\"search_term_string\"}}],\"inLanguage\":\"fr-FR\"},{\"@type\":\"Organization\",\"@id\":\"https:\/\/dijonformation.com\/#organization\",\"name\":\"Dijon Formation\",\"url\":\"https:\/\/dijonformation.com\/\",\"logo\":{\"@type\":\"ImageObject\",\"inLanguage\":\"fr-FR\",\"@id\":\"https:\/\/dijonformation.com\/#\/schema\/logo\/image\/\",\"url\":\"https:\/\/dijonformation.com\/wp-content\/uploads\/2024\/03\/cropped-LOGO-SITE-DIJON-ISMACC-1.png\",\"contentUrl\":\"https:\/\/dijonformation.com\/wp-content\/uploads\/2024\/03\/cropped-LOGO-SITE-DIJON-ISMACC-1.png\",\"width\":3248,\"height\":512,\"caption\":\"Dijon Formation\"},\"image\":{\"@id\":\"https:\/\/dijonformation.com\/#\/schema\/logo\/image\/\"},\"sameAs\":[\"https:\/\/www.facebook.com\/dijonfo\/\",\"https:\/\/www.linkedin.com\/company\/dijon-formation\",\"https:\/\/www.instagram.com\/dijon_formation\/\"]}]}<\/script>\n<!-- \/ Yoast SEO plugin. -->","yoast_head_json":{"title":"Concours Les N\u00e9gociales - Dijon Formation","robots":{"index":"index","follow":"follow","max-snippet":"max-snippet:-1","max-image-preview":"max-image-preview:large","max-video-preview":"max-video-preview:-1"},"canonical":"https:\/\/dijonformation.com\/index.php\/les-negociales\/","og_locale":"fr_FR","og_type":"article","og_title":"Concours Les N\u00e9gociales - Dijon Formation","og_description":"En savoir + sur les N\u00e9gociales 2025\/2026 SITE OFFICIEL Chers professionnels, devenez membre du jury ! Nous vous invitons \u00e0 vous inscrire au N\u00e9gotour de Dijon Formation 2025\/2026 en tant que membre du jury. Rejoignez une \u00e9quipe de professionnels pour \u00e9valuer les performances des \u00e9tudiants, rencontrez les talents de demain, \u00e9largissez votre r\u00e9seau et participez&hellip; Read more","og_url":"https:\/\/dijonformation.com\/index.php\/les-negociales\/","og_site_name":"Dijon Formation","article_publisher":"https:\/\/www.facebook.com\/dijonfo\/","article_modified_time":"2025-11-03T09:29:45+00:00","og_image":[{"url":"https:\/\/dijonformation.com\/wp-content\/uploads\/2025\/10\/cropped-VISU-LES-NEGOCIALES-JURY-2026-3.png","type":"","width":"","height":""}],"twitter_card":"summary_large_image","twitter_misc":{"Dur\u00e9e de lecture estim\u00e9e":"5 minutes"},"schema":{"@context":"https:\/\/schema.org","@graph":[{"@type":"WebPage","@id":"https:\/\/dijonformation.com\/index.php\/les-negociales\/","url":"https:\/\/dijonformation.com\/index.php\/les-negociales\/","name":"Concours Les N\u00e9gociales - Dijon Formation","isPartOf":{"@id":"https:\/\/dijonformation.com\/#website"},"primaryImageOfPage":{"@id":"https:\/\/dijonformation.com\/index.php\/les-negociales\/#primaryimage"},"image":{"@id":"https:\/\/dijonformation.com\/index.php\/les-negociales\/#primaryimage"},"thumbnailUrl":"https:\/\/dijonformation.com\/wp-content\/uploads\/2025\/10\/cropped-VISU-LES-NEGOCIALES-JURY-2026-3.png","datePublished":"2024-10-04T07:23:27+00:00","dateModified":"2025-11-03T09:29:45+00:00","breadcrumb":{"@id":"https:\/\/dijonformation.com\/index.php\/les-negociales\/#breadcrumb"},"inLanguage":"fr-FR","potentialAction":[{"@type":"ReadAction","target":["https:\/\/dijonformation.com\/index.php\/les-negociales\/"]}]},{"@type":"ImageObject","inLanguage":"fr-FR","@id":"https:\/\/dijonformation.com\/index.php\/les-negociales\/#primaryimage","url":"https:\/\/dijonformation.com\/wp-content\/uploads\/2025\/10\/cropped-VISU-LES-NEGOCIALES-JURY-2026-3.png","contentUrl":"https:\/\/dijonformation.com\/wp-content\/uploads\/2025\/10\/cropped-VISU-LES-NEGOCIALES-JURY-2026-3.png","width":1079,"height":1079},{"@type":"BreadcrumbList","@id":"https:\/\/dijonformation.com\/index.php\/les-negociales\/#breadcrumb","itemListElement":[{"@type":"ListItem","position":1,"name":"Accueil","item":"https:\/\/dijonformation.com\/"},{"@type":"ListItem","position":2,"name":"Concours Les N\u00e9gociales"}]},{"@type":"WebSite","@id":"https:\/\/dijonformation.com\/#website","url":"https:\/\/dijonformation.com\/","name":"Dijon Formation","description":"Dijon Formation l&#039;\u00e9cole sup\u00e9rieure 100% alternance de Bac +2 \u00e0 Bac +5","publisher":{"@id":"https:\/\/dijonformation.com\/#organization"},"potentialAction":[{"@type":"SearchAction","target":{"@type":"EntryPoint","urlTemplate":"https:\/\/dijonformation.com\/?s={search_term_string}"},"query-input":{"@type":"PropertyValueSpecification","valueRequired":true,"valueName":"search_term_string"}}],"inLanguage":"fr-FR"},{"@type":"Organization","@id":"https:\/\/dijonformation.com\/#organization","name":"Dijon Formation","url":"https:\/\/dijonformation.com\/","logo":{"@type":"ImageObject","inLanguage":"fr-FR","@id":"https:\/\/dijonformation.com\/#\/schema\/logo\/image\/","url":"https:\/\/dijonformation.com\/wp-content\/uploads\/2024\/03\/cropped-LOGO-SITE-DIJON-ISMACC-1.png","contentUrl":"https:\/\/dijonformation.com\/wp-content\/uploads\/2024\/03\/cropped-LOGO-SITE-DIJON-ISMACC-1.png","width":3248,"height":512,"caption":"Dijon Formation"},"image":{"@id":"https:\/\/dijonformation.com\/#\/schema\/logo\/image\/"},"sameAs":["https:\/\/www.facebook.com\/dijonfo\/","https:\/\/www.linkedin.com\/company\/dijon-formation","https:\/\/www.instagram.com\/dijon_formation\/"]}]}},"_links":{"self":[{"href":"https:\/\/dijonformation.com\/index.php\/wp-json\/wp\/v2\/pages\/5267","targetHints":{"allow":["GET"]}}],"collection":[{"href":"https:\/\/dijonformation.com\/index.php\/wp-json\/wp\/v2\/pages"}],"about":[{"href":"https:\/\/dijonformation.com\/index.php\/wp-json\/wp\/v2\/types\/page"}],"author":[{"embeddable":true,"href":"https:\/\/dijonformation.com\/index.php\/wp-json\/wp\/v2\/users\/1"}],"replies":[{"embeddable":true,"href":"https:\/\/dijonformation.com\/index.php\/wp-json\/wp\/v2\/comments?post=5267"}],"version-history":[{"count":26,"href":"https:\/\/dijonformation.com\/index.php\/wp-json\/wp\/v2\/pages\/5267\/revisions"}],"predecessor-version":[{"id":6439,"href":"https:\/\/dijonformation.com\/index.php\/wp-json\/wp\/v2\/pages\/5267\/revisions\/6439"}],"wp:attachment":[{"href":"https:\/\/dijonformation.com\/index.php\/wp-json\/wp\/v2\/media?parent=5267"}],"curies":[{"name":"wp","href":"https:\/\/api.w.org\/{rel}","templated":true}]}}