{"id":60,"date":"2023-02-27T10:59:53","date_gmt":"2023-02-27T09:59:53","guid":{"rendered":"https:\/\/www2.dijonformation.com\/?page_id=60"},"modified":"2025-09-18T11:51:46","modified_gmt":"2025-09-18T09:51:46","slug":"bachelor-informatique","status":"publish","type":"page","link":"https:\/\/dijonformation.com\/index.php\/bachelor-informatique\/","title":{"rendered":"Bachelor Informatique"},"content":{"rendered":"<div  data-label=\"Cta\" data-id=\"cta--1\" data-export-id=\"cta-blue-section\" data-category=\"cta\" class=\"cta-blue-section content-section content-section-spacing-medium bg-color1 white-text\" id=\"cta-1\" style=\"background-image: none; background-color: rgb(255, 97, 0);\"><div  class=\"gridContainer\"> <div  class=\"row middle-xs\"><div  class=\"col-sm-8 space-bottom-xs\" data-type=\"column\">  <h3  class=\"\">T\u00e9l\u00e9charger la fiche d\u00e9taill\u00e9e de la formation\ufeff Bachelor Informatique<\/h3><\/div> <div  class=\"col-sm-4 end-sm\" data-type=\"column\"> <a  class=\"button color-white\" href=\"https:\/\/dijonformation.com\/wp-content\/uploads\/2025\/04\/PLAQUETTE-PROGRAMME-BAIS.pdf\" target=\"_blank\" data-cp-link=\"1\" data-icon=\"\" rel=\"noopener\">T\u00c9L\u00c9CHARGER<\/a><\/div> <\/div><\/div> <\/div><div  data-label=\"Content\" data-id=\"content--2\" data-export-id=\"content-12\" data-category=\"content\" class=\"content-12 content-section content-section-spacing\" id=\"content-2\" style=\"background-color: rgb(255, 255, 255);\"><div  class=\"gridContainer\"> <div  class=\"row text-center\"><div  class=\"section-title-col\" data-type=\"column\">  <h2  class=\"\"><span  style=\"color: rgb(34, 34, 34); font-weight: 600;\">Objectifs de la formation \n<br >Bachelor Informatique<\/span><\/h2><\/div> <\/div> <div  class=\"row center-xs middle-xs\"> <div  class=\"col-sm-9\" data-type=\"column\"><p  class=\"lead\" style=\"text-align: justify;\"><span  style=\"font-weight: 400; color: rgb(34, 34, 34);\">\u2022 Installer, param\u00e9trer, s\u00e9curiser et maintenir les conditions de s\u00e9curit\u00e9 des infrastructures informatiques\n<\/span><br ><span  style=\"font-weight: 400; color: rgb(34, 34, 34);\">\u2022 Proposer et contribuer \u00e0 la gestion des risques et \u00e0 la politique de s\u00e9curit\u00e9 de l\u2019entreprise\n<\/span><br ><span  style=\"font-weight: 400; color: rgb(34, 34, 34);\">\u2022 Permettre aux utilisateurs d\u2019acc\u00e9der aux donn\u00e9es et aux applications<\/span><\/p> <\/div> <\/div><\/div> <\/div><div  data-label=\"Overlappable\" data-id=\"overlappable--2\" data-export-id=\"overlappable-4\" data-category=\"overlappable\" class=\"overlappable-4 content-section content-section-spacing\" data-overlap=\"true\" id=\"overlappable-2\" style=\"background-color: rgb(255, 255, 255);\"><div  class=\"gridContainer\"> <div  data-type=\"row\" class=\"row spaced-cols text-center\"><div  class=\"col-xs-12 col-sm-4 col-padding\"> <i  class=\"fa icon shadow-large-black aligncenter fa-clock-o reverse round big color1\"><\/i> <div  data-type=\"column\" class=\"\"> <h5  class=\"\"><span  style=\"font-family: Helvetica, Arial, sans-serif, arial, helvetica, sans-serif; font-weight: 600; color: rgb(34, 34, 34);\">Dur\u00e9e<\/span><\/h5> <p  class=\"\"><span  style=\"color: rgb(34, 34, 34);\">1 an<\/span><\/p><\/div> <\/div> <div  class=\"col-xs-12 col-sm-4 col-padding\"> <i  class=\"fa icon shadow-large-black aligncenter fa-calendar reverse round big color1\"><\/i> <div  data-type=\"column\" class=\"\"><h5  class=\"\"><span  style=\"font-family: Helvetica, Arial, sans-serif, arial, helvetica, sans-serif; font-weight: 600; color: rgb(34, 34, 34);\">Rythme<\/span><\/h5> <p  class=\"\"><span  style=\"color: rgb(60, 66, 79);\">2 jours en formation<\/span><br ><span  style=\"color: rgb(60, 66, 79);\">\n3 jours en entreprise<\/span><\/p><\/div> <\/div> <div  class=\"col-xs-12 col-sm-4 col-padding\"> <i  class=\"fa icon shadow-large-black aligncenter fa-align-justify reverse round big color1\"><\/i> <div  data-type=\"column\" class=\"\"><h5  class=\"\"><span  style=\"font-family: Helvetica, Arial, sans-serif, arial, helvetica, sans-serif; font-weight: 600; color: rgb(34, 34, 34);\">Vae<\/span><\/h5> <p  class=\"\"><span  style=\"color: rgb(34, 34, 34);\">Lien vers le site <a  data-mce-href=\"http:\/\/www.vae.gouv.fr\" href=\"http:\/\/www.vae.gouv.fr\" target=\"_blank\" rel=\"noopener\" data-mce-selected=\"inline-boundary\" data-cp-link=\"1\" class=\"\">vae.gouv.fr<\/a><\/span><\/p><\/div> <\/div><div  class=\"col-xs-12 col-sm-4 col-padding\"> <i  class=\"fa icon shadow-large-black aligncenter fa-mortar-board reverse round big color1\"><\/i> <div  data-type=\"column\" class=\"\"> <h5  class=\"\"><span  style=\"font-family: Helvetica, Arial, sans-serif, arial, helvetica, sans-serif; font-weight: 600; color: rgb(34, 34, 34);\">Accessible apr\u00e8s<\/span><\/h5> <p  class=\"\"><span  style=\"color: rgb(34, 34, 34);\">Bac +2<\/span><\/p><\/div> <\/div><div  class=\"col-xs-12 col-sm-4 col-padding\"> <i  class=\"fa icon shadow-large-black aligncenter fa-building reverse round big color1\"><\/i> <div  data-type=\"column\" class=\"\"> <h5  class=\"\"><span  style=\"font-family: Helvetica, Arial, sans-serif, arial, helvetica, sans-serif; font-weight: 600; color: rgb(34, 34, 34);\">Campus<\/span><\/h5> <p  class=\"\"><span  style=\"color: rgb(34, 34, 34); font-weight: 400;\">Dijon Formation<\/span><br ><span  style=\"color: rgb(34, 34, 34);\">\nAccessible  aux personnes \u00e0 mobilit\u00e9 r\u00e9duite<\/span><\/p><\/div> <\/div><div  class=\"col-xs-12 col-sm-4 col-padding\"> <i  class=\"fa icon shadow-large-black aligncenter fa-folder reverse round big color1\"><\/i> <div  data-type=\"column\" class=\"\"> <h5  class=\"\"><span  style=\"font-weight: 600; font-family: Helvetica, Arial, sans-serif, arial, helvetica, sans-serif; color: rgb(34, 34, 34);\">Contrats<\/span><\/h5> <p  class=\"\"><span  style=\"color: rgb(60, 66, 79);\">Contrat de professionnalisation<\/span><br ><span  style=\"color: rgb(60, 66, 79);\">\nContrat d\u2019apprentissage<\/span><br ><span  style=\"color: rgb(60, 66, 79);\">\nPRO A<\/span><br ><span  style=\"color: rgb(60, 66, 79);\">\nCPF<\/span><\/p><\/div> <\/div><\/div> <\/div><\/div><div  data-label=\"Features\" data-id=\"features--1\" data-export-id=\"features-13\" data-category=\"features\" class=\"features-13 content-section content-section-spacing\" id=\"features-1\" style=\"background-color: rgb(255, 255, 255);\"><div  class=\"gridContainer\"> <div  class=\"row text-center\"><div  class=\"section-title-col\" data-type=\"column\">  <\/div> <\/div> <div  class=\"row spaced-cols center-sm content-center-sm\" data-type=\"row\"> <div  class=\"col col-sm-6 col-md-3 space-bottom\"> <i  class=\"fa icon fa-paper-plane bordered round big color1\"><\/i> <h4  class=\"\"><span  style=\"font-weight: 600; font-family: Helvetica, Arial, sans-serif, arial, helvetica, sans-serif; color: rgb(34, 34, 34);\">Comp\u00e9tences vis\u00e9es<\/span><\/h4> <p  class=\"\" style=\"text-align: justify;\">\u2022<span  style=\"color: rgb(60, 66, 79);\"> Administrer et s\u00e9curiser les composants constituant l\u2019infrastructure<\/span><br >\u2022<span  style=\"color: rgb(60, 66, 79);\"> Int\u00e9grer, administrer et s\u00e9curiser une infrastructure distribu\u00e9e<\/span><br >\u2022<span  style=\"color: rgb(60, 66, 79);\"> Faire \u00e9voluer et optimiser l\u2019infrastructure et son niveau de s\u00e9curit\u00e9<\/span><br >\u2022<span  style=\"color: rgb(60, 66, 79);\"> Utiliser l\u2019anglais dans son activit\u00e9 professionnelle en informatique<\/span><br >\u2022<span  style=\"color: rgb(60, 66, 79);\"> Communiquer par \u00e9crit avec les professionnels et les utilisateurs de l\u2019informatique<\/span><\/p> <\/div> <div  class=\"col col-sm-6 col-md-3 space-bottom\"><i  class=\"fa icon fa-bars bordered round big color1\"><\/i> <h4  class=\"\"><span  style=\"font-weight: 600; font-family: Helvetica, Arial, sans-serif, arial, helvetica, sans-serif; color: rgb(34, 34, 34);\">Programme de formation<\/span><\/h4> <p  class=\"\" style=\"text-align: justify;\">\u2022<span  style=\"color: rgb(60, 66, 79);\"> Administrer et s\u00e9curiser les composants constituant l\u2019infrastructure<\/span><span  style=\"color: rgb(60, 66, 79);\"> service<\/span><br >\u2022<span  style=\"color: rgb(60, 66, 79);\"> Int\u00e9grer, administrer et s\u00e9curiser une infrastructure distribu\u00e9e<\/span><br >\u2022<span  style=\"color: rgb(60, 66, 79);\"> Faire \u00e9voluer et optimiser l\u2019infrastructure et son niveau de s\u00e9curit\u00e9<\/span><br >\u2022<span  style=\"color: rgb(60, 66, 79);\"> Anglais<\/span><br >\u2022<span  style=\"color: rgb(60, 66, 79);\"> Communication et management<\/span><br >\u2022<span  style=\"color: rgb(60, 66, 79);\"> Pr\u00e9paration dossier, pr\u00e9sentation et examen<\/span><\/p> <\/div> <div  class=\"col col-sm-6 col-md-3 space-bottom\"><i  class=\"fa icon fa-check-circle bordered round big color1\"><\/i> <h4  class=\"\"><span  style=\"font-weight: 600; font-family: Helvetica, Arial, sans-serif, arial, helvetica, sans-serif;\">Modalit\u00e9s d\u2019\u00e9valuation<\/span><\/h4> <p  class=\"\" style=\"text-align: justify;\">\u2022<span  style=\"color: rgb(60, 66, 79);\"> Contr\u00f4le continu<\/span><br >\u2022<span  style=\"color: rgb(60, 66, 79);\"> Dossier<\/span><\/p> <\/div> <div  class=\"col col-sm-6 col-md-3 space-bottom\"><i  class=\"fa icon fa-star bordered round big color1\"><\/i> <h4  class=\"\"><span  style=\"font-weight: 600; font-family: Helvetica, Arial, sans-serif, arial, helvetica, sans-serif; color: rgb(34, 34, 34);\">Emplois accessibles<\/span><\/h4> <p  class=\"\" style=\"text-align: justify;\">\u2022 <span  style=\"color: rgb(60, 66, 79);\">Administrateur syst\u00e8mes et r\u00e9seaux (et s\u00e9curit\u00e9) Superviseur infrastructure et r\u00e9seaux<\/span><br >\u2022 <span  style=\"color: rgb(60, 66, 79);\">Administrateur syst\u00e8mes (et s\u00e9curit\u00e9)<\/span><br >\u2022 <span  style=\"color: rgb(60, 66, 79);\">Administrateur r\u00e9seaux (et s\u00e9curit\u00e9) \u2013 Responsable infrastructure syst\u00e8me et r\u00e9seaux<\/span><br >\u2022 <span  style=\"color: rgb(60, 66, 79);\">Administrateur d\u2019infrastructures<\/span><br ><span  style=\"color: rgb(60, 66, 79);\">\nChef de projet informatique<\/span><\/p> <\/div> <\/div><\/div> <\/div><div data-label=\"Counters\" data-id=\"counters--1\" data-export-id=\"counters-1\" data-category=\"counters\" class=\"counters-1 content-section content-section-spacing\" id=\"counters-1\"  style=\"background-color: rgb(255, 255, 255);\"><div class=\"gridContainer\" > <div class=\"row text-center\" ><div class=\"section-title-col\" data-type=\"column\" > <h2 class=\"\" ><span style=\"font-weight: 600;\" >Taux de r\u00e9ussite<\/span><\/h2> <\/div> <\/div> <div class=\"row spaced-cols\" data-type=\"row\" data-fixed=\"true\" > <div class=\"col-xs-12 col-sm-4 space-bottom-small col-padding-xs col-md-6\" > <div class=\"circle-counter color1\" > <svg class=\"circle-svg\" viewBox=\"0 0 100 100\" > <circle r=\"48\" stroke-linecap=\"round\" cx=\"50\" cy=\"50\" fill=\"transparent\" stroke-dasharray=\"301.6\" stroke-dashoffset=\"301.6px\" ><\/circle> <circle class=\"circle-bar\" r=\"48\" stroke-linecap=\"round\" cx=\"50\" cy=\"50\" fill=\"transparent\" stroke-dasharray=\"301.6\" stroke-dashoffset=\"301.6px\"  style=\"stroke-dashoffset: 0px;\"><\/circle><\/svg> <div class=\"circle-content\" ><h2 class=\"font-100\" data-min=\"0\" data-max=\"100\" data-stop=\"100\" data-prefix=\"\" data-suffix=\"%\" data-countup=\"true\"  data-duration=\"2000\"><\/h2> <p ><span id=\"_mce_caret\" data-mce-bogus=\"1\" data-mce-type=\"format-caret\" ><span style=\"color: rgb(52, 58, 64);\" >\ufeff2024<\/span><\/span><span id=\"_mce_caret\" data-mce-bogus=\"1\" data-mce-type=\"format-caret\" ><span style=\"color: rgb(52, 58, 64);\" >\ufeff<\/span><\/span><span id=\"_mce_caret\" data-mce-bogus=\"1\" data-mce-type=\"format-caret\" ><span style=\"color: rgb(52, 58, 64);\" >\ufeff<\/span><\/span><\/p><\/div> <\/div><\/div> <div class=\"col-xs-12 col-sm-4 space-bottom-small col-padding-xs col-md-6\" ><div class=\"circle-counter color1\" > <svg class=\"circle-svg\" viewBox=\"0 0 100 100\" ><circle r=\"48\" stroke-linecap=\"round\" cx=\"50\" cy=\"50\" fill=\"transparent\" stroke-dasharray=\"301.6\" stroke-dashoffset=\"301.6px\" ><\/circle> <circle class=\"circle-bar\" r=\"48\" stroke-linecap=\"round\" cx=\"50\" cy=\"50\" fill=\"transparent\" stroke-dasharray=\"301.6\" stroke-dashoffset=\"301.6px\"  style=\"stroke-dashoffset: 0px;\"><\/circle><\/svg> <div class=\"circle-content\" ><h2 class=\"font-100\" data-min=\"0\" data-max=\"100\" data-stop=\"100\" data-prefix=\"\" data-suffix=\"%\" data-countup=\"true\"  data-duration=\"2000\"><\/h2> <p ><font color=\"#343a40\" ><span style=\"caret-color: rgb(52, 58, 64);\" >2025<\/span><\/font><\/p><\/div> <\/div><\/div>  <\/div><\/div> <\/div><div  data-label=\"Content\" data-id=\"content--3\" data-export-id=\"content-12\" data-category=\"content\" class=\"content-12 content-section content-section-spacing\" id=\"content-3\" style=\"background-color: rgb(245, 250, 253);\"><div  class=\"gridContainer\"> <div  class=\"row text-center\"><div  class=\"section-title-col\" data-type=\"column\">  <\/div> <\/div> <div  class=\"row center-xs middle-xs\"> <div  class=\"col-sm-9\" data-type=\"column\"><h2  class=\"\"><span  style=\"color: rgb(52, 58, 64); font-weight: 600; font-family: Muli, arial, helvetica, sans-serif;\">Conditions d\u2019admission pour la formation<\/span><br ><span  style=\"color: rgb(52, 58, 64); font-weight: 600; font-family: Muli, arial, helvetica, sans-serif;\">\nBachelor Administrateur d\u2019Infrastructures S\u00e9curis\u00e9es<\/span><\/h2><p  class=\"\" style=\"text-align: justify;\"><span  style=\"color: rgb(52, 58, 64);\">La formation est organis\u00e9e par Dijon Formation. Elle est ouverte aux candidats titulaires d\u2019un Bac +2 valid\u00e9 ou ayant suivi un enseignement de niveau 5 <\/span>(anciennement III)<span  style=\"color: rgb(52, 58, 64);\">, ou aux personnes pouvant justifier de 3 ann\u00e9es d\u2019exp\u00e9rience dans le secteur.\nLa s\u00e9lection se fait sur \u00e9tude du dossier de candidature et entretien individuel de motivation au sein de Dijon Formation Cet entretien avec un de nos conseillers formation est accessible apr\u00e8s une pr\u00e9inscription en ligne sur le site internet www.dijonformation.com : onglet pr\u00e9inscription.<\/span><\/p> <\/div> <\/div><\/div> <\/div><div  data-label=\"Content\" data-id=\"content--1\" data-export-id=\"content-7\" data-category=\"content\" class=\"content-7 content-section content-section-spacing\" id=\"content-1\" style=\"background-color: rgb(255, 255, 255); background-image: none;\"><div  class=\"gridContainer\"> <div  class=\"row middle-sm\"><div  class=\"col-sm-6 space-bottom-xs content-center-sm\" data-type=\"column\">  <p  class=\"\" style=\"text-align: justify;\"><span  style=\"color: rgb(34, 34, 34);\">Code NSF 326 \u2013 Certification professionnelle de niveau 6 (Fr) et de niveau 6 (Eu). Enregistr\u00e9e au RNCP 37680 par arr\u00eat\u00e9 du 26\/04\/2023, avec effet jusqu\u2019au 01\/09\/2026, sous l\u2019autorit\u00e9 et d\u00e9livr\u00e9 par le minist\u00e8re du travail de l\u2019emploi et de l\u2019insertion, sous le titre \u00ab Administrateur d\u2019Infrastructures s\u00e9curis\u00e9es \u00bb. Accessible via le dispositif VAE.<\/span><\/p> <\/div> <div  class=\"col-sm-6 content-center-sm\" data-type=\"column\"> <img  decoding=\"async\" class=\"custom-image\" src=\"http:\/\/www2.dijonformation.com\/wp-content\/uploads\/2023\/02\/index.png\" title=\"index\" alt=\"\"><\/div> <\/div><\/div> <\/div><div  data-label=\"Cta\" data-id=\"cta--2\" data-export-id=\"cta-centered-bg-section\" data-category=\"cta\" data-section-ov=\"1\" class=\"cta-centered-bg-section content-section content-section-spacing-medium white-text\" data-parallax-depth=\"20\" id=\"cta-2\" style=\"background-color: rgb(255, 97, 0); background-image: none;\"><div  class=\"gridContainer\"> <div  class=\"row text-center\"><div  data-type=\"column\" class=\"\">  <h3  class=\"\"><span  style=\"font-family: Muli, arial, helvetica, sans-serif;\">Pour plus d\u2019informations, pr\u00e9inscrivez-vous<\/span><\/h3><a  class=\"button color-white\" href=\"https:\/\/inscriptions.dijonformation.com\/bienvenue?site=dijon\" target=\"_blank\" data-cp-link=\"1\" data-icon=\"\" rel=\"noopener\">SE PR\u00c9INSCRIRE<\/a><\/div> <\/div><\/div> <\/div>","protected":false},"excerpt":{"rendered":"<p>T\u00e9l\u00e9charger la fiche d\u00e9taill\u00e9e de la formation\ufeff Bachelor Informatique T\u00c9L\u00c9CHARGER Objectifs de la formation Bachelor Informatique \u2022 Installer, param\u00e9trer, s\u00e9curiser et maintenir les conditions de s\u00e9curit\u00e9 des infrastructures informatiques \u2022 Proposer et contribuer \u00e0 la gestion des risques et \u00e0 la politique de s\u00e9curit\u00e9 de l\u2019entreprise \u2022 Permettre aux utilisateurs d\u2019acc\u00e9der aux donn\u00e9es et aux&hellip; <br \/> <a class=\"read-more\" href=\"https:\/\/dijonformation.com\/index.php\/bachelor-informatique\/\">Read more<\/a><\/p>\n","protected":false},"author":1,"featured_media":0,"parent":0,"menu_order":0,"comment_status":"closed","ping_status":"closed","template":"pro\/page-templates\/full-width-page.php","meta":{"om_disable_all_campaigns":false,"_uf_show_specific_survey":0,"_uf_disable_surveys":false,"footnotes":""},"class_list":["post-60","page","type-page","status-publish","hentry"],"aioseo_notices":[],"yoast_head":"<!-- This site is optimized with the Yoast SEO plugin v26.8 - https:\/\/yoast.com\/product\/yoast-seo-wordpress\/ -->\n<title>Bachelor Informatique - Dijon Formation<\/title>\n<meta name=\"description\" content=\"Dijon Formation forme ses alternants au Bachelor Informatique et sp\u00e9cialise ses Bac+3 aux domaine de l&#039;Informatique.\" \/>\n<meta name=\"robots\" content=\"index, follow, max-snippet:-1, max-image-preview:large, max-video-preview:-1\" \/>\n<link rel=\"canonical\" href=\"https:\/\/dijonformation.com\/index.php\/bachelor-informatique\/\" \/>\n<meta property=\"og:locale\" content=\"fr_FR\" \/>\n<meta property=\"og:type\" content=\"article\" \/>\n<meta property=\"og:title\" content=\"Bachelor Informatique - Dijon Formation\" \/>\n<meta property=\"og:description\" content=\"Dijon Formation forme ses alternants au Bachelor Informatique et sp\u00e9cialise ses Bac+3 aux domaine de l&#039;Informatique.\" \/>\n<meta property=\"og:url\" content=\"https:\/\/dijonformation.com\/index.php\/bachelor-informatique\/\" \/>\n<meta property=\"og:site_name\" content=\"Dijon Formation\" \/>\n<meta property=\"article:publisher\" content=\"https:\/\/www.facebook.com\/dijonfo\/\" \/>\n<meta property=\"article:modified_time\" content=\"2025-09-18T09:51:46+00:00\" \/>\n<meta property=\"og:image\" content=\"http:\/\/www2.dijonformation.com\/wp-content\/uploads\/2023\/02\/index.png\" \/>\n<meta name=\"twitter:card\" content=\"summary_large_image\" \/>\n<meta name=\"twitter:label1\" content=\"Dur\u00e9e de lecture estim\u00e9e\" \/>\n\t<meta name=\"twitter:data1\" content=\"3 minutes\" \/>\n<script type=\"application\/ld+json\" class=\"yoast-schema-graph\">{\"@context\":\"https:\/\/schema.org\",\"@graph\":[{\"@type\":\"WebPage\",\"@id\":\"https:\/\/dijonformation.com\/index.php\/bachelor-informatique\/\",\"url\":\"https:\/\/dijonformation.com\/index.php\/bachelor-informatique\/\",\"name\":\"Bachelor Informatique - Dijon Formation\",\"isPartOf\":{\"@id\":\"https:\/\/dijonformation.com\/#website\"},\"primaryImageOfPage\":{\"@id\":\"https:\/\/dijonformation.com\/index.php\/bachelor-informatique\/#primaryimage\"},\"image\":{\"@id\":\"https:\/\/dijonformation.com\/index.php\/bachelor-informatique\/#primaryimage\"},\"thumbnailUrl\":\"http:\/\/www2.dijonformation.com\/wp-content\/uploads\/2023\/02\/index.png\",\"datePublished\":\"2023-02-27T09:59:53+00:00\",\"dateModified\":\"2025-09-18T09:51:46+00:00\",\"description\":\"Dijon Formation forme ses alternants au Bachelor Informatique et sp\u00e9cialise ses Bac+3 aux domaine de l'Informatique.\",\"breadcrumb\":{\"@id\":\"https:\/\/dijonformation.com\/index.php\/bachelor-informatique\/#breadcrumb\"},\"inLanguage\":\"fr-FR\",\"potentialAction\":[{\"@type\":\"ReadAction\",\"target\":[\"https:\/\/dijonformation.com\/index.php\/bachelor-informatique\/\"]}]},{\"@type\":\"ImageObject\",\"inLanguage\":\"fr-FR\",\"@id\":\"https:\/\/dijonformation.com\/index.php\/bachelor-informatique\/#primaryimage\",\"url\":\"http:\/\/www2.dijonformation.com\/wp-content\/uploads\/2023\/02\/index.png\",\"contentUrl\":\"http:\/\/www2.dijonformation.com\/wp-content\/uploads\/2023\/02\/index.png\"},{\"@type\":\"BreadcrumbList\",\"@id\":\"https:\/\/dijonformation.com\/index.php\/bachelor-informatique\/#breadcrumb\",\"itemListElement\":[{\"@type\":\"ListItem\",\"position\":1,\"name\":\"Accueil\",\"item\":\"https:\/\/dijonformation.com\/\"},{\"@type\":\"ListItem\",\"position\":2,\"name\":\"Bachelor Informatique\"}]},{\"@type\":\"WebSite\",\"@id\":\"https:\/\/dijonformation.com\/#website\",\"url\":\"https:\/\/dijonformation.com\/\",\"name\":\"Dijon Formation\",\"description\":\"Dijon Formation l&#039;\u00e9cole sup\u00e9rieure 100% alternance de Bac +2 \u00e0 Bac +5\",\"publisher\":{\"@id\":\"https:\/\/dijonformation.com\/#organization\"},\"potentialAction\":[{\"@type\":\"SearchAction\",\"target\":{\"@type\":\"EntryPoint\",\"urlTemplate\":\"https:\/\/dijonformation.com\/?s={search_term_string}\"},\"query-input\":{\"@type\":\"PropertyValueSpecification\",\"valueRequired\":true,\"valueName\":\"search_term_string\"}}],\"inLanguage\":\"fr-FR\"},{\"@type\":\"Organization\",\"@id\":\"https:\/\/dijonformation.com\/#organization\",\"name\":\"Dijon Formation\",\"url\":\"https:\/\/dijonformation.com\/\",\"logo\":{\"@type\":\"ImageObject\",\"inLanguage\":\"fr-FR\",\"@id\":\"https:\/\/dijonformation.com\/#\/schema\/logo\/image\/\",\"url\":\"https:\/\/dijonformation.com\/wp-content\/uploads\/2024\/03\/cropped-LOGO-SITE-DIJON-ISMACC-1.png\",\"contentUrl\":\"https:\/\/dijonformation.com\/wp-content\/uploads\/2024\/03\/cropped-LOGO-SITE-DIJON-ISMACC-1.png\",\"width\":3248,\"height\":512,\"caption\":\"Dijon Formation\"},\"image\":{\"@id\":\"https:\/\/dijonformation.com\/#\/schema\/logo\/image\/\"},\"sameAs\":[\"https:\/\/www.facebook.com\/dijonfo\/\",\"https:\/\/www.linkedin.com\/company\/dijon-formation\",\"https:\/\/www.instagram.com\/dijon_formation\/\"]}]}<\/script>\n<!-- \/ Yoast SEO plugin. -->","yoast_head_json":{"title":"Bachelor Informatique - Dijon Formation","description":"Dijon Formation forme ses alternants au Bachelor Informatique et sp\u00e9cialise ses Bac+3 aux domaine de l'Informatique.","robots":{"index":"index","follow":"follow","max-snippet":"max-snippet:-1","max-image-preview":"max-image-preview:large","max-video-preview":"max-video-preview:-1"},"canonical":"https:\/\/dijonformation.com\/index.php\/bachelor-informatique\/","og_locale":"fr_FR","og_type":"article","og_title":"Bachelor Informatique - Dijon Formation","og_description":"Dijon Formation forme ses alternants au Bachelor Informatique et sp\u00e9cialise ses Bac+3 aux domaine de l'Informatique.","og_url":"https:\/\/dijonformation.com\/index.php\/bachelor-informatique\/","og_site_name":"Dijon Formation","article_publisher":"https:\/\/www.facebook.com\/dijonfo\/","article_modified_time":"2025-09-18T09:51:46+00:00","og_image":[{"url":"http:\/\/www2.dijonformation.com\/wp-content\/uploads\/2023\/02\/index.png","type":"","width":"","height":""}],"twitter_card":"summary_large_image","twitter_misc":{"Dur\u00e9e de lecture estim\u00e9e":"3 minutes"},"schema":{"@context":"https:\/\/schema.org","@graph":[{"@type":"WebPage","@id":"https:\/\/dijonformation.com\/index.php\/bachelor-informatique\/","url":"https:\/\/dijonformation.com\/index.php\/bachelor-informatique\/","name":"Bachelor Informatique - Dijon Formation","isPartOf":{"@id":"https:\/\/dijonformation.com\/#website"},"primaryImageOfPage":{"@id":"https:\/\/dijonformation.com\/index.php\/bachelor-informatique\/#primaryimage"},"image":{"@id":"https:\/\/dijonformation.com\/index.php\/bachelor-informatique\/#primaryimage"},"thumbnailUrl":"http:\/\/www2.dijonformation.com\/wp-content\/uploads\/2023\/02\/index.png","datePublished":"2023-02-27T09:59:53+00:00","dateModified":"2025-09-18T09:51:46+00:00","description":"Dijon Formation forme ses alternants au Bachelor Informatique et sp\u00e9cialise ses Bac+3 aux domaine de l'Informatique.","breadcrumb":{"@id":"https:\/\/dijonformation.com\/index.php\/bachelor-informatique\/#breadcrumb"},"inLanguage":"fr-FR","potentialAction":[{"@type":"ReadAction","target":["https:\/\/dijonformation.com\/index.php\/bachelor-informatique\/"]}]},{"@type":"ImageObject","inLanguage":"fr-FR","@id":"https:\/\/dijonformation.com\/index.php\/bachelor-informatique\/#primaryimage","url":"http:\/\/www2.dijonformation.com\/wp-content\/uploads\/2023\/02\/index.png","contentUrl":"http:\/\/www2.dijonformation.com\/wp-content\/uploads\/2023\/02\/index.png"},{"@type":"BreadcrumbList","@id":"https:\/\/dijonformation.com\/index.php\/bachelor-informatique\/#breadcrumb","itemListElement":[{"@type":"ListItem","position":1,"name":"Accueil","item":"https:\/\/dijonformation.com\/"},{"@type":"ListItem","position":2,"name":"Bachelor Informatique"}]},{"@type":"WebSite","@id":"https:\/\/dijonformation.com\/#website","url":"https:\/\/dijonformation.com\/","name":"Dijon Formation","description":"Dijon Formation l&#039;\u00e9cole sup\u00e9rieure 100% alternance de Bac +2 \u00e0 Bac +5","publisher":{"@id":"https:\/\/dijonformation.com\/#organization"},"potentialAction":[{"@type":"SearchAction","target":{"@type":"EntryPoint","urlTemplate":"https:\/\/dijonformation.com\/?s={search_term_string}"},"query-input":{"@type":"PropertyValueSpecification","valueRequired":true,"valueName":"search_term_string"}}],"inLanguage":"fr-FR"},{"@type":"Organization","@id":"https:\/\/dijonformation.com\/#organization","name":"Dijon Formation","url":"https:\/\/dijonformation.com\/","logo":{"@type":"ImageObject","inLanguage":"fr-FR","@id":"https:\/\/dijonformation.com\/#\/schema\/logo\/image\/","url":"https:\/\/dijonformation.com\/wp-content\/uploads\/2024\/03\/cropped-LOGO-SITE-DIJON-ISMACC-1.png","contentUrl":"https:\/\/dijonformation.com\/wp-content\/uploads\/2024\/03\/cropped-LOGO-SITE-DIJON-ISMACC-1.png","width":3248,"height":512,"caption":"Dijon Formation"},"image":{"@id":"https:\/\/dijonformation.com\/#\/schema\/logo\/image\/"},"sameAs":["https:\/\/www.facebook.com\/dijonfo\/","https:\/\/www.linkedin.com\/company\/dijon-formation","https:\/\/www.instagram.com\/dijon_formation\/"]}]}},"_links":{"self":[{"href":"https:\/\/dijonformation.com\/index.php\/wp-json\/wp\/v2\/pages\/60","targetHints":{"allow":["GET"]}}],"collection":[{"href":"https:\/\/dijonformation.com\/index.php\/wp-json\/wp\/v2\/pages"}],"about":[{"href":"https:\/\/dijonformation.com\/index.php\/wp-json\/wp\/v2\/types\/page"}],"author":[{"embeddable":true,"href":"https:\/\/dijonformation.com\/index.php\/wp-json\/wp\/v2\/users\/1"}],"replies":[{"embeddable":true,"href":"https:\/\/dijonformation.com\/index.php\/wp-json\/wp\/v2\/comments?post=60"}],"version-history":[{"count":47,"href":"https:\/\/dijonformation.com\/index.php\/wp-json\/wp\/v2\/pages\/60\/revisions"}],"predecessor-version":[{"id":6301,"href":"https:\/\/dijonformation.com\/index.php\/wp-json\/wp\/v2\/pages\/60\/revisions\/6301"}],"wp:attachment":[{"href":"https:\/\/dijonformation.com\/index.php\/wp-json\/wp\/v2\/media?parent=60"}],"curies":[{"name":"wp","href":"https:\/\/api.w.org\/{rel}","templated":true}]}}