{"id":656,"date":"2023-03-21T08:21:23","date_gmt":"2023-03-21T07:21:23","guid":{"rendered":"https:\/\/www2.dijonformation.com\/?page_id=656"},"modified":"2025-04-22T13:14:26","modified_gmt":"2025-04-22T11:14:26","slug":"bts-services-informatiques-aux-organisations-option-slam","status":"publish","type":"page","link":"https:\/\/dijonformation.com\/index.php\/bts-services-informatiques-aux-organisations-option-slam\/","title":{"rendered":"BTS SIO option SLAM"},"content":{"rendered":"<div  data-label=\"Cta\" data-id=\"cta--1\" data-export-id=\"cta-blue-section\" data-category=\"cta\" class=\"cta-blue-section content-section content-section-spacing-medium bg-color1 white-text\" id=\"cta-1\" style=\"background-image: none; background-color: rgb(255, 97, 0);\"><div  class=\"gridContainer\"> <div  class=\"row middle-xs\"><div  class=\"col-sm-8 space-bottom-xs\" data-type=\"column\">  <h3  class=\"\">T\u00e9l\u00e9charger la fiche d\u00e9taill\u00e9e de la formation BTS SIO option SLAM<\/h3><\/div> <div  class=\"col-sm-4 end-sm\" data-type=\"column\"> <a  class=\"button color-white\" href=\"https:\/\/dijonformation.com\/wp-content\/uploads\/2025\/04\/Programme-BTS-SIO.pdf\" target=\"_blank\" data-cp-link=\"1\" data-icon=\"\" rel=\"noopener\">T\u00e9l\u00e9charger<\/a><\/div> <\/div><\/div> <\/div><div  data-label=\"Content\" data-id=\"content--1\" data-export-id=\"content-12\" data-category=\"content\" class=\"content-12 content-section content-section-spacing\" id=\"content-1\" style=\"background-color: rgb(255, 255, 255);\"><div  class=\"gridContainer\"> <div  class=\"row text-center\"><div  class=\"section-title-col\" data-type=\"column\">  <h2  class=\"\"><span  style=\"font-weight: 600;\">Objectifs de la formation<\/span><br ><span  style=\"font-weight: 600;\">\n BTS Services Informatiques aux Organisations<\/span><\/h2><h3  class=\"\"><span  style=\"color: rgb(255, 87, 0);\">Option Solutions Logicielles et Applications M\u00e9tiers (BTS SIO option SLAM)<\/span><\/h3><\/div> <\/div> <div  class=\"row center-xs middle-xs\"> <div  class=\"col-sm-9\" data-type=\"column\"><p  class=\"lead\" style=\"text-align: justify;\">Le BTS SIO option SLAM a pour objectif de vous faire d\u00e9couvrir en premi\u00e8re ann\u00e9e, les socles de comp\u00e9tences fondamentales en informatique afin de vous sp\u00e9cialiser en deuxi\u00e8me ann\u00e9e et d\u00e9velopper vos comp\u00e9tences en gestion de projet et participer \u00e0 l\u2019am\u00e9lioration de la qualit\u00e9 de service.<\/p> <\/div> <\/div><\/div> <\/div><div  data-label=\"Counters\" data-id=\"counters--1\" data-export-id=\"counters-1\" data-category=\"counters\" class=\"counters-1 content-section content-section-spacing\" id=\"counters-1\" style=\"background-color: rgb(245, 250, 253);\"><div  class=\"gridContainer\"> <div  class=\"row text-center\"><div  class=\"section-title-col\" data-type=\"column\"> <h2  class=\"\"><span  style=\"font-weight: 600;\">Taux de r\u00e9ussite<\/span><\/h2> <\/div> <\/div> <div  class=\"row spaced-cols\" data-type=\"row\" data-fixed=\"true\"> <div  class=\"col-xs-12 col-sm-4 space-bottom-small col-padding-xs\"> <div  class=\"circle-counter color6\"> <svg  class=\"circle-svg\" viewBox=\"0 0 100 100\"> <circle  r=\"48\" stroke-linecap=\"round\" cx=\"50\" cy=\"50\" fill=\"transparent\" stroke-dasharray=\"301.6\" stroke-dashoffset=\"301.6px\"><\/circle> <circle  class=\"circle-bar\" r=\"48\" stroke-linecap=\"round\" cx=\"50\" cy=\"50\" fill=\"transparent\" stroke-dasharray=\"301.6\" stroke-dashoffset=\"301.6px\" style=\"stroke-dashoffset: 21.1115px;\"><\/circle><\/svg> <div  class=\"circle-content\"><h2  class=\"font-100\" data-min=\"0\" data-max=\"100\" data-stop=\"93\" data-prefix=\"\" data-suffix=\"%\" data-countup=\"true\" data-duration=\"2000\"><\/h2> <p ><span  style=\"color: rgb(52, 58, 64);\">2021<\/span><\/p><\/div> <\/div><\/div>   <div  class=\"col-xs-12 col-sm-4 space-bottom-small col-padding-xs\"> <div  class=\"circle-counter color6\"> <svg  class=\"circle-svg\" viewBox=\"0 0 100 100\"> <circle  r=\"48\" stroke-linecap=\"round\" cx=\"50\" cy=\"50\" fill=\"transparent\" stroke-dasharray=\"301.6\" stroke-dashoffset=\"301.6px\"><\/circle> <circle  class=\"circle-bar\" r=\"48\" stroke-linecap=\"round\" cx=\"50\" cy=\"50\" fill=\"transparent\" stroke-dasharray=\"301.6\" stroke-dashoffset=\"301.6px\" style=\"stroke-dashoffset: 0px;\"><\/circle><\/svg> <div  class=\"circle-content\"><h2  class=\"font-100\" data-min=\"0\" data-max=\"100\" data-stop=\"100\" data-prefix=\"\" data-suffix=\"%\" data-countup=\"true\" data-duration=\"2000\"><\/h2> <p ><span  style=\"color: rgb(52, 58, 64);\">2022<\/span><\/p><\/div> <\/div><\/div><div  class=\"col-xs-12 col-sm-4 space-bottom-small col-padding-xs\"> <div  class=\"circle-counter color27\"> <svg  class=\"circle-svg\" viewBox=\"0 0 100 100\"> <circle  r=\"48\" stroke-linecap=\"round\" cx=\"50\" cy=\"50\" fill=\"transparent\" stroke-dasharray=\"301.6\" stroke-dashoffset=\"301.6px\"><\/circle> <circle  class=\"circle-bar\" r=\"48\" stroke-linecap=\"round\" cx=\"50\" cy=\"50\" fill=\"transparent\" stroke-dasharray=\"301.6\" stroke-dashoffset=\"301.6px\" style=\"stroke-dashoffset: 0px;\"><\/circle><\/svg> <div  class=\"circle-content\"><h2  class=\"font-100\" data-min=\"0\" data-max=\"100\" data-stop=\"100\" data-prefix=\"\" data-suffix=\"%\" data-countup=\"true\" data-duration=\"2000\"><\/h2> <p ><span  style=\"color: rgb(52, 58, 64);\">2023<\/span><\/p><\/div> <\/div><\/div><\/div><\/div> <\/div><div  data-label=\"Overlappable\" data-id=\"overlappable--2\" data-export-id=\"overlappable-4\" data-category=\"overlappable\" class=\"overlappable-4 content-section content-section-spacing\" data-overlap=\"true\" id=\"overlappable-2\" style=\"background-color: rgb(255, 255, 255);\"><div  class=\"gridContainer\"> <div  data-type=\"row\" class=\"row spaced-cols text-center\"><div  class=\"col-xs-12 col-sm-4 col-padding\"> <i  class=\"fa icon shadow-large-black aligncenter fa-clock-o reverse round big color1\"><\/i> <div  data-type=\"column\" class=\"\"> <h5  class=\"\">Dur\u00e9e<\/h5> <p  class=\"\"><span  style=\"color: rgb(60, 66, 79);\">2 ans<\/span><\/p><\/div> <\/div> <div  class=\"col-xs-12 col-sm-4 col-padding\"> <i  class=\"fa icon shadow-large-black aligncenter fa-calendar reverse round big color1\"><\/i> <div  data-type=\"column\" class=\"\"><h5  class=\"\">Rythme<\/h5> <p  class=\"\"><span  style=\"color: rgb(60, 66, 79);\">2 jours en formation\n<\/span><br ><span  style=\"color: rgb(60, 66, 79);\">3 jours en entreprise<\/span><\/p><\/div> <\/div> <div  class=\"col-xs-12 col-sm-4 col-padding\"> <i  class=\"fa icon shadow-large-black aligncenter fa-align-justify reverse round big color1\"><\/i> <div  data-type=\"column\" class=\"\"><h5  class=\"\">Cr\u00e9dits<\/h5> <p  class=\"\"><span  style=\"color: rgb(60, 66, 79);\">120 ECTS<\/span><\/p><\/div> <\/div><div  class=\"col-xs-12 col-sm-4 col-padding\"> <i  class=\"fa icon shadow-large-black aligncenter fa-mortar-board reverse round big color1\"><\/i> <div  data-type=\"column\" class=\"\"> <h5  class=\"\">Accessible apr\u00e8s<\/h5> <p  class=\"\"><span  style=\"color: rgb(60, 66, 79);\">Baccalaur\u00e9at<\/span><\/p><\/div> <\/div><div  class=\"col-xs-12 col-sm-4 col-padding\"> <i  class=\"fa icon shadow-large-black aligncenter fa-building-o reverse round big color1\"><\/i> <div  data-type=\"column\" class=\"\"> <h5  class=\"\">Campus<\/h5> <p  class=\"\"><span  style=\"color: rgb(60, 66, 79); font-weight: 700;\">Dijon Formation\n<\/span><br ><span  style=\"color: rgb(60, 66, 79);\">Accessible aux personnes \u00e0 mobilit\u00e9 r\u00e9duite<\/span><\/p><\/div> <\/div><div  class=\"col-xs-12 col-sm-4 col-padding\"> <i  class=\"fa icon shadow-large-black aligncenter fa-folder reverse round big color1\"><\/i> <div  data-type=\"column\" class=\"\"> <h5  class=\"\">Contrats<\/h5> <p  class=\"\"><span  style=\"color: rgb(60, 66, 79);\">Contrat d\u2019apprentissage\n<\/span><br ><span  style=\"color: rgb(60, 66, 79);\">Contrat de professionnalisation\n<\/span><br ><span  style=\"color: rgb(60, 66, 79);\">PRO A\n<\/span><br ><span  style=\"color: rgb(60, 66, 79);\">CPF<\/span><\/p><\/div> <\/div><\/div> <\/div><\/div><div  data-label=\"Features\" data-id=\"features--1\" data-export-id=\"features-13\" data-category=\"features\" class=\"features-13 content-section content-section-spacing\" id=\"features-1\" style=\"background-color: rgb(255, 255, 255);\"><div  class=\"gridContainer\"> <div  class=\"row text-center\"><div  class=\"section-title-col\" data-type=\"column\">  <\/div> <\/div> <div  class=\"row spaced-cols center-sm content-center-sm\" data-type=\"row\"> <div  class=\"col col-sm-6 col-md-3 space-bottom\"> <i  class=\"fa icon fa-paper-plane bordered round big color1\"><\/i> <h4  class=\"\"><span  style=\"font-weight: 700;\">Comp\u00e9tences vis\u00e9es<\/span><\/h4> <p  class=\"\" style=\"text-align: justify;\">\u2022<span  style=\"color: rgb(60, 66, 79);\"> La d\u00e9finition des sp\u00e9cifications techniques \u00e0 partir de l\u2019expression des besoins des utilisateurs et des contraintes de l\u2019organisation pr\u00e9alablement recens\u00e9s<\/span><br >\u2022<span  style=\"color: rgb(60, 66, 79);\"> La r\u00e9alisation ou l\u2019adaptation puis la validation de solutions applicatives \u00e0 l\u2019aide des environnements de d\u00e9veloppement retenus<\/span><br >\u2022<span  style=\"color: rgb(60, 66, 79);\"> La gestion du patrimoine applicatif<\/span><br >\u2022<span  style=\"color: rgb(60, 66, 79);\"> La r\u00e9daction de la documentation d\u2019une solution applicative et la formation des utilisateurs<\/span><br >\u2022<span  style=\"color: rgb(60, 66, 79);\"> La recherche de r\u00e9ponses adapt\u00e9es \u00e0 des probl\u00e8mes li\u00e9s \u00e0 la fourniture des services informatiques<\/span><br >\u2022<span  style=\"color: rgb(60, 66, 79);\"> L\u2019accompagnement et l\u2019assistance des utilisateurs<\/span><br >\u2022<span  style=\"color: rgb(60, 66, 79);\"> Le maintien de la qualit\u00e9 des services informatiques<\/span><\/p> <\/div> <div  class=\"col col-sm-6 col-md-3 space-bottom\"><i  class=\"fa icon fa-bars bordered round big color1\"><\/i> <h4  class=\"\"><span  style=\"font-weight: 700;\">Programme de formation<\/span><\/h4> <p  class=\"\" style=\"text-align: justify;\">\u2022<span  style=\"color: rgb(60, 66, 79);\"> Culture g\u00e9n\u00e9rale et expression<\/span><br >\u2022<span  style=\"color: rgb(60, 66, 79);\"> Anglais (Langue vivante \u00e9trang\u00e8re\n<\/span><span  style=\"color: rgb(60, 66, 79);\">obligatoire)<\/span><br >\u2022<span  style=\"color: rgb(60, 66, 79);\"> Math\u00e9matiques pour l\u2019informatique<\/span><br >\u2022<span  style=\"color: rgb(60, 66, 79);\"> Analyse \u00e9conomique, manag\u00e9riale et juridique des services informatiques<\/span><br >\u2022<span  style=\"color: rgb(60, 66, 79);\"> Fourniture et production de services<\/span><br >\u2022<span  style=\"color: rgb(60, 66, 79);\"> Conception et maintenance de solutions applicatives<\/span><br >\u2022&nbsp;<span  style=\"color: rgb(60, 66, 79);\"> Gestion du patrimoine informatique<\/span><\/p> <\/div> <div  class=\"col col-sm-6 col-md-3 space-bottom\"><i  class=\"fa icon fa-check-circle bordered round big color1\"><\/i> <h4  class=\"\"><span  style=\"font-weight: 700;\">Modalit\u00e9s d\u2019\u00e9valuation<\/span><\/h4> <p  class=\"\" style=\"text-align: left;\"><span  style=\"color: rgb(60, 66, 79);\">Examen final<\/span><\/p> <\/div> <div  class=\"col col-sm-6 col-md-3 space-bottom\"><i  class=\"fa icon fa-star bordered round big color1\"><\/i> <h4  class=\"\"><span  style=\"font-weight: 700;\">Emplois accessibles<\/span><\/h4> <p  class=\"\" style=\"text-align: justify;\">\u2022<span  style=\"color: rgb(60, 66, 79);\"> Analyste d\u2019applications<\/span><br >\u2022<span  style=\"color: rgb(60, 66, 79);\"> Analyste d\u2019\u00e9tudes<\/span><br >\u2022<span  style=\"color: rgb(60, 66, 79);\"> Charg\u00e9(e) d\u2019\u00e9tudes informatiques<\/span><br >\u2022<span  style=\"color: rgb(60, 66, 79);\"> D\u00e9veloppeur(se) d\u2019applications informatiques<\/span><br >\u2022<span  style=\"color: rgb(60, 66, 79);\"> Informaticien(ne) d\u2019\u00e9tudes Analyste programmeur<\/span><br >\u2022<span  style=\"color: rgb(60, 66, 79);\"> Responsable des services applicatifs<\/span><br >\u2022<span  style=\"color: rgb(60, 66, 79);\"> Technicien(ne) d\u2019\u00e9tudes informatiques<\/span><\/p> <\/div> <\/div><\/div> <\/div><div  data-label=\"Cta\" data-id=\"cta--2\" data-export-id=\"cta-centered-bg-section\" data-category=\"cta\" data-section-ov=\"1\" class=\"cta-centered-bg-section content-section content-section-spacing-medium white-text\" data-parallax-depth=\"20\" id=\"cta-2\" style=\"background-color: rgb(255, 97, 0); background-image: none;\"><div  class=\"gridContainer\"> <div  class=\"row text-center\"><div  data-type=\"column\" class=\"\">  <h3  class=\"\">Pour plus d\u2019informations,\npr\u00e9inscrivez-vous<\/h3><a  class=\"button color-white\" href=\"https:\/\/inscriptions.dijonformation.com\/bienvenue?site=dijon\" target=\"_self\" data-cp-link=\"1\" data-icon=\"\" rel=\"noopener\">Se pr\u00e9inscrire<\/a><\/div> <\/div><\/div> <\/div>","protected":false},"excerpt":{"rendered":"<p>T\u00e9l\u00e9charger la fiche d\u00e9taill\u00e9e de la formation BTS SIO option SLAM T\u00e9l\u00e9charger Objectifs de la formation BTS Services Informatiques aux OrganisationsOption Solutions Logicielles et Applications M\u00e9tiers (BTS SIO option SLAM) Le BTS SIO option SLAM a pour objectif de vous faire d\u00e9couvrir en premi\u00e8re ann\u00e9e, les socles de comp\u00e9tences fondamentales en informatique afin de vous&hellip; <br \/> <a class=\"read-more\" href=\"https:\/\/dijonformation.com\/index.php\/bts-services-informatiques-aux-organisations-option-slam\/\">Read more<\/a><\/p>\n","protected":false},"author":1,"featured_media":0,"parent":0,"menu_order":0,"comment_status":"closed","ping_status":"closed","template":"pro\/page-templates\/full-width-page.php","meta":{"om_disable_all_campaigns":false,"_uf_show_specific_survey":0,"_uf_disable_surveys":false,"footnotes":""},"class_list":["post-656","page","type-page","status-publish","hentry"],"aioseo_notices":[],"yoast_head":"<!-- This site is optimized with the Yoast SEO plugin v26.8 - https:\/\/yoast.com\/product\/yoast-seo-wordpress\/ -->\n<title>BTS SIO option SLAM - Dijon Formation<\/title>\n<meta name=\"description\" content=\"Dijon Formation forme ses Bac+2 au BTS SIO option SLAM et aux secteurs des applications informatiques et r\u00e9seaux.\" \/>\n<meta name=\"robots\" content=\"index, follow, max-snippet:-1, max-image-preview:large, max-video-preview:-1\" \/>\n<link rel=\"canonical\" href=\"https:\/\/dijonformation.com\/index.php\/bts-services-informatiques-aux-organisations-option-slam\/\" \/>\n<meta property=\"og:locale\" content=\"fr_FR\" \/>\n<meta property=\"og:type\" content=\"article\" \/>\n<meta property=\"og:title\" content=\"BTS SIO option SLAM - Dijon Formation\" \/>\n<meta property=\"og:description\" content=\"Dijon Formation forme ses Bac+2 au BTS SIO option SLAM et aux secteurs des applications informatiques et r\u00e9seaux.\" \/>\n<meta property=\"og:url\" content=\"https:\/\/dijonformation.com\/index.php\/bts-services-informatiques-aux-organisations-option-slam\/\" \/>\n<meta property=\"og:site_name\" content=\"Dijon Formation\" \/>\n<meta property=\"article:publisher\" content=\"https:\/\/www.facebook.com\/dijonfo\/\" \/>\n<meta property=\"article:modified_time\" content=\"2025-04-22T11:14:26+00:00\" \/>\n<meta name=\"twitter:card\" content=\"summary_large_image\" \/>\n<meta name=\"twitter:label1\" content=\"Dur\u00e9e de lecture estim\u00e9e\" \/>\n\t<meta name=\"twitter:data1\" content=\"2 minutes\" \/>\n<script type=\"application\/ld+json\" class=\"yoast-schema-graph\">{\"@context\":\"https:\/\/schema.org\",\"@graph\":[{\"@type\":\"WebPage\",\"@id\":\"https:\/\/dijonformation.com\/index.php\/bts-services-informatiques-aux-organisations-option-slam\/\",\"url\":\"https:\/\/dijonformation.com\/index.php\/bts-services-informatiques-aux-organisations-option-slam\/\",\"name\":\"BTS SIO option SLAM - Dijon Formation\",\"isPartOf\":{\"@id\":\"https:\/\/dijonformation.com\/#website\"},\"datePublished\":\"2023-03-21T07:21:23+00:00\",\"dateModified\":\"2025-04-22T11:14:26+00:00\",\"description\":\"Dijon Formation forme ses Bac+2 au BTS SIO option SLAM et aux secteurs des applications informatiques et r\u00e9seaux.\",\"breadcrumb\":{\"@id\":\"https:\/\/dijonformation.com\/index.php\/bts-services-informatiques-aux-organisations-option-slam\/#breadcrumb\"},\"inLanguage\":\"fr-FR\",\"potentialAction\":[{\"@type\":\"ReadAction\",\"target\":[\"https:\/\/dijonformation.com\/index.php\/bts-services-informatiques-aux-organisations-option-slam\/\"]}]},{\"@type\":\"BreadcrumbList\",\"@id\":\"https:\/\/dijonformation.com\/index.php\/bts-services-informatiques-aux-organisations-option-slam\/#breadcrumb\",\"itemListElement\":[{\"@type\":\"ListItem\",\"position\":1,\"name\":\"Accueil\",\"item\":\"https:\/\/dijonformation.com\/\"},{\"@type\":\"ListItem\",\"position\":2,\"name\":\"BTS SIO option SLAM\"}]},{\"@type\":\"WebSite\",\"@id\":\"https:\/\/dijonformation.com\/#website\",\"url\":\"https:\/\/dijonformation.com\/\",\"name\":\"Dijon Formation\",\"description\":\"Dijon Formation l&#039;\u00e9cole sup\u00e9rieure 100% alternance de Bac +2 \u00e0 Bac +5\",\"publisher\":{\"@id\":\"https:\/\/dijonformation.com\/#organization\"},\"potentialAction\":[{\"@type\":\"SearchAction\",\"target\":{\"@type\":\"EntryPoint\",\"urlTemplate\":\"https:\/\/dijonformation.com\/?s={search_term_string}\"},\"query-input\":{\"@type\":\"PropertyValueSpecification\",\"valueRequired\":true,\"valueName\":\"search_term_string\"}}],\"inLanguage\":\"fr-FR\"},{\"@type\":\"Organization\",\"@id\":\"https:\/\/dijonformation.com\/#organization\",\"name\":\"Dijon Formation\",\"url\":\"https:\/\/dijonformation.com\/\",\"logo\":{\"@type\":\"ImageObject\",\"inLanguage\":\"fr-FR\",\"@id\":\"https:\/\/dijonformation.com\/#\/schema\/logo\/image\/\",\"url\":\"https:\/\/dijonformation.com\/wp-content\/uploads\/2024\/03\/cropped-LOGO-SITE-DIJON-ISMACC-1.png\",\"contentUrl\":\"https:\/\/dijonformation.com\/wp-content\/uploads\/2024\/03\/cropped-LOGO-SITE-DIJON-ISMACC-1.png\",\"width\":3248,\"height\":512,\"caption\":\"Dijon Formation\"},\"image\":{\"@id\":\"https:\/\/dijonformation.com\/#\/schema\/logo\/image\/\"},\"sameAs\":[\"https:\/\/www.facebook.com\/dijonfo\/\",\"https:\/\/www.linkedin.com\/company\/dijon-formation\",\"https:\/\/www.instagram.com\/dijon_formation\/\"]}]}<\/script>\n<!-- \/ Yoast SEO plugin. -->","yoast_head_json":{"title":"BTS SIO option SLAM - Dijon Formation","description":"Dijon Formation forme ses Bac+2 au BTS SIO option SLAM et aux secteurs des applications informatiques et r\u00e9seaux.","robots":{"index":"index","follow":"follow","max-snippet":"max-snippet:-1","max-image-preview":"max-image-preview:large","max-video-preview":"max-video-preview:-1"},"canonical":"https:\/\/dijonformation.com\/index.php\/bts-services-informatiques-aux-organisations-option-slam\/","og_locale":"fr_FR","og_type":"article","og_title":"BTS SIO option SLAM - Dijon Formation","og_description":"Dijon Formation forme ses Bac+2 au BTS SIO option SLAM et aux secteurs des applications informatiques et r\u00e9seaux.","og_url":"https:\/\/dijonformation.com\/index.php\/bts-services-informatiques-aux-organisations-option-slam\/","og_site_name":"Dijon Formation","article_publisher":"https:\/\/www.facebook.com\/dijonfo\/","article_modified_time":"2025-04-22T11:14:26+00:00","twitter_card":"summary_large_image","twitter_misc":{"Dur\u00e9e de lecture estim\u00e9e":"2 minutes"},"schema":{"@context":"https:\/\/schema.org","@graph":[{"@type":"WebPage","@id":"https:\/\/dijonformation.com\/index.php\/bts-services-informatiques-aux-organisations-option-slam\/","url":"https:\/\/dijonformation.com\/index.php\/bts-services-informatiques-aux-organisations-option-slam\/","name":"BTS SIO option SLAM - Dijon Formation","isPartOf":{"@id":"https:\/\/dijonformation.com\/#website"},"datePublished":"2023-03-21T07:21:23+00:00","dateModified":"2025-04-22T11:14:26+00:00","description":"Dijon Formation forme ses Bac+2 au BTS SIO option SLAM et aux secteurs des applications informatiques et r\u00e9seaux.","breadcrumb":{"@id":"https:\/\/dijonformation.com\/index.php\/bts-services-informatiques-aux-organisations-option-slam\/#breadcrumb"},"inLanguage":"fr-FR","potentialAction":[{"@type":"ReadAction","target":["https:\/\/dijonformation.com\/index.php\/bts-services-informatiques-aux-organisations-option-slam\/"]}]},{"@type":"BreadcrumbList","@id":"https:\/\/dijonformation.com\/index.php\/bts-services-informatiques-aux-organisations-option-slam\/#breadcrumb","itemListElement":[{"@type":"ListItem","position":1,"name":"Accueil","item":"https:\/\/dijonformation.com\/"},{"@type":"ListItem","position":2,"name":"BTS SIO option SLAM"}]},{"@type":"WebSite","@id":"https:\/\/dijonformation.com\/#website","url":"https:\/\/dijonformation.com\/","name":"Dijon Formation","description":"Dijon Formation l&#039;\u00e9cole sup\u00e9rieure 100% alternance de Bac +2 \u00e0 Bac +5","publisher":{"@id":"https:\/\/dijonformation.com\/#organization"},"potentialAction":[{"@type":"SearchAction","target":{"@type":"EntryPoint","urlTemplate":"https:\/\/dijonformation.com\/?s={search_term_string}"},"query-input":{"@type":"PropertyValueSpecification","valueRequired":true,"valueName":"search_term_string"}}],"inLanguage":"fr-FR"},{"@type":"Organization","@id":"https:\/\/dijonformation.com\/#organization","name":"Dijon Formation","url":"https:\/\/dijonformation.com\/","logo":{"@type":"ImageObject","inLanguage":"fr-FR","@id":"https:\/\/dijonformation.com\/#\/schema\/logo\/image\/","url":"https:\/\/dijonformation.com\/wp-content\/uploads\/2024\/03\/cropped-LOGO-SITE-DIJON-ISMACC-1.png","contentUrl":"https:\/\/dijonformation.com\/wp-content\/uploads\/2024\/03\/cropped-LOGO-SITE-DIJON-ISMACC-1.png","width":3248,"height":512,"caption":"Dijon Formation"},"image":{"@id":"https:\/\/dijonformation.com\/#\/schema\/logo\/image\/"},"sameAs":["https:\/\/www.facebook.com\/dijonfo\/","https:\/\/www.linkedin.com\/company\/dijon-formation","https:\/\/www.instagram.com\/dijon_formation\/"]}]}},"_links":{"self":[{"href":"https:\/\/dijonformation.com\/index.php\/wp-json\/wp\/v2\/pages\/656","targetHints":{"allow":["GET"]}}],"collection":[{"href":"https:\/\/dijonformation.com\/index.php\/wp-json\/wp\/v2\/pages"}],"about":[{"href":"https:\/\/dijonformation.com\/index.php\/wp-json\/wp\/v2\/types\/page"}],"author":[{"embeddable":true,"href":"https:\/\/dijonformation.com\/index.php\/wp-json\/wp\/v2\/users\/1"}],"replies":[{"embeddable":true,"href":"https:\/\/dijonformation.com\/index.php\/wp-json\/wp\/v2\/comments?post=656"}],"version-history":[{"count":32,"href":"https:\/\/dijonformation.com\/index.php\/wp-json\/wp\/v2\/pages\/656\/revisions"}],"predecessor-version":[{"id":5805,"href":"https:\/\/dijonformation.com\/index.php\/wp-json\/wp\/v2\/pages\/656\/revisions\/5805"}],"wp:attachment":[{"href":"https:\/\/dijonformation.com\/index.php\/wp-json\/wp\/v2\/media?parent=656"}],"curies":[{"name":"wp","href":"https:\/\/api.w.org\/{rel}","templated":true}]}}